{"id":704467,"date":"2025-08-27T15:36:09","date_gmt":"2025-08-27T12:36:09","guid":{"rendered":"https:\/\/roveyayinevi.com.tr\/index.php\/urun\/hatti-ve-hitit-uygarliklari-ciltli\/"},"modified":"2026-04-15T02:17:53","modified_gmt":"2026-04-14T23:17:53","slug":"hatti-ve-hitit-uygarliklari-ciltli","status":"publish","type":"product","link":"https:\/\/roveyayinevi.com.tr\/index.php\/urun\/hatti-ve-hitit-uygarliklari-ciltli\/","title":{"rendered":"Hatti ve Hitit Uygarl\u0131klar\u0131 (Ciltli)"},"content":{"rendered":"<p>Hatti ve Hitit Uygarl\u0131klar\u0131 ad\u0131n\u0131 ta\u015f\u0131yan bu kitap, ikonografik analizlere dayanarak geli\u015ftirilen elli y\u0131ll\u0131k bir ara\u015ft\u0131rma \u00fcr\u00fcn\u00fcd\u00fcr. Yazar ele ald\u0131\u011f\u0131 sanat eserlerini s\u00f6z konusu ikonografik analiz y\u00f6ntemi ile incelemekte, b\u00f6ylece onlar\u0131n hangi stil ak\u0131m\u0131n\u0131n, hangi modan\u0131n etkisinde kalm\u0131\u015f olduklar\u0131n\u0131 saptayarak ait olduklar\u0131 d\u00f6nemleri kesin olarak belirleme olana\u011f\u0131n\u0131 bulmaktad\u0131r. Yazar\u0131n 1945&#8217;te Ankara&#8217;da \u00e7\u0131kan Remarques stilistiques sur les reliefs de Malatya ve onun ard\u0131ndan 1949&#8217;da \u0130stanbul&#8217;da bas\u0131lan Sp\u00e4thethitische Bildkunst adl\u0131 eserleri b\u00fcy\u00fck be\u011feni kazand\u0131. Nitekim \u00fcnl\u00fc yay\u0131nevi Hirmer, yazardan Hitit Sanat\u0131 \u00fczerine bir kitap haz\u0131rlamas\u0131n\u0131 istedi. B\u00f6ylece 196l&#8217;de Die Kunst der Hethiter ba\u015fl\u0131kl\u0131 eser, hemen onun ard\u0131ndan The Art of the Hittites (London 1962) ve A\u0131te degli lttiti (Firenze 1962) ciltleri yay\u0131n alan\u0131na girdiler. Bu \u00fc\u00e7 eserin uyand\u0131rd\u0131\u011f\u0131 yeni ve b\u00fcy\u00fck ilgi dolay\u0131s\u0131yla yazara yeni ba\u015fvurular\u0131n yap\u0131lmas\u0131 ile 1966&#8217;da Hitit eserlerinin Hellen sanat\u0131na etkisini ortaya koyan Orient und Okzident ba\u015fl\u0131kl\u0131 ve onun \u0130ngilizce (The Birth of Greek Art, London 1968), Frans\u0131zca (Orient et Occident, Paris 1969) ve \u0130talyanca (Oriente e Occidente, Milano 1969) n\u00fcshalar\u0131 \u00e7\u0131kt\u0131. Ayr\u0131ca ayn\u0131 kitap Amerika&#8217;da The Art of Greece, Its Origins (New York 1968) ad\u0131 alt\u0131nda yay\u0131nland\u0131. \u0130lgi daha da art\u0131nca eserin Almanca Paperback n\u00fcshas\u0131 bas\u0131ld\u0131 (Baden-Baden 1980). <\/p>\n","protected":false},"excerpt":{"rendered":"<p>Hatti ve Hitit Uygarl\u0131klar\u0131 ad\u0131n\u0131 ta\u015f\u0131yan bu kitap, ikonografik analizlere dayanarak geli\u015ftirilen elli y\u0131ll\u0131k bir ara\u015ft\u0131rma \u00fcr\u00fcn\u00fcd\u00fcr. Yazar ele ald\u0131\u011f\u0131 sanat eserlerini s\u00f6z konusu ikonografik analiz<span class=\"excerpt-hellip\"> [\u2026]<\/span><\/p>\n","protected":false},"featured_media":0,"template":"","meta":{"_monsterinsights_skip_tracking":false,"_monsterinsights_sitenote_active":false,"_monsterinsights_sitenote_note":"","_monsterinsights_sitenote_category":0},"product_brand":[],"product_cat":[12312,12304],"product_tag":[],"class_list":{"0":"post-704467","1":"product","2":"type-product","3":"status-publish","5":"product_cat-diger","6":"product_cat-tarih","7":"pa_cilt-ciltli","8":"pa_tur-kitap","9":"pa_yayinevi-phoenix-yayinevi-ozel-urun","10":"pa_yazar-ekrem-akurgal","12":"first","13":"instock","14":"sale","15":"shipping-taxable","16":"purchasable","17":"product-type-simple"},"_links":{"self":[{"href":"https:\/\/roveyayinevi.com.tr\/index.php\/wp-json\/wp\/v2\/product\/704467","targetHints":{"allow":["GET"]}}],"collection":[{"href":"https:\/\/roveyayinevi.com.tr\/index.php\/wp-json\/wp\/v2\/product"}],"about":[{"href":"https:\/\/roveyayinevi.com.tr\/index.php\/wp-json\/wp\/v2\/types\/product"}],"wp:attachment":[{"href":"https:\/\/roveyayinevi.com.tr\/index.php\/wp-json\/wp\/v2\/media?parent=704467"}],"wp:term":[{"taxonomy":"product_brand","embeddable":true,"href":"https:\/\/roveyayinevi.com.tr\/index.php\/wp-json\/wp\/v2\/product_brand?post=704467"},{"taxonomy":"product_cat","embeddable":true,"href":"https:\/\/roveyayinevi.com.tr\/index.php\/wp-json\/wp\/v2\/product_cat?post=704467"},{"taxonomy":"product_tag","embeddable":true,"href":"https:\/\/roveyayinevi.com.tr\/index.php\/wp-json\/wp\/v2\/product_tag?post=704467"}],"curies":[{"name":"wp","href":"https:\/\/api.w.org\/{rel}","templated":true}]}}