{"id":704465,"date":"2025-08-27T15:36:08","date_gmt":"2025-08-27T12:36:08","guid":{"rendered":"https:\/\/roveyayinevi.com.tr\/index.php\/urun\/ekipler-hbrs\/"},"modified":"2026-04-16T02:13:28","modified_gmt":"2026-04-15T23:13:28","slug":"ekipler-hbrs","status":"publish","type":"product","link":"https:\/\/roveyayinevi.com.tr\/index.php\/urun\/ekipler-hbrs\/","title":{"rendered":"Ekipler &#8211; HBR&#8217;S"},"content":{"rendered":"<p>Y\u00fcksek performansl\u0131 gruplar\u0131n kimyas\u0131, art\u0131k bir gizem de\u011fil. \u00d6yleyse neden baz\u0131 ekipler s\u00fcrekli y\u00fcksek performans g\u00f6sterirken, di\u011ferleri s\u0131k\u0131nt\u0131 \u00e7ekiyor? Harvard Business Review\u2019de yay\u0131nlanan en iyi makalelerden olu\u015fan 10 Must Reads dizisinin yeni kitab\u0131 Ekipler, geni\u015f ve motive ekipler kurman\u0131n \u00f6nemini bilenler i\u00e7in kaleme al\u0131nd\u0131.Harika Ekipler Kurman\u0131n Yeni Bilimi- Alex PentlandEkipler Neden Ba\u015far\u0131s\u0131z Olur- J. Richard Hackman ile r\u00f6portajEkiplerin Disiplini- Jon Katzenbach ve Douglas Smith\u0130\u015fbirlik\u00e7i Ekipler Olu\u015fturman\u0131n Sekiz Yolu- Lynda Gratton ve Tamara EricksonK\u00fc\u00e7\u00fck Kazan\u00e7lar\u0131n G\u00fcc\u00fc- Teresa Amabile ve Steven KramerGruplar\u0131n Duygusal Zekas\u0131n\u0131 Olu\u015fturmak- Vanessa Urch Druskat\u00c7ok K\u00fclt\u00fcrl\u00fc Ekipleri Y\u00f6netmek- Jeanne Brett, Kristin BehfarEkipler Ne Zaman Karar Alamazlar?- Bob FrischVirt\u00fc\u00f6z Ekipler- Bill Fischer ve Andy BoyntonY\u00f6netim Ekipleri: Yararl\u0131 Bir \u00c7eki\u015fme Sa\u011flaman\u0131n Yollar\u0131- Kathleen Eisenhardt, \u00d6ean Kahwaily<\/p>\n","protected":false},"excerpt":{"rendered":"<p>Y\u00fcksek performansl\u0131 gruplar\u0131n kimyas\u0131, art\u0131k bir gizem de\u011fil. \u00d6yleyse neden baz\u0131 ekipler s\u00fcrekli y\u00fcksek performans g\u00f6sterirken, di\u011ferleri s\u0131k\u0131nt\u0131 \u00e7ekiyor? Harvard Business Review\u2019de yay\u0131nlanan en iyi makalelerden<span class=\"excerpt-hellip\"> [\u2026]<\/span><\/p>\n","protected":false},"featured_media":0,"template":"","meta":{"_monsterinsights_skip_tracking":false,"_monsterinsights_sitenote_active":false,"_monsterinsights_sitenote_note":"","_monsterinsights_sitenote_category":0},"product_brand":[],"product_cat":[13043,17647],"product_tag":[],"class_list":{"0":"post-704465","1":"product","2":"type-product","3":"status-publish","5":"product_cat-ekonomi","6":"product_cat-is-dunyasi","7":"pa_cilt-ciltsiz","8":"pa_tur-kitap","9":"pa_yayinevi-optimist-yayin-dagitim","10":"pa_yazar-optimist-yayin-dagitim-kolektif","12":"first","13":"instock","14":"sale","15":"shipping-taxable","16":"purchasable","17":"product-type-simple"},"_links":{"self":[{"href":"https:\/\/roveyayinevi.com.tr\/index.php\/wp-json\/wp\/v2\/product\/704465","targetHints":{"allow":["GET"]}}],"collection":[{"href":"https:\/\/roveyayinevi.com.tr\/index.php\/wp-json\/wp\/v2\/product"}],"about":[{"href":"https:\/\/roveyayinevi.com.tr\/index.php\/wp-json\/wp\/v2\/types\/product"}],"wp:attachment":[{"href":"https:\/\/roveyayinevi.com.tr\/index.php\/wp-json\/wp\/v2\/media?parent=704465"}],"wp:term":[{"taxonomy":"product_brand","embeddable":true,"href":"https:\/\/roveyayinevi.com.tr\/index.php\/wp-json\/wp\/v2\/product_brand?post=704465"},{"taxonomy":"product_cat","embeddable":true,"href":"https:\/\/roveyayinevi.com.tr\/index.php\/wp-json\/wp\/v2\/product_cat?post=704465"},{"taxonomy":"product_tag","embeddable":true,"href":"https:\/\/roveyayinevi.com.tr\/index.php\/wp-json\/wp\/v2\/product_tag?post=704465"}],"curies":[{"name":"wp","href":"https:\/\/api.w.org\/{rel}","templated":true}]}}