{"id":704464,"date":"2025-08-27T15:36:08","date_gmt":"2025-08-27T12:36:08","guid":{"rendered":"https:\/\/roveyayinevi.com.tr\/index.php\/urun\/soframda-anadolu-dogu-anadolu-yemekleri\/"},"modified":"2026-04-16T02:13:28","modified_gmt":"2026-04-15T23:13:28","slug":"soframda-anadolu-dogu-anadolu-yemekleri","status":"publish","type":"product","link":"https:\/\/roveyayinevi.com.tr\/index.php\/urun\/soframda-anadolu-dogu-anadolu-yemekleri\/","title":{"rendered":"Soframda Anadolu &#8211; Do\u011fu Anadolu Yemekleri"},"content":{"rendered":"<p>Do\u011fu Anadolu&#8217;da T\u00fcrkmen, K\u00fcrt, Ermeni, Zaza, Azeri, Kafkas k\u00fclt\u00fcrlerinin etkisiyle \u00e7ok zengin bir mutfak g\u00f6r\u00fcl\u00fcr. Temel besin kayna\u011f\u0131 bu\u011fday ve ettir. Tand\u0131r olan evlerde bol miktarda mayal\u0131 hamur ince ince a\u00e7\u0131l\u0131p tand\u0131ra vurularak pi\u015firilir. Haz\u0131rlanan ekmek bir bezin i\u00e7inde bekletilir, hafif \u0131slat\u0131l\u0131r. Kar\u0131n doyurman\u0131n en basit yolu yufka ekme\u011fin i\u00e7ine bir \u015feyleri d\u00fcr\u00fcp yemektir. Sulu haz\u0131rlanan \u00e7o\u011fu yemek ufalanm\u0131\u015f kuru ekme\u011fin \u00fczerine d\u00f6k\u00fcl\u00fcp yenir. Hatta Arapgir&#8217;in ceviz sulusu da, E\u011fin&#8217;in yumurtal\u0131 tiridi de, Kemah&#8217;\u0131n c\u0131v\u0131rlas\u0131 da b\u00f6yle yenir. \ufffcTan\u0131t\u0131m Metni<\/p>\n","protected":false},"excerpt":{"rendered":"<p>Do\u011fu Anadolu&#8217;da T\u00fcrkmen, K\u00fcrt, Ermeni, Zaza, Azeri, Kafkas k\u00fclt\u00fcrlerinin etkisiyle \u00e7ok zengin bir mutfak g\u00f6r\u00fcl\u00fcr. Temel besin kayna\u011f\u0131 bu\u011fday ve ettir. Tand\u0131r olan evlerde bol miktarda<span class=\"excerpt-hellip\"> [\u2026]<\/span><\/p>\n","protected":false},"featured_media":0,"template":"","meta":{"_monsterinsights_skip_tracking":false,"_monsterinsights_sitenote_active":false,"_monsterinsights_sitenote_note":"","_monsterinsights_sitenote_category":0},"product_brand":[],"product_cat":[12458,12457],"product_tag":[],"class_list":{"0":"post-704464","1":"product","2":"type-product","3":"status-publish","5":"product_cat-turk-mutfagi","6":"product_cat-yemek-kitaplari","7":"pa_cilt-ciltli","8":"pa_tur-kitap","9":"pa_yayinevi-alfa-yayinlari","10":"pa_yazar-m-faruk-bayrak","12":"first","13":"instock","14":"sale","15":"shipping-taxable","16":"purchasable","17":"product-type-simple"},"_links":{"self":[{"href":"https:\/\/roveyayinevi.com.tr\/index.php\/wp-json\/wp\/v2\/product\/704464","targetHints":{"allow":["GET"]}}],"collection":[{"href":"https:\/\/roveyayinevi.com.tr\/index.php\/wp-json\/wp\/v2\/product"}],"about":[{"href":"https:\/\/roveyayinevi.com.tr\/index.php\/wp-json\/wp\/v2\/types\/product"}],"wp:attachment":[{"href":"https:\/\/roveyayinevi.com.tr\/index.php\/wp-json\/wp\/v2\/media?parent=704464"}],"wp:term":[{"taxonomy":"product_brand","embeddable":true,"href":"https:\/\/roveyayinevi.com.tr\/index.php\/wp-json\/wp\/v2\/product_brand?post=704464"},{"taxonomy":"product_cat","embeddable":true,"href":"https:\/\/roveyayinevi.com.tr\/index.php\/wp-json\/wp\/v2\/product_cat?post=704464"},{"taxonomy":"product_tag","embeddable":true,"href":"https:\/\/roveyayinevi.com.tr\/index.php\/wp-json\/wp\/v2\/product_tag?post=704464"}],"curies":[{"name":"wp","href":"https:\/\/api.w.org\/{rel}","templated":true}]}}