{"id":704462,"date":"2025-08-27T15:36:07","date_gmt":"2025-08-27T12:36:07","guid":{"rendered":"https:\/\/roveyayinevi.com.tr\/index.php\/urun\/sifresi-cozulmus-bir-yasam\/"},"modified":"2026-04-16T02:13:27","modified_gmt":"2026-04-15T23:13:27","slug":"sifresi-cozulmus-bir-yasam","status":"publish","type":"product","link":"https:\/\/roveyayinevi.com.tr\/index.php\/urun\/sifresi-cozulmus-bir-yasam\/","title":{"rendered":"\u015eifresi \u00c7\u00f6z\u00fclm\u00fc\u015f Bir Ya\u015fam"},"content":{"rendered":"<p>Ne pahas\u0131na olursa olsun sonuna kadar vazge\u00e7emedi\u011fi i\u00e7in Venter\u2019e te\u015fekk\u00fcrler; \u015fimdi O\u2019nun sayesinde t\u00fcm d\u00fcnya, insanl\u0131k denen senfoninin partisyonunu okuyabilir. <\/p>\n","protected":false},"excerpt":{"rendered":"<p>Ne pahas\u0131na olursa olsun sonuna kadar vazge\u00e7emedi\u011fi i\u00e7in Venter\u2019e te\u015fekk\u00fcrler; \u015fimdi O\u2019nun sayesinde t\u00fcm d\u00fcnya, insanl\u0131k denen senfoninin partisyonunu okuyabilir.<\/p>\n","protected":false},"featured_media":0,"template":"","meta":{"_monsterinsights_skip_tracking":false,"_monsterinsights_sitenote_active":false,"_monsterinsights_sitenote_note":"","_monsterinsights_sitenote_category":0},"product_brand":[],"product_cat":[13633,12324],"product_tag":[],"class_list":{"0":"post-704462","1":"product","2":"type-product","3":"status-publish","5":"product_cat-kultur-ve-bilim","6":"product_cat-sosyoloji","7":"pa_tur-kitap","8":"pa_yayinevi-odtu-gelistirme-vakfi-yayincilik","9":"pa_yazar-j-craig-venter","11":"first","12":"instock","13":"sale","14":"shipping-taxable","15":"purchasable","16":"product-type-simple"},"_links":{"self":[{"href":"https:\/\/roveyayinevi.com.tr\/index.php\/wp-json\/wp\/v2\/product\/704462","targetHints":{"allow":["GET"]}}],"collection":[{"href":"https:\/\/roveyayinevi.com.tr\/index.php\/wp-json\/wp\/v2\/product"}],"about":[{"href":"https:\/\/roveyayinevi.com.tr\/index.php\/wp-json\/wp\/v2\/types\/product"}],"wp:attachment":[{"href":"https:\/\/roveyayinevi.com.tr\/index.php\/wp-json\/wp\/v2\/media?parent=704462"}],"wp:term":[{"taxonomy":"product_brand","embeddable":true,"href":"https:\/\/roveyayinevi.com.tr\/index.php\/wp-json\/wp\/v2\/product_brand?post=704462"},{"taxonomy":"product_cat","embeddable":true,"href":"https:\/\/roveyayinevi.com.tr\/index.php\/wp-json\/wp\/v2\/product_cat?post=704462"},{"taxonomy":"product_tag","embeddable":true,"href":"https:\/\/roveyayinevi.com.tr\/index.php\/wp-json\/wp\/v2\/product_tag?post=704462"}],"curies":[{"name":"wp","href":"https:\/\/api.w.org\/{rel}","templated":true}]}}