{"id":704461,"date":"2025-08-27T15:36:07","date_gmt":"2025-08-27T12:36:07","guid":{"rendered":"https:\/\/roveyayinevi.com.tr\/index.php\/urun\/dersimiz-amentu\/"},"modified":"2026-04-16T02:13:27","modified_gmt":"2026-04-15T23:13:27","slug":"dersimiz-amentu","status":"publish","type":"product","link":"https:\/\/roveyayinevi.com.tr\/index.php\/urun\/dersimiz-amentu\/","title":{"rendered":"Dersimiz: Ament\u00fc"},"content":{"rendered":"<p>Merak Ediyorum Dizisi&#8217;nin yazar\u0131ndan sitcom tad\u0131nda bir kitap! Derslerinde toz b\u00f6cekleri gezinen, japon bal\u0131klar\u0131 y\u00fczen, ejderhalar dola\u015fan, k\u0131rlang\u0131\u00e7lar u\u00e7an hem \u00e7ok yepisyeni, hem \u00e7ok s\u0131ra d\u0131\u015f\u0131 bir \u00f6\u011fretmen ve m\u00fcthi\u015f 5-A s\u0131n\u0131f\u0131 ile tan\u0131\u015f\u0131n! <\/p>\n","protected":false},"excerpt":{"rendered":"<p>Merak Ediyorum Dizisi&#8217;nin yazar\u0131ndan sitcom tad\u0131nda bir kitap! Derslerinde toz b\u00f6cekleri gezinen, japon bal\u0131klar\u0131 y\u00fczen, ejderhalar dola\u015fan, k\u0131rlang\u0131\u00e7lar u\u00e7an hem \u00e7ok yepisyeni, hem \u00e7ok s\u0131ra d\u0131\u015f\u0131<span class=\"excerpt-hellip\"> [\u2026]<\/span><\/p>\n","protected":false},"featured_media":0,"template":"","meta":{"_monsterinsights_skip_tracking":false,"_monsterinsights_sitenote_active":false,"_monsterinsights_sitenote_note":"","_monsterinsights_sitenote_category":0},"product_brand":[],"product_cat":[12274,12284],"product_tag":[],"class_list":{"0":"post-704461","1":"product","2":"type-product","3":"status-publish","5":"product_cat-cocuk-ve-genclik-kitaplari","6":"product_cat-hikayeler","7":"pa_tur-kitap","8":"pa_yayinevi-ugurbocegi-yayinlari","9":"pa_yazar-ozkan-oze","11":"first","12":"instock","13":"sale","14":"shipping-taxable","15":"purchasable","16":"product-type-simple"},"_links":{"self":[{"href":"https:\/\/roveyayinevi.com.tr\/index.php\/wp-json\/wp\/v2\/product\/704461","targetHints":{"allow":["GET"]}}],"collection":[{"href":"https:\/\/roveyayinevi.com.tr\/index.php\/wp-json\/wp\/v2\/product"}],"about":[{"href":"https:\/\/roveyayinevi.com.tr\/index.php\/wp-json\/wp\/v2\/types\/product"}],"wp:attachment":[{"href":"https:\/\/roveyayinevi.com.tr\/index.php\/wp-json\/wp\/v2\/media?parent=704461"}],"wp:term":[{"taxonomy":"product_brand","embeddable":true,"href":"https:\/\/roveyayinevi.com.tr\/index.php\/wp-json\/wp\/v2\/product_brand?post=704461"},{"taxonomy":"product_cat","embeddable":true,"href":"https:\/\/roveyayinevi.com.tr\/index.php\/wp-json\/wp\/v2\/product_cat?post=704461"},{"taxonomy":"product_tag","embeddable":true,"href":"https:\/\/roveyayinevi.com.tr\/index.php\/wp-json\/wp\/v2\/product_tag?post=704461"}],"curies":[{"name":"wp","href":"https:\/\/api.w.org\/{rel}","templated":true}]}}