{"id":704458,"date":"2025-08-27T15:36:05","date_gmt":"2025-08-27T12:36:05","guid":{"rendered":"https:\/\/roveyayinevi.com.tr\/index.php\/urun\/dede-korkut-hikayeleri-10\/"},"modified":"2026-04-16T02:13:27","modified_gmt":"2026-04-15T23:13:27","slug":"dede-korkut-hikayeleri-10","status":"publish","type":"product","link":"https:\/\/roveyayinevi.com.tr\/index.php\/urun\/dede-korkut-hikayeleri-10\/","title":{"rendered":"Dede Korkut Hikayeleri"},"content":{"rendered":"<p>Ulusal destan\u0131m\u0131z\u0131n kayna\u011f\u0131 say\u0131lan ve dilimizin en g\u00fczel yap\u0131tlar\u0131ndan biri olan Dede Korkut Hikayeleri severek okuyaca\u011f\u0131n\u0131z bir anlat\u0131mla yeniden haz\u0131rland\u0131. \u00c7ocuklar, gen\u00e7ler ve b\u00fcy\u00fckler i\u00e7in\u2026 <\/p>\n","protected":false},"excerpt":{"rendered":"<p>Ulusal destan\u0131m\u0131z\u0131n kayna\u011f\u0131 say\u0131lan ve dilimizin en g\u00fczel yap\u0131tlar\u0131ndan biri olan Dede Korkut Hikayeleri severek okuyaca\u011f\u0131n\u0131z bir anlat\u0131mla yeniden haz\u0131rland\u0131. \u00c7ocuklar, gen\u00e7ler ve b\u00fcy\u00fckler i\u00e7in\u2026<\/p>\n","protected":false},"featured_media":0,"template":"","meta":{"_monsterinsights_skip_tracking":false,"_monsterinsights_sitenote_active":false,"_monsterinsights_sitenote_note":"","_monsterinsights_sitenote_category":0},"product_brand":[],"product_cat":[12274,12284],"product_tag":[],"class_list":{"0":"post-704458","1":"product","2":"type-product","3":"status-publish","5":"product_cat-cocuk-ve-genclik-kitaplari","6":"product_cat-hikayeler","7":"pa_cilt-ciltsiz","8":"pa_tur-kitap","9":"pa_yayinevi-bilgi-yayinevi-cocuk","10":"pa_yazar-kolektif","12":"first","13":"instock","14":"sale","15":"shipping-taxable","16":"purchasable","17":"product-type-simple"},"_links":{"self":[{"href":"https:\/\/roveyayinevi.com.tr\/index.php\/wp-json\/wp\/v2\/product\/704458","targetHints":{"allow":["GET"]}}],"collection":[{"href":"https:\/\/roveyayinevi.com.tr\/index.php\/wp-json\/wp\/v2\/product"}],"about":[{"href":"https:\/\/roveyayinevi.com.tr\/index.php\/wp-json\/wp\/v2\/types\/product"}],"wp:attachment":[{"href":"https:\/\/roveyayinevi.com.tr\/index.php\/wp-json\/wp\/v2\/media?parent=704458"}],"wp:term":[{"taxonomy":"product_brand","embeddable":true,"href":"https:\/\/roveyayinevi.com.tr\/index.php\/wp-json\/wp\/v2\/product_brand?post=704458"},{"taxonomy":"product_cat","embeddable":true,"href":"https:\/\/roveyayinevi.com.tr\/index.php\/wp-json\/wp\/v2\/product_cat?post=704458"},{"taxonomy":"product_tag","embeddable":true,"href":"https:\/\/roveyayinevi.com.tr\/index.php\/wp-json\/wp\/v2\/product_tag?post=704458"}],"curies":[{"name":"wp","href":"https:\/\/api.w.org\/{rel}","templated":true}]}}