{"id":704456,"date":"2025-08-27T15:36:05","date_gmt":"2025-08-27T12:36:05","guid":{"rendered":"https:\/\/roveyayinevi.com.tr\/index.php\/urun\/kardan-adam\/"},"modified":"2026-04-16T02:13:27","modified_gmt":"2026-04-15T23:13:27","slug":"kardan-adam","status":"publish","type":"product","link":"https:\/\/roveyayinevi.com.tr\/index.php\/urun\/kardan-adam\/","title":{"rendered":"Kardan Adam"},"content":{"rendered":"<p>Y\u0131l\u0131n ilk kar\u0131 ya\u011fm\u0131\u015ft\u0131r. Jonas gece yar\u0131s\u0131 uyand\u0131\u011f\u0131nda annesini evde bulamaz. Ondan geriye sadece bir iz kalm\u0131\u015ft\u0131r: Bah\u00e7ede kendili\u011finden belirmi\u015f bir kardan adam\u0131n boynuna sar\u0131l\u0131 duran pembe bir atk\u0131. Jonas\u2019\u0131n annesine hediye etti\u011fi atk\u0131\u2026 \ufffcTan\u0131t\u0131m Metni<\/p>\n","protected":false},"excerpt":{"rendered":"<p>Y\u0131l\u0131n ilk kar\u0131 ya\u011fm\u0131\u015ft\u0131r. Jonas gece yar\u0131s\u0131 uyand\u0131\u011f\u0131nda annesini evde bulamaz. Ondan geriye sadece bir iz kalm\u0131\u015ft\u0131r: Bah\u00e7ede kendili\u011finden belirmi\u015f bir kardan adam\u0131n boynuna sar\u0131l\u0131 duran<span class=\"excerpt-hellip\"> [\u2026]<\/span><\/p>\n","protected":false},"featured_media":0,"template":"","meta":{"_monsterinsights_skip_tracking":false,"_monsterinsights_sitenote_active":false,"_monsterinsights_sitenote_note":"","_monsterinsights_sitenote_category":0},"product_brand":[],"product_cat":[12291,12711],"product_tag":[],"class_list":{"0":"post-704456","1":"product","2":"type-product","3":"status-publish","5":"product_cat-edebiyat","6":"product_cat-roman-oyku","7":"pa_cilt-ciltsiz","8":"pa_tur-kitap","9":"pa_yayinevi-dogan-kitap","10":"pa_yazar-jo-nesbo","12":"first","13":"instock","14":"sale","15":"shipping-taxable","16":"purchasable","17":"product-type-simple"},"_links":{"self":[{"href":"https:\/\/roveyayinevi.com.tr\/index.php\/wp-json\/wp\/v2\/product\/704456","targetHints":{"allow":["GET"]}}],"collection":[{"href":"https:\/\/roveyayinevi.com.tr\/index.php\/wp-json\/wp\/v2\/product"}],"about":[{"href":"https:\/\/roveyayinevi.com.tr\/index.php\/wp-json\/wp\/v2\/types\/product"}],"wp:attachment":[{"href":"https:\/\/roveyayinevi.com.tr\/index.php\/wp-json\/wp\/v2\/media?parent=704456"}],"wp:term":[{"taxonomy":"product_brand","embeddable":true,"href":"https:\/\/roveyayinevi.com.tr\/index.php\/wp-json\/wp\/v2\/product_brand?post=704456"},{"taxonomy":"product_cat","embeddable":true,"href":"https:\/\/roveyayinevi.com.tr\/index.php\/wp-json\/wp\/v2\/product_cat?post=704456"},{"taxonomy":"product_tag","embeddable":true,"href":"https:\/\/roveyayinevi.com.tr\/index.php\/wp-json\/wp\/v2\/product_tag?post=704456"}],"curies":[{"name":"wp","href":"https:\/\/api.w.org\/{rel}","templated":true}]}}