{"id":704455,"date":"2025-08-27T15:36:04","date_gmt":"2025-08-27T12:36:04","guid":{"rendered":"https:\/\/roveyayinevi.com.tr\/index.php\/urun\/okul-oncesi-ilkokul-benim-akil-kupu-yavrum\/"},"modified":"2026-04-16T02:13:27","modified_gmt":"2026-04-15T23:13:27","slug":"okul-oncesi-ilkokul-benim-akil-kupu-yavrum","status":"publish","type":"product","link":"https:\/\/roveyayinevi.com.tr\/index.php\/urun\/okul-oncesi-ilkokul-benim-akil-kupu-yavrum\/","title":{"rendered":"Okul \u00d6ncesi \u0130lkokul &#8211; Benim Ak\u0131l K\u00fcp\u00fc Yavrum"},"content":{"rendered":"<p>\u201cBenim Ak\u0131l K\u00fcp\u00fc Yavrum\u201d isimli dikkat zek\u00e2 kitaplar\u0131m\u0131z, \u00e7ocuklar\u0131m\u0131z\u0131n dikkatini g\u00fc\u00e7lendirmek amac\u0131yla haz\u0131rlanm\u0131\u015f olup, bu \u00e7al\u0131\u015fmalar\u0131m\u0131zla \u00f6\u011frenmeye en a\u00e7\u0131k olduklar\u0131 \u201cOkul \u00d6ncesi ve \u0130lkokul\u201d y\u0131llar\u0131nda ba\u015far\u0131y\u0131 tatmalar\u0131, tatt\u0131k\u00e7a da \u00f6\u011frenmeye kar\u015f\u0131 motive olmalar\u0131 hedeflenmi\u015ftir. \ufffcTan\u0131t\u0131m Metni<\/p>\n","protected":false},"excerpt":{"rendered":"<p>\u201cBenim Ak\u0131l K\u00fcp\u00fc Yavrum\u201d isimli dikkat zek\u00e2 kitaplar\u0131m\u0131z, \u00e7ocuklar\u0131m\u0131z\u0131n dikkatini g\u00fc\u00e7lendirmek amac\u0131yla haz\u0131rlanm\u0131\u015f olup, bu \u00e7al\u0131\u015fmalar\u0131m\u0131zla \u00f6\u011frenmeye en a\u00e7\u0131k olduklar\u0131 \u201cOkul \u00d6ncesi ve \u0130lkokul\u201d y\u0131llar\u0131nda ba\u015far\u0131y\u0131<span class=\"excerpt-hellip\"> [\u2026]<\/span><\/p>\n","protected":false},"featured_media":0,"template":"","meta":{"_monsterinsights_skip_tracking":false,"_monsterinsights_sitenote_active":false,"_monsterinsights_sitenote_note":"","_monsterinsights_sitenote_category":0},"product_brand":[],"product_cat":[12274,24599],"product_tag":[],"class_list":{"0":"post-704455","1":"product","2":"type-product","3":"status-publish","5":"product_cat-cocuk-ve-genclik-kitaplari","6":"product_cat-zeka-gelisimi","7":"pa_tur-kitap","8":"pa_yayinevi-cinaralti-yayinlari","9":"pa_yazar-zekeriya-guter","11":"first","12":"instock","13":"sale","14":"shipping-taxable","15":"purchasable","16":"product-type-simple"},"_links":{"self":[{"href":"https:\/\/roveyayinevi.com.tr\/index.php\/wp-json\/wp\/v2\/product\/704455","targetHints":{"allow":["GET"]}}],"collection":[{"href":"https:\/\/roveyayinevi.com.tr\/index.php\/wp-json\/wp\/v2\/product"}],"about":[{"href":"https:\/\/roveyayinevi.com.tr\/index.php\/wp-json\/wp\/v2\/types\/product"}],"wp:attachment":[{"href":"https:\/\/roveyayinevi.com.tr\/index.php\/wp-json\/wp\/v2\/media?parent=704455"}],"wp:term":[{"taxonomy":"product_brand","embeddable":true,"href":"https:\/\/roveyayinevi.com.tr\/index.php\/wp-json\/wp\/v2\/product_brand?post=704455"},{"taxonomy":"product_cat","embeddable":true,"href":"https:\/\/roveyayinevi.com.tr\/index.php\/wp-json\/wp\/v2\/product_cat?post=704455"},{"taxonomy":"product_tag","embeddable":true,"href":"https:\/\/roveyayinevi.com.tr\/index.php\/wp-json\/wp\/v2\/product_tag?post=704455"}],"curies":[{"name":"wp","href":"https:\/\/api.w.org\/{rel}","templated":true}]}}