{"id":704448,"date":"2025-08-27T15:36:02","date_gmt":"2025-08-27T12:36:02","guid":{"rendered":"https:\/\/roveyayinevi.com.tr\/index.php\/urun\/meslekler-tarihi\/"},"modified":"2026-04-16T02:13:27","modified_gmt":"2026-04-15T23:13:27","slug":"meslekler-tarihi","status":"publish","type":"product","link":"https:\/\/roveyayinevi.com.tr\/index.php\/urun\/meslekler-tarihi\/","title":{"rendered":"Meslekler Tarihi"},"content":{"rendered":"<p>Mesleklerin ortaya \u00e7\u0131k\u0131\u015f\u0131, insano\u011flunun k\u00fc\u00e7\u00fck topluluklar halinde ya\u015famaya ba\u015flad\u0131\u011f\u0131 g\u00fcnlerden bu yana giderek kalabal\u0131kla\u015fan toplumlar\u0131n olu\u015fumundaki temel ta\u015flardan birini olu\u015fturur. Mesleklerin k\u00f6keni tanr\u0131lara dek uzan\u0131r, efsanelere g\u00f6re insano\u011fluna meslekleri \u00f6\u011fretenler de tanr\u0131lar olmu\u015ftu. <\/p>\n","protected":false},"excerpt":{"rendered":"<p>Mesleklerin ortaya \u00e7\u0131k\u0131\u015f\u0131, insano\u011flunun k\u00fc\u00e7\u00fck topluluklar halinde ya\u015famaya ba\u015flad\u0131\u011f\u0131 g\u00fcnlerden bu yana giderek kalabal\u0131kla\u015fan toplumlar\u0131n olu\u015fumundaki temel ta\u015flardan birini olu\u015fturur. Mesleklerin k\u00f6keni tanr\u0131lara dek uzan\u0131r, efsanelere<span class=\"excerpt-hellip\"> [\u2026]<\/span><\/p>\n","protected":false},"featured_media":0,"template":"","meta":{"_monsterinsights_skip_tracking":false,"_monsterinsights_sitenote_active":false,"_monsterinsights_sitenote_note":"","_monsterinsights_sitenote_category":0},"product_brand":[],"product_cat":[20039,13488],"product_tag":[],"class_list":{"0":"post-704448","1":"product","2":"type-product","3":"status-publish","5":"product_cat-kultur-tarihi","6":"product_cat-toplum-ve-insan","7":"pa_cilt-ciltsiz","8":"pa_tur-kitap","9":"pa_yayinevi-inkilap-kitabevi","10":"pa_yazar-zeki-tez","12":"first","13":"instock","14":"sale","15":"shipping-taxable","16":"purchasable","17":"product-type-simple"},"_links":{"self":[{"href":"https:\/\/roveyayinevi.com.tr\/index.php\/wp-json\/wp\/v2\/product\/704448","targetHints":{"allow":["GET"]}}],"collection":[{"href":"https:\/\/roveyayinevi.com.tr\/index.php\/wp-json\/wp\/v2\/product"}],"about":[{"href":"https:\/\/roveyayinevi.com.tr\/index.php\/wp-json\/wp\/v2\/types\/product"}],"wp:attachment":[{"href":"https:\/\/roveyayinevi.com.tr\/index.php\/wp-json\/wp\/v2\/media?parent=704448"}],"wp:term":[{"taxonomy":"product_brand","embeddable":true,"href":"https:\/\/roveyayinevi.com.tr\/index.php\/wp-json\/wp\/v2\/product_brand?post=704448"},{"taxonomy":"product_cat","embeddable":true,"href":"https:\/\/roveyayinevi.com.tr\/index.php\/wp-json\/wp\/v2\/product_cat?post=704448"},{"taxonomy":"product_tag","embeddable":true,"href":"https:\/\/roveyayinevi.com.tr\/index.php\/wp-json\/wp\/v2\/product_tag?post=704448"}],"curies":[{"name":"wp","href":"https:\/\/api.w.org\/{rel}","templated":true}]}}