{"id":704447,"date":"2025-08-27T15:36:02","date_gmt":"2025-08-27T12:36:02","guid":{"rendered":"https:\/\/roveyayinevi.com.tr\/index.php\/urun\/kibrista-mizah-gazetesi-gunumuz-turkcesine-aktarilmasi-ve-degerlendirilmesi-akbaba\/"},"modified":"2026-04-16T02:13:27","modified_gmt":"2026-04-15T23:13:27","slug":"kibrista-mizah-gazetesi-gunumuz-turkcesine-aktarilmasi-ve-degerlendirilmesi-akbaba","status":"publish","type":"product","link":"https:\/\/roveyayinevi.com.tr\/index.php\/urun\/kibrista-mizah-gazetesi-gunumuz-turkcesine-aktarilmasi-ve-degerlendirilmesi-akbaba\/","title":{"rendered":"K\u0131br\u0131s\u2019ta Mizah Gazetesi (G\u00fcn\u00fcm\u00fcz T\u00fcrk\u00e7esine Aktar\u0131lmas\u0131 ve De\u011ferlendirilmesi) Akbaba"},"content":{"rendered":"<p>1.B\u00f6l\u00fcm :Bas\u0131n ve K\u0131br\u0131s1.Kitle \u0130leti\u015fim Arac\u0131 Olarak Bas\u0131n\u0131n Evrimle\u015fme S\u00fcreci2.Osmanl\u0131larda Matbuat\u0131n Do\u011fu\u015fu ve Bas\u0131n Tarihi ile \u0130lgili Geli\u015fmeler3.Mizah Kavram\u0131n\u0131n Ge\u00e7mi\u015fi ve Siyasetle \u0130li\u015fkisi4.K\u0131br\u0131s\u2019ta T\u00fcrk Bas\u0131n Tarihinin Geli\u015fim Seyri ve Muhteva Analizi2.B\u00d6L\u00dcM :Akbaba Gazetesi\u2019nin \u015eekli ve Analitik \u00d6zellikleri1.Akbaba Gazetesi\u2019nin Genel \u00d6zellikleri2.Akbaba Gazetesi\u2019nin Niceliksel \u00d6zellikleri3.Akbaba Gazetesi\u2019nin Niteliksel \u00d6zellikleri3.B\u00d6L\u00dcM : Akbaba Gazetesi\u2019nin G\u00fcn\u00fcm\u00fcz T\u00fcrk\u00e7esi\u2019ne Aktar\u0131m\u01311.Akbaba Gazetesi\u2019nin G\u00fcn\u00fcm\u00fcz T\u00fcrk\u00e7esi\u2019ne Birebir Aktar\u0131m\u01314.B\u00d6L\u00dcM :Akbaba Gazetesi\u2019nin \u0130\u00e7erik Analizi1.Akbaba Gazetesi\u2019nin \u0130\u00e7eri\u011fine Dair Genel Bir De\u011ferlendirme2.Akbaba Gazetesi\u2019nin \u0130\u00e7erik Analizine Y\u00f6nelik Birtak\u0131m De\u011ferlendirmeler3.Akbaba Gazetesi\u2019ne Y\u00f6nelik S\u00f6ylem ve \u0130\u00e7erik Analizi <\/p>\n","protected":false},"excerpt":{"rendered":"<p>1.B\u00f6l\u00fcm :Bas\u0131n ve K\u0131br\u0131s1.Kitle \u0130leti\u015fim Arac\u0131 Olarak Bas\u0131n\u0131n Evrimle\u015fme S\u00fcreci2.Osmanl\u0131larda Matbuat\u0131n Do\u011fu\u015fu ve Bas\u0131n Tarihi ile \u0130lgili Geli\u015fmeler3.Mizah Kavram\u0131n\u0131n Ge\u00e7mi\u015fi ve Siyasetle \u0130li\u015fkisi4.K\u0131br\u0131s\u2019ta T\u00fcrk Bas\u0131n Tarihinin<span class=\"excerpt-hellip\"> [\u2026]<\/span><\/p>\n","protected":false},"featured_media":0,"template":"","meta":{"_monsterinsights_skip_tracking":false,"_monsterinsights_sitenote_active":false,"_monsterinsights_sitenote_note":"","_monsterinsights_sitenote_category":0},"product_brand":[],"product_cat":[13590,12337],"product_tag":[],"class_list":{"0":"post-704447","1":"product","2":"type-product","3":"status-publish","5":"product_cat-arastirma-inceleme-politika-siyaset","6":"product_cat-politika-siyaset","7":"pa_cilt-ciltsiz","8":"pa_tur-kitap","9":"pa_yayinevi-gazi-kitabevi","10":"pa_yazar-soyalp-tamcelik","12":"first","13":"instock","14":"sale","15":"shipping-taxable","16":"purchasable","17":"product-type-simple"},"_links":{"self":[{"href":"https:\/\/roveyayinevi.com.tr\/index.php\/wp-json\/wp\/v2\/product\/704447","targetHints":{"allow":["GET"]}}],"collection":[{"href":"https:\/\/roveyayinevi.com.tr\/index.php\/wp-json\/wp\/v2\/product"}],"about":[{"href":"https:\/\/roveyayinevi.com.tr\/index.php\/wp-json\/wp\/v2\/types\/product"}],"wp:attachment":[{"href":"https:\/\/roveyayinevi.com.tr\/index.php\/wp-json\/wp\/v2\/media?parent=704447"}],"wp:term":[{"taxonomy":"product_brand","embeddable":true,"href":"https:\/\/roveyayinevi.com.tr\/index.php\/wp-json\/wp\/v2\/product_brand?post=704447"},{"taxonomy":"product_cat","embeddable":true,"href":"https:\/\/roveyayinevi.com.tr\/index.php\/wp-json\/wp\/v2\/product_cat?post=704447"},{"taxonomy":"product_tag","embeddable":true,"href":"https:\/\/roveyayinevi.com.tr\/index.php\/wp-json\/wp\/v2\/product_tag?post=704447"}],"curies":[{"name":"wp","href":"https:\/\/api.w.org\/{rel}","templated":true}]}}