{"id":704443,"date":"2025-08-27T15:36:00","date_gmt":"2025-08-27T12:36:00","guid":{"rendered":"https:\/\/roveyayinevi.com.tr\/index.php\/urun\/istemesini-bilirsen-rabbin-gonlundekini-verecek\/"},"modified":"2026-04-16T02:13:27","modified_gmt":"2026-04-15T23:13:27","slug":"istemesini-bilirsen-rabbin-gonlundekini-verecek","status":"publish","type":"product","link":"https:\/\/roveyayinevi.com.tr\/index.php\/urun\/istemesini-bilirsen-rabbin-gonlundekini-verecek\/","title":{"rendered":"\u0130stemesini Bilirsen Rabbin G\u00f6nl\u00fcndekini Verecek"},"content":{"rendered":"<p>Mavi bir g\u00fczellikti secde&#8230; Kaybolmak, yok olmak, b\u0131rakmak&#8230; <\/p>\n","protected":false},"excerpt":{"rendered":"<p>Mavi bir g\u00fczellikti secde&#8230; Kaybolmak, yok olmak, b\u0131rakmak&#8230;<\/p>\n","protected":false},"featured_media":0,"template":"","meta":{"_monsterinsights_skip_tracking":false,"_monsterinsights_sitenote_active":false,"_monsterinsights_sitenote_note":"","_monsterinsights_sitenote_category":0},"product_brand":[],"product_cat":[12718,12719,12720],"product_tag":[],"class_list":{"0":"post-704443","1":"product","2":"type-product","3":"status-publish","5":"product_cat-din","6":"product_cat-islam","7":"product_cat-tasavvuf-mezhepler-tarikatlar","8":"pa_tur-kitap","9":"pa_yayinevi-nesil-yayinlari","10":"pa_yazar-oguzhan-gurhani","12":"first","13":"instock","14":"sale","15":"shipping-taxable","16":"purchasable","17":"product-type-simple"},"_links":{"self":[{"href":"https:\/\/roveyayinevi.com.tr\/index.php\/wp-json\/wp\/v2\/product\/704443","targetHints":{"allow":["GET"]}}],"collection":[{"href":"https:\/\/roveyayinevi.com.tr\/index.php\/wp-json\/wp\/v2\/product"}],"about":[{"href":"https:\/\/roveyayinevi.com.tr\/index.php\/wp-json\/wp\/v2\/types\/product"}],"wp:attachment":[{"href":"https:\/\/roveyayinevi.com.tr\/index.php\/wp-json\/wp\/v2\/media?parent=704443"}],"wp:term":[{"taxonomy":"product_brand","embeddable":true,"href":"https:\/\/roveyayinevi.com.tr\/index.php\/wp-json\/wp\/v2\/product_brand?post=704443"},{"taxonomy":"product_cat","embeddable":true,"href":"https:\/\/roveyayinevi.com.tr\/index.php\/wp-json\/wp\/v2\/product_cat?post=704443"},{"taxonomy":"product_tag","embeddable":true,"href":"https:\/\/roveyayinevi.com.tr\/index.php\/wp-json\/wp\/v2\/product_tag?post=704443"}],"curies":[{"name":"wp","href":"https:\/\/api.w.org\/{rel}","templated":true}]}}