{"id":704436,"date":"2025-08-27T15:35:10","date_gmt":"2025-08-27T12:35:10","guid":{"rendered":"https:\/\/roveyayinevi.com.tr\/index.php\/urun\/teonun-can-sikintisi-kitabi\/"},"modified":"2026-04-16T02:13:27","modified_gmt":"2026-04-15T23:13:27","slug":"teonun-can-sikintisi-kitabi","status":"publish","type":"product","link":"https:\/\/roveyayinevi.com.tr\/index.php\/urun\/teonun-can-sikintisi-kitabi\/","title":{"rendered":"Teo\u2019nun Can S\u0131k\u0131nt\u0131s\u0131 Kitab\u0131"},"content":{"rendered":"<p>Madalyon Psikiyatri Merkezi taraf\u0131ndan onaylanan, uzman psikologlar\u0131n \u00e7ocuk yeti\u015ftiren herkese \u00f6nerdi\u011fi benzersiz bir dizi&#8230;Ya\u011fmur Artukma\u00e7 ve Psikolog Hande Ayd\u0131n&#8217;\u0131n yaz\u0131p Nurbanu Asena&#8217;n\u0131n resimledi\u011fi Teo&#8217;nun Can S\u0131k\u0131nt\u0131s\u0131 Kitab\u0131, can s\u0131k\u0131nt\u0131s\u0131 \u015fik\u00e2yeti olan \u00e7ocuklar i\u00e7in haz\u0131rlanm\u0131\u015f hazine de\u011ferinde bir yard\u0131mc\u0131 kitap. \u00c7ocuklar\u0131n\u0131zla birlikte okuman\u0131z i\u00e7in haz\u0131rlanm\u0131\u015f  ve rengarenk resimlerle bezenmi\u015f bu hik\u00e2ye kitab\u0131 k\u0131zarak, uyararak de\u011fil empati yaparak ve oyun oynayarak \u00e7ocuklar\u0131n\u0131z\u0131n hem daha g\u00fczel vakit  ge\u00e7irmesini hem de daha sosyal olmas\u0131n\u0131 sa\u011flayacak taktikler sunuyor.Verdi\u011fi taktikler ve pratik \u00f6nerilerle  ebeveynlerin elinden d\u00fc\u015fmeyecek bir eser.<\/p>\n","protected":false},"excerpt":{"rendered":"<p>Madalyon Psikiyatri Merkezi taraf\u0131ndan onaylanan, uzman psikologlar\u0131n \u00e7ocuk yeti\u015ftiren herkese \u00f6nerdi\u011fi benzersiz bir dizi&#8230;Ya\u011fmur Artukma\u00e7 ve Psikolog Hande Ayd\u0131n&#8217;\u0131n yaz\u0131p Nurbanu Asena&#8217;n\u0131n resimledi\u011fi Teo&#8217;nun Can S\u0131k\u0131nt\u0131s\u0131<span class=\"excerpt-hellip\"> [\u2026]<\/span><\/p>\n","protected":false},"featured_media":0,"template":"","meta":{"_monsterinsights_skip_tracking":false,"_monsterinsights_sitenote_active":false,"_monsterinsights_sitenote_note":"","_monsterinsights_sitenote_category":0},"product_brand":[],"product_cat":[12275,12274],"product_tag":[],"class_list":{"0":"post-704436","1":"product","2":"type-product","3":"status-publish","5":"product_cat-6-12-yas-kitaplari","6":"product_cat-cocuk-ve-genclik-kitaplari","7":"pa_cilt-ciltsiz","8":"pa_tur-kitap","9":"pa_yayinevi-bilgi-yayinevi-cocuk","10":"pa_yazar-yagmur-artukmac","12":"first","13":"instock","14":"sale","15":"shipping-taxable","16":"purchasable","17":"product-type-simple"},"_links":{"self":[{"href":"https:\/\/roveyayinevi.com.tr\/index.php\/wp-json\/wp\/v2\/product\/704436","targetHints":{"allow":["GET"]}}],"collection":[{"href":"https:\/\/roveyayinevi.com.tr\/index.php\/wp-json\/wp\/v2\/product"}],"about":[{"href":"https:\/\/roveyayinevi.com.tr\/index.php\/wp-json\/wp\/v2\/types\/product"}],"wp:attachment":[{"href":"https:\/\/roveyayinevi.com.tr\/index.php\/wp-json\/wp\/v2\/media?parent=704436"}],"wp:term":[{"taxonomy":"product_brand","embeddable":true,"href":"https:\/\/roveyayinevi.com.tr\/index.php\/wp-json\/wp\/v2\/product_brand?post=704436"},{"taxonomy":"product_cat","embeddable":true,"href":"https:\/\/roveyayinevi.com.tr\/index.php\/wp-json\/wp\/v2\/product_cat?post=704436"},{"taxonomy":"product_tag","embeddable":true,"href":"https:\/\/roveyayinevi.com.tr\/index.php\/wp-json\/wp\/v2\/product_tag?post=704436"}],"curies":[{"name":"wp","href":"https:\/\/api.w.org\/{rel}","templated":true}]}}