{"id":704435,"date":"2025-08-27T15:35:10","date_gmt":"2025-08-27T12:35:10","guid":{"rendered":"https:\/\/roveyayinevi.com.tr\/index.php\/urun\/hz-nuh\/"},"modified":"2026-04-16T02:13:27","modified_gmt":"2026-04-15T23:13:27","slug":"hz-nuh","status":"publish","type":"product","link":"https:\/\/roveyayinevi.com.tr\/index.php\/urun\/hz-nuh\/","title":{"rendered":"Hz. Nuh"},"content":{"rendered":"<p>Zaman bak\u0131m\u0131ndan Hz. Muhammed&#8217;den (s.a.s.) \u00f6nce gelen b\u00fct\u00fcn peygamberler aras\u0131nda Hz Nuh (a.s.) tenzihin temsilcisidir. Zira inat\u00e7\u0131 bir putperestli\u011fin egemen oldu\u011fu bir devirde ya\u015farken putlar\u0131 yerle bir edip tek olan Allah&#8217;a ibadeti savunmu\u015ftur. Devir bunu gerektirmektedir. Buna ra\u011fmen tek ba\u015f\u0131na tenzih de edebe ayk\u0131r\u0131d\u0131r. \ufffcTan\u0131t\u0131m Metni<\/p>\n","protected":false},"excerpt":{"rendered":"<p>Zaman bak\u0131m\u0131ndan Hz. Muhammed&#8217;den (s.a.s.) \u00f6nce gelen b\u00fct\u00fcn peygamberler aras\u0131nda Hz Nuh (a.s.) tenzihin temsilcisidir. Zira inat\u00e7\u0131 bir putperestli\u011fin egemen oldu\u011fu bir devirde ya\u015farken putlar\u0131 yerle<span class=\"excerpt-hellip\"> [\u2026]<\/span><\/p>\n","protected":false},"featured_media":0,"template":"","meta":{"_monsterinsights_skip_tracking":false,"_monsterinsights_sitenote_active":false,"_monsterinsights_sitenote_note":"","_monsterinsights_sitenote_category":0},"product_brand":[],"product_cat":[12718,12719,17284],"product_tag":[],"class_list":{"0":"post-704435","1":"product","2":"type-product","3":"status-publish","5":"product_cat-din","6":"product_cat-islam","7":"product_cat-kuran-ve-kuran-uzerine","8":"pa_tur-kitap","9":"pa_yayinevi-nefes-yayincilik","10":"pa_yazar-cemalnur-sargut","12":"first","13":"instock","14":"sale","15":"shipping-taxable","16":"purchasable","17":"product-type-simple"},"_links":{"self":[{"href":"https:\/\/roveyayinevi.com.tr\/index.php\/wp-json\/wp\/v2\/product\/704435","targetHints":{"allow":["GET"]}}],"collection":[{"href":"https:\/\/roveyayinevi.com.tr\/index.php\/wp-json\/wp\/v2\/product"}],"about":[{"href":"https:\/\/roveyayinevi.com.tr\/index.php\/wp-json\/wp\/v2\/types\/product"}],"wp:attachment":[{"href":"https:\/\/roveyayinevi.com.tr\/index.php\/wp-json\/wp\/v2\/media?parent=704435"}],"wp:term":[{"taxonomy":"product_brand","embeddable":true,"href":"https:\/\/roveyayinevi.com.tr\/index.php\/wp-json\/wp\/v2\/product_brand?post=704435"},{"taxonomy":"product_cat","embeddable":true,"href":"https:\/\/roveyayinevi.com.tr\/index.php\/wp-json\/wp\/v2\/product_cat?post=704435"},{"taxonomy":"product_tag","embeddable":true,"href":"https:\/\/roveyayinevi.com.tr\/index.php\/wp-json\/wp\/v2\/product_tag?post=704435"}],"curies":[{"name":"wp","href":"https:\/\/api.w.org\/{rel}","templated":true}]}}