{"id":704434,"date":"2025-08-27T15:35:09","date_gmt":"2025-08-27T12:35:09","guid":{"rendered":"https:\/\/roveyayinevi.com.tr\/index.php\/urun\/kiyamete-bir-milyar-yil\/"},"modified":"2026-04-13T02:16:45","modified_gmt":"2026-04-12T23:16:45","slug":"kiyamete-bir-milyar-yil","status":"publish","type":"product","link":"https:\/\/roveyayinevi.com.tr\/index.php\/urun\/kiyamete-bir-milyar-yil\/","title":{"rendered":"K\u0131yamete Bir Milyar Y\u0131l"},"content":{"rendered":"<p>\u201cStrugatski Karde\u015fler\u2019den biri Gogol\u2019\u00fcn di\u011feri ise \u00c7ehov\u2019un soyundan geliyor ama hi\u00e7 kimse hangisinin hangisi oldu\u011fundan emin de\u011fil. Bu kitap kesinlikle harika.\u201d \ufffcTan\u0131t\u0131m Metni<\/p>\n","protected":false},"excerpt":{"rendered":"<p>\u201cStrugatski Karde\u015fler\u2019den biri Gogol\u2019\u00fcn di\u011feri ise \u00c7ehov\u2019un soyundan geliyor ama hi\u00e7 kimse hangisinin hangisi oldu\u011fundan emin de\u011fil. Bu kitap kesinlikle harika.\u201d \ufffcTan\u0131t\u0131m Metni<\/p>\n","protected":false},"featured_media":0,"template":"","meta":{"_monsterinsights_skip_tracking":false,"_monsterinsights_sitenote_active":false,"_monsterinsights_sitenote_note":"","_monsterinsights_sitenote_category":0},"product_brand":[],"product_cat":[12291,12711],"product_tag":[],"class_list":{"0":"post-704434","1":"product","2":"type-product","3":"status-publish","5":"product_cat-edebiyat","6":"product_cat-roman-oyku","7":"pa_cilt-ciltsiz","8":"pa_tur-kitap","9":"pa_yayinevi-ithaki-yayinlari","10":"pa_yazar-arkadi-strugatski","11":"pa_yazar-boris-strugatski","13":"first","14":"instock","15":"sale","16":"shipping-taxable","17":"purchasable","18":"product-type-simple"},"_links":{"self":[{"href":"https:\/\/roveyayinevi.com.tr\/index.php\/wp-json\/wp\/v2\/product\/704434","targetHints":{"allow":["GET"]}}],"collection":[{"href":"https:\/\/roveyayinevi.com.tr\/index.php\/wp-json\/wp\/v2\/product"}],"about":[{"href":"https:\/\/roveyayinevi.com.tr\/index.php\/wp-json\/wp\/v2\/types\/product"}],"wp:attachment":[{"href":"https:\/\/roveyayinevi.com.tr\/index.php\/wp-json\/wp\/v2\/media?parent=704434"}],"wp:term":[{"taxonomy":"product_brand","embeddable":true,"href":"https:\/\/roveyayinevi.com.tr\/index.php\/wp-json\/wp\/v2\/product_brand?post=704434"},{"taxonomy":"product_cat","embeddable":true,"href":"https:\/\/roveyayinevi.com.tr\/index.php\/wp-json\/wp\/v2\/product_cat?post=704434"},{"taxonomy":"product_tag","embeddable":true,"href":"https:\/\/roveyayinevi.com.tr\/index.php\/wp-json\/wp\/v2\/product_tag?post=704434"}],"curies":[{"name":"wp","href":"https:\/\/api.w.org\/{rel}","templated":true}]}}