{"id":704433,"date":"2025-08-27T15:35:09","date_gmt":"2025-08-27T12:35:09","guid":{"rendered":"https:\/\/roveyayinevi.com.tr\/index.php\/urun\/kayi-5-kudret-ve-azamet-yillari\/"},"modified":"2026-04-16T02:13:27","modified_gmt":"2026-04-15T23:13:27","slug":"kayi-5-kudret-ve-azamet-yillari","status":"publish","type":"product","link":"https:\/\/roveyayinevi.com.tr\/index.php\/urun\/kayi-5-kudret-ve-azamet-yillari\/","title":{"rendered":"Kay\u0131 5 &#8211; Kudret ve Azamet Y\u0131llar\u0131"},"content":{"rendered":"<p>Pa\u015fa! Pa\u015fa! Sen bu Devlet-i Aliyye&#8217;yi hen\u00fcz tan\u0131mam\u0131\u015fs\u0131n. Allah a\u015fk\u0131na \u015funa inan. Bu devlet \u00f6yle bir devlettir ki e\u011fer isterse o donanman\u0131n b\u00fct\u00fcn demirlerini g\u00fcm\u00fc\u015ften, halatlar\u0131n\u0131 ibri\u015fimden ve yelkenlerini atlastan yapmakta asla g\u00fc\u00e7l\u00fck \u00e7ekmez. Hangi geminin gerekli alet ve yelkenini yeti\u015ftiremezsem gel bu minval \u00fczere benden iste.<\/p>\n","protected":false},"excerpt":{"rendered":"<p>Pa\u015fa! Pa\u015fa! Sen bu Devlet-i Aliyye&#8217;yi hen\u00fcz tan\u0131mam\u0131\u015fs\u0131n. Allah a\u015fk\u0131na \u015funa inan. Bu devlet \u00f6yle bir devlettir ki e\u011fer isterse o donanman\u0131n b\u00fct\u00fcn demirlerini g\u00fcm\u00fc\u015ften, halatlar\u0131n\u0131<span class=\"excerpt-hellip\"> [\u2026]<\/span><\/p>\n","protected":false},"featured_media":0,"template":"","meta":{"_monsterinsights_skip_tracking":false,"_monsterinsights_sitenote_active":false,"_monsterinsights_sitenote_note":"","_monsterinsights_sitenote_category":0},"product_brand":[],"product_cat":[13517,12304],"product_tag":[],"class_list":{"0":"post-704433","1":"product","2":"type-product","3":"status-publish","5":"product_cat-osmanli-tarihi","6":"product_cat-tarih","7":"pa_cilt-ciltsiz","8":"pa_tur-kitap","9":"pa_yayinevi-timas-yayinlari","10":"pa_yazar-ahmet-simsirgil","12":"first","13":"instock","14":"sale","15":"shipping-taxable","16":"purchasable","17":"product-type-simple"},"_links":{"self":[{"href":"https:\/\/roveyayinevi.com.tr\/index.php\/wp-json\/wp\/v2\/product\/704433","targetHints":{"allow":["GET"]}}],"collection":[{"href":"https:\/\/roveyayinevi.com.tr\/index.php\/wp-json\/wp\/v2\/product"}],"about":[{"href":"https:\/\/roveyayinevi.com.tr\/index.php\/wp-json\/wp\/v2\/types\/product"}],"wp:attachment":[{"href":"https:\/\/roveyayinevi.com.tr\/index.php\/wp-json\/wp\/v2\/media?parent=704433"}],"wp:term":[{"taxonomy":"product_brand","embeddable":true,"href":"https:\/\/roveyayinevi.com.tr\/index.php\/wp-json\/wp\/v2\/product_brand?post=704433"},{"taxonomy":"product_cat","embeddable":true,"href":"https:\/\/roveyayinevi.com.tr\/index.php\/wp-json\/wp\/v2\/product_cat?post=704433"},{"taxonomy":"product_tag","embeddable":true,"href":"https:\/\/roveyayinevi.com.tr\/index.php\/wp-json\/wp\/v2\/product_tag?post=704433"}],"curies":[{"name":"wp","href":"https:\/\/api.w.org\/{rel}","templated":true}]}}