{"id":704431,"date":"2025-08-27T15:35:07","date_gmt":"2025-08-27T12:35:07","guid":{"rendered":"https:\/\/roveyayinevi.com.tr\/index.php\/urun\/kirik-hayatlar-butun-eserleri-3\/"},"modified":"2026-04-16T02:13:27","modified_gmt":"2026-04-15T23:13:27","slug":"kirik-hayatlar-butun-eserleri-3","status":"publish","type":"product","link":"https:\/\/roveyayinevi.com.tr\/index.php\/urun\/kirik-hayatlar-butun-eserleri-3\/","title":{"rendered":"K\u0131r\u0131k Hayatlar -B\u00fct\u00fcn Eserleri 3"},"content":{"rendered":"<p>Eserlerinde romantizmden kaynaklanan a\u015fk ve duygusall\u0131k \u00f6\u011felerini realizmden gelen g\u00f6zlemcilikle birle\u015ftirerek i\u015fleyen Halid Ziya U\u015fakl\u0131gil a\u015f\u0131r\u0131 duygusal ve i\u00e7e d\u00f6n\u00fck tipleri realist y\u00f6ntemlerle kurgulayarak dengeli bir bi\u00e7imde anlat\u0131r. <\/p>\n","protected":false},"excerpt":{"rendered":"<p>Eserlerinde romantizmden kaynaklanan a\u015fk ve duygusall\u0131k \u00f6\u011felerini realizmden gelen g\u00f6zlemcilikle birle\u015ftirerek i\u015fleyen Halid Ziya U\u015fakl\u0131gil a\u015f\u0131r\u0131 duygusal ve i\u00e7e d\u00f6n\u00fck tipleri realist y\u00f6ntemlerle kurgulayarak dengeli bir<span class=\"excerpt-hellip\"> [\u2026]<\/span><\/p>\n","protected":false},"featured_media":0,"template":"","meta":{"_monsterinsights_skip_tracking":false,"_monsterinsights_sitenote_active":false,"_monsterinsights_sitenote_note":"","_monsterinsights_sitenote_category":0},"product_brand":[],"product_cat":[12291,12711],"product_tag":[],"class_list":{"0":"post-704431","1":"product","2":"type-product","3":"status-publish","5":"product_cat-edebiyat","6":"product_cat-roman-oyku","7":"pa_cilt-ciltsiz","8":"pa_tur-kitap","9":"pa_yayinevi-inkilap-kitabevi","10":"pa_yazar-halid-ziya-usakligil","12":"first","13":"instock","14":"sale","15":"shipping-taxable","16":"purchasable","17":"product-type-simple"},"_links":{"self":[{"href":"https:\/\/roveyayinevi.com.tr\/index.php\/wp-json\/wp\/v2\/product\/704431","targetHints":{"allow":["GET"]}}],"collection":[{"href":"https:\/\/roveyayinevi.com.tr\/index.php\/wp-json\/wp\/v2\/product"}],"about":[{"href":"https:\/\/roveyayinevi.com.tr\/index.php\/wp-json\/wp\/v2\/types\/product"}],"wp:attachment":[{"href":"https:\/\/roveyayinevi.com.tr\/index.php\/wp-json\/wp\/v2\/media?parent=704431"}],"wp:term":[{"taxonomy":"product_brand","embeddable":true,"href":"https:\/\/roveyayinevi.com.tr\/index.php\/wp-json\/wp\/v2\/product_brand?post=704431"},{"taxonomy":"product_cat","embeddable":true,"href":"https:\/\/roveyayinevi.com.tr\/index.php\/wp-json\/wp\/v2\/product_cat?post=704431"},{"taxonomy":"product_tag","embeddable":true,"href":"https:\/\/roveyayinevi.com.tr\/index.php\/wp-json\/wp\/v2\/product_tag?post=704431"}],"curies":[{"name":"wp","href":"https:\/\/api.w.org\/{rel}","templated":true}]}}