{"id":704430,"date":"2025-08-27T15:35:07","date_gmt":"2025-08-27T12:35:07","guid":{"rendered":"https:\/\/roveyayinevi.com.tr\/index.php\/urun\/bir-aci-hikaye\/"},"modified":"2026-04-16T02:13:27","modified_gmt":"2026-04-15T23:13:27","slug":"bir-aci-hikaye","status":"publish","type":"product","link":"https:\/\/roveyayinevi.com.tr\/index.php\/urun\/bir-aci-hikaye\/","title":{"rendered":"Bir Ac\u0131 Hikaye"},"content":{"rendered":"<p>T\u00fcrk edebiyat\u0131n\u0131n usta kalemi Halid Ziya U\u015fakl\u0131gil\u2019in sessiz \u00e7\u0131\u011fl\u0131klar i\u00e7inde kaleme ald\u0131\u011f\u0131 Bir Ac\u0131 Hikaye, o\u011flu Vedad\u2019\u0131n \u00f6l\u00fcm\u00fcnden sonra duydu\u011fu teess\u00fcr ve dinmez ac\u0131n\u0131n an\u0131tsal bir ifadesidir. <\/p>\n","protected":false},"excerpt":{"rendered":"<p>T\u00fcrk edebiyat\u0131n\u0131n usta kalemi Halid Ziya U\u015fakl\u0131gil\u2019in sessiz \u00e7\u0131\u011fl\u0131klar i\u00e7inde kaleme ald\u0131\u011f\u0131 Bir Ac\u0131 Hikaye, o\u011flu Vedad\u2019\u0131n \u00f6l\u00fcm\u00fcnden sonra duydu\u011fu teess\u00fcr ve dinmez ac\u0131n\u0131n an\u0131tsal bir<span class=\"excerpt-hellip\"> [\u2026]<\/span><\/p>\n","protected":false},"featured_media":0,"template":"","meta":{"_monsterinsights_skip_tracking":false,"_monsterinsights_sitenote_active":false,"_monsterinsights_sitenote_note":"","_monsterinsights_sitenote_category":0},"product_brand":[],"product_cat":[13701,12291],"product_tag":[],"class_list":{"0":"post-704430","1":"product","2":"type-product","3":"status-publish","5":"product_cat-ani-mektup-gunluk","6":"product_cat-edebiyat","7":"pa_cilt-ciltsiz","8":"pa_tur-kitap","9":"pa_yayinevi-inkilap-kitabevi","10":"pa_yazar-halid-ziya-usakligil","12":"first","13":"instock","14":"sale","15":"shipping-taxable","16":"purchasable","17":"product-type-simple"},"_links":{"self":[{"href":"https:\/\/roveyayinevi.com.tr\/index.php\/wp-json\/wp\/v2\/product\/704430","targetHints":{"allow":["GET"]}}],"collection":[{"href":"https:\/\/roveyayinevi.com.tr\/index.php\/wp-json\/wp\/v2\/product"}],"about":[{"href":"https:\/\/roveyayinevi.com.tr\/index.php\/wp-json\/wp\/v2\/types\/product"}],"wp:attachment":[{"href":"https:\/\/roveyayinevi.com.tr\/index.php\/wp-json\/wp\/v2\/media?parent=704430"}],"wp:term":[{"taxonomy":"product_brand","embeddable":true,"href":"https:\/\/roveyayinevi.com.tr\/index.php\/wp-json\/wp\/v2\/product_brand?post=704430"},{"taxonomy":"product_cat","embeddable":true,"href":"https:\/\/roveyayinevi.com.tr\/index.php\/wp-json\/wp\/v2\/product_cat?post=704430"},{"taxonomy":"product_tag","embeddable":true,"href":"https:\/\/roveyayinevi.com.tr\/index.php\/wp-json\/wp\/v2\/product_tag?post=704430"}],"curies":[{"name":"wp","href":"https:\/\/api.w.org\/{rel}","templated":true}]}}