{"id":704424,"date":"2025-08-27T15:35:04","date_gmt":"2025-08-27T12:35:04","guid":{"rendered":"https:\/\/roveyayinevi.com.tr\/index.php\/urun\/kanepeye-donusen-baba\/"},"modified":"2026-04-16T02:13:26","modified_gmt":"2026-04-15T23:13:26","slug":"kanepeye-donusen-baba","status":"publish","type":"product","link":"https:\/\/roveyayinevi.com.tr\/index.php\/urun\/kanepeye-donusen-baba\/","title":{"rendered":"Kanepeye D\u00f6n\u00fc\u015fen Baba"},"content":{"rendered":"<p>Hayrettin bey bir sabah uyand\u0131g\u0306\u0131nda kendini kanepeye do\u0308nu\u0308s\u0327mu\u0308s\u0327 olarak buldu. O\u0308yle c\u0327ekyat, berjer, ko\u0308s\u0327e tak\u0131m\u0131 filan deg\u0306il; bildig\u0306iniz kanepe&#8230; Peki bu durumdan nas\u0131l kurtulacak? Ama daha o\u0308nemli bir soru var: Hayrettin bey neden kanepeye do\u0308nu\u0308s\u0327tu\u0308? \ufffc<\/p>\n","protected":false},"excerpt":{"rendered":"<p>Hayrettin bey bir sabah uyand\u0131g\u0306\u0131nda kendini kanepeye do\u0308nu\u0308s\u0327mu\u0308s\u0327 olarak buldu. O\u0308yle c\u0327ekyat, berjer, ko\u0308s\u0327e tak\u0131m\u0131 filan deg\u0306il; bildig\u0306iniz kanepe&#8230; Peki bu durumdan nas\u0131l kurtulacak? Ama daha<span class=\"excerpt-hellip\"> [\u2026]<\/span><\/p>\n","protected":false},"featured_media":0,"template":"","meta":{"_monsterinsights_skip_tracking":false,"_monsterinsights_sitenote_active":false,"_monsterinsights_sitenote_note":"","_monsterinsights_sitenote_category":0},"product_brand":[],"product_cat":[12275,12274],"product_tag":[],"class_list":{"0":"post-704424","1":"product","2":"type-product","3":"status-publish","5":"product_cat-6-12-yas-kitaplari","6":"product_cat-cocuk-ve-genclik-kitaplari","7":"pa_cilt-ciltsiz","8":"pa_tur-kitap","9":"pa_yayinevi-mavi-bulut-yayinlari","10":"pa_yazar-fatih-erdogan","12":"first","13":"instock","14":"sale","15":"shipping-taxable","16":"purchasable","17":"product-type-simple"},"_links":{"self":[{"href":"https:\/\/roveyayinevi.com.tr\/index.php\/wp-json\/wp\/v2\/product\/704424","targetHints":{"allow":["GET"]}}],"collection":[{"href":"https:\/\/roveyayinevi.com.tr\/index.php\/wp-json\/wp\/v2\/product"}],"about":[{"href":"https:\/\/roveyayinevi.com.tr\/index.php\/wp-json\/wp\/v2\/types\/product"}],"wp:attachment":[{"href":"https:\/\/roveyayinevi.com.tr\/index.php\/wp-json\/wp\/v2\/media?parent=704424"}],"wp:term":[{"taxonomy":"product_brand","embeddable":true,"href":"https:\/\/roveyayinevi.com.tr\/index.php\/wp-json\/wp\/v2\/product_brand?post=704424"},{"taxonomy":"product_cat","embeddable":true,"href":"https:\/\/roveyayinevi.com.tr\/index.php\/wp-json\/wp\/v2\/product_cat?post=704424"},{"taxonomy":"product_tag","embeddable":true,"href":"https:\/\/roveyayinevi.com.tr\/index.php\/wp-json\/wp\/v2\/product_tag?post=704424"}],"curies":[{"name":"wp","href":"https:\/\/api.w.org\/{rel}","templated":true}]}}