{"id":704416,"date":"2025-08-27T15:34:59","date_gmt":"2025-08-27T12:34:59","guid":{"rendered":"https:\/\/roveyayinevi.com.tr\/index.php\/urun\/cilgin-gibi\/"},"modified":"2026-04-03T02:18:20","modified_gmt":"2026-04-02T23:18:20","slug":"cilgin-gibi","status":"publish","type":"product","link":"https:\/\/roveyayinevi.com.tr\/index.php\/urun\/cilgin-gibi\/","title":{"rendered":"\u00c7\u0131lg\u0131n Gibi"},"content":{"rendered":"<p>\u0130thaki Yay\u0131nlar\u0131, Suat Dervi\u015f&#8217;in t\u00fcm eserlerini okurlarla bulu\u015fturmaya devam ediyor.Bug\u00fcn\u00fcn okurlar\u0131n\u0131 da etkileyecek bir a\u015fk roman\u0131 olan \u00c7\u0131lg\u0131n Gibi&#8217;de Suat Dervi\u015f&#8217;in bir ba\u015fka unutulmaz kahraman\u0131 Celile sahne al\u0131yor. Ge\u00e7mi\u015fin farkl\u0131 d\u00fcnyas\u0131na de\u011fi\u015fmeyen duygular\u0131n e\u015flik etti\u011fi \u00c7\u0131lg\u0131n Gibi&#8217;nin, T\u00fcrk roman\u0131n\u0131n \u00f6nemli \u00f6rnekleri aras\u0131nda kal\u0131c\u0131 bir yer edinece\u011fine inan\u0131yoruz\u2026Suat Dervi\u015f, bence \u00f6nemli bir romanc\u0131m\u0131z. Siyas\u00ee g\u00f6r\u00fc\u015fleri dolay\u0131s\u0131yla hem epey eziyet \u00e7ekmi\u015f, hem de unutturulmak istenmi\u015f. \u0130lk romanlar\u0131n\u0131 \u00e7ok gen\u00e7 ya\u015fta kaleme alm\u0131\u015f. O zaman\u0131n b\u00fcy\u00fck bir ustas\u0131, Ahmet Ha\u015fim, bu ilk eserleri \u00f6zellikle sal\u0131k vermi\u015f; gen\u00e7 romanc\u0131y\u0131 bir &#8216;\u00fcsl\u00fbp\u00e7u&#8217; olarak esenlemi\u015f. Edebiyat tarihimiz pek fark\u0131nda de\u011fil.Birka\u00e7 kez bas\u0131ld\u0131\u011f\u0131 halde, edebiyatseverlerin \u00fczerinde yeterince durmad\u0131klar\u0131 \u00c7\u0131lg\u0131n Gibi, Suat Dervi\u015f imzal\u0131 \u00e7ok g\u00fczel bir romand\u0131r. Ac\u0131 bir a\u015fk roman\u0131. A\u015fk\u0131 Marksist a\u00e7\u0131dan tahlil eden bir roman; bence, edebiyat\u0131m\u0131zda karde\u015fi yok.- Selim \u0130leriSuat Dervi\u015f \u00f6nce kahramanlar\u0131n\u0131n ya\u015fad\u0131\u011f\u0131 iklimi ustal\u0131kla tarif ediyor. D\u00f6nemin \u0130stanbul&#8217;u, karaborsa ve sava\u015f zenginlerinin hayat\u0131, g\u00fc\u00e7 tutkusu, soylulu\u011fun bir hayalet gibi hala g\u00fcc\u00fcn\u00fc hissettirmesi vs\u2026 Sonra kahramanlar\u0131m\u0131z\u0131 tan\u0131yoruz t\u00fcm hususiyetleriyle ve ard\u0131ndan ba\u015flayan yasak a\u015fk hik\u00e2yesi. &#8220;A\u015fk\u0131n masumlu\u011fundan kopmas\u0131, aldatman\u0131n insanda yaratt\u0131\u011f\u0131 haz ve pi\u015fmanl\u0131k, mutlulu\u011fun her hal\u00fck\u00e2rda elde edilemeyi\u015fi&#8221;, hepsini de ince ince i\u015fliyor.- Ercan Kesal <\/p>\n","protected":false},"excerpt":{"rendered":"<p>\u0130thaki Yay\u0131nlar\u0131, Suat Dervi\u015f&#8217;in t\u00fcm eserlerini okurlarla bulu\u015fturmaya devam ediyor.Bug\u00fcn\u00fcn okurlar\u0131n\u0131 da etkileyecek bir a\u015fk roman\u0131 olan \u00c7\u0131lg\u0131n Gibi&#8217;de Suat Dervi\u015f&#8217;in bir ba\u015fka unutulmaz kahraman\u0131 Celile<span class=\"excerpt-hellip\"> [\u2026]<\/span><\/p>\n","protected":false},"featured_media":0,"template":"","meta":{"_monsterinsights_skip_tracking":false,"_monsterinsights_sitenote_active":false,"_monsterinsights_sitenote_note":"","_monsterinsights_sitenote_category":0},"product_brand":[],"product_cat":[12291,12711],"product_tag":[],"class_list":{"0":"post-704416","1":"product","2":"type-product","3":"status-publish","5":"product_cat-edebiyat","6":"product_cat-roman-oyku","7":"pa_cilt-ciltsiz","8":"pa_tur-kitap","9":"pa_yayinevi-ithaki-yayinlari","10":"pa_yazar-suat-dervis","12":"first","13":"instock","14":"sale","15":"shipping-taxable","16":"purchasable","17":"product-type-simple"},"_links":{"self":[{"href":"https:\/\/roveyayinevi.com.tr\/index.php\/wp-json\/wp\/v2\/product\/704416","targetHints":{"allow":["GET"]}}],"collection":[{"href":"https:\/\/roveyayinevi.com.tr\/index.php\/wp-json\/wp\/v2\/product"}],"about":[{"href":"https:\/\/roveyayinevi.com.tr\/index.php\/wp-json\/wp\/v2\/types\/product"}],"wp:attachment":[{"href":"https:\/\/roveyayinevi.com.tr\/index.php\/wp-json\/wp\/v2\/media?parent=704416"}],"wp:term":[{"taxonomy":"product_brand","embeddable":true,"href":"https:\/\/roveyayinevi.com.tr\/index.php\/wp-json\/wp\/v2\/product_brand?post=704416"},{"taxonomy":"product_cat","embeddable":true,"href":"https:\/\/roveyayinevi.com.tr\/index.php\/wp-json\/wp\/v2\/product_cat?post=704416"},{"taxonomy":"product_tag","embeddable":true,"href":"https:\/\/roveyayinevi.com.tr\/index.php\/wp-json\/wp\/v2\/product_tag?post=704416"}],"curies":[{"name":"wp","href":"https:\/\/api.w.org\/{rel}","templated":true}]}}