{"id":704414,"date":"2025-08-27T15:34:58","date_gmt":"2025-08-27T12:34:58","guid":{"rendered":"https:\/\/roveyayinevi.com.tr\/index.php\/urun\/serebral-palsili-cocuklar-ve-egitimleri\/"},"modified":"2026-04-16T02:13:26","modified_gmt":"2026-04-15T23:13:26","slug":"serebral-palsili-cocuklar-ve-egitimleri","status":"publish","type":"product","link":"https:\/\/roveyayinevi.com.tr\/index.php\/urun\/serebral-palsili-cocuklar-ve-egitimleri\/","title":{"rendered":"Serebral Palsili \u00c7ocuklar ve E\u011fitimleri"},"content":{"rendered":"<p>Serebral Palsili&#8217;nin genel tan\u0131m\u0131 geli\u015fimini tamamlamam\u0131\u015f beynin, ilerleyici olmayan hasara ba\u011fl\u0131 geli\u015fen hareket ve duru\u015f bozuklu\u011fu oldu\u011fudur. <\/p>\n","protected":false},"excerpt":{"rendered":"<p>Serebral Palsili&#8217;nin genel tan\u0131m\u0131 geli\u015fimini tamamlamam\u0131\u015f beynin, ilerleyici olmayan hasara ba\u011fl\u0131 geli\u015fen hareket ve duru\u015f bozuklu\u011fu oldu\u011fudur.<\/p>\n","protected":false},"featured_media":0,"template":"","meta":{"_monsterinsights_skip_tracking":false,"_monsterinsights_sitenote_active":false,"_monsterinsights_sitenote_note":"","_monsterinsights_sitenote_category":0},"product_brand":[],"product_cat":[26509,13365],"product_tag":[],"class_list":{"0":"post-704414","1":"product","2":"type-product","3":"status-publish","5":"product_cat-cocuk-gelisimi","6":"product_cat-saglik","7":"pa_cilt-ciltsiz","8":"pa_tur-kitap","9":"pa_yayinevi-egiten-kitap","10":"pa_yazar-handan-dogan","12":"first","13":"instock","14":"sale","15":"shipping-taxable","16":"purchasable","17":"product-type-simple"},"_links":{"self":[{"href":"https:\/\/roveyayinevi.com.tr\/index.php\/wp-json\/wp\/v2\/product\/704414","targetHints":{"allow":["GET"]}}],"collection":[{"href":"https:\/\/roveyayinevi.com.tr\/index.php\/wp-json\/wp\/v2\/product"}],"about":[{"href":"https:\/\/roveyayinevi.com.tr\/index.php\/wp-json\/wp\/v2\/types\/product"}],"wp:attachment":[{"href":"https:\/\/roveyayinevi.com.tr\/index.php\/wp-json\/wp\/v2\/media?parent=704414"}],"wp:term":[{"taxonomy":"product_brand","embeddable":true,"href":"https:\/\/roveyayinevi.com.tr\/index.php\/wp-json\/wp\/v2\/product_brand?post=704414"},{"taxonomy":"product_cat","embeddable":true,"href":"https:\/\/roveyayinevi.com.tr\/index.php\/wp-json\/wp\/v2\/product_cat?post=704414"},{"taxonomy":"product_tag","embeddable":true,"href":"https:\/\/roveyayinevi.com.tr\/index.php\/wp-json\/wp\/v2\/product_tag?post=704414"}],"curies":[{"name":"wp","href":"https:\/\/api.w.org\/{rel}","templated":true}]}}