{"id":704413,"date":"2025-08-27T15:34:58","date_gmt":"2025-08-27T12:34:58","guid":{"rendered":"https:\/\/roveyayinevi.com.tr\/index.php\/urun\/daha\/"},"modified":"2026-04-16T02:13:26","modified_gmt":"2026-04-15T23:13:26","slug":"daha","status":"publish","type":"product","link":"https:\/\/roveyayinevi.com.tr\/index.php\/urun\/daha\/","title":{"rendered":"Daha"},"content":{"rendered":"<p>\u0130nsanlar\u0131 \u00e7aresiz b\u0131rak, i\u00e7 organlar\u0131ndan roket yaparlar! Siz bu c\u00fcmleyi okurken, bir yerlerde insanlar, \u00fclkelerindeki sava\u015f, a\u00e7l\u0131k ve yoksulluktan ka\u00e7mak i\u00e7in sonu zifiri bir yolculu\u011fa \u00e7\u0131kmaya haz\u0131rlan\u0131yor. Ancak bu hik\u00e2ye o ka\u00e7ak g\u00f6\u00e7menlerle de\u011fil, onlar\u0131 ka\u00e7\u0131ranlardan biriyle ilgili. Ad\u0131 Gaz\u00e2. Babas\u0131 bir insan ka\u00e7ak\u00e7\u0131s\u0131, Gaz\u00e2 da onun \u00e7\u0131ra\u011f\u0131. Hen\u00fcz 9 ya\u015f\u0131nda. Yani, hayata ve insana dair, \u00f6\u011frenmemesi gereken ne varsa, hepsini \u00f6\u011frenecek ya\u015fta. \u201cDo\u011fu ile Bat\u0131 aras\u0131ndaki fark, T\u00fcrkiye\u2019dir. Hangisinden hangisini \u00e7\u0131kar\u0131nca geriye T\u00fcrkiye kal\u0131r, bilmiyorum ama aralar\u0131ndaki mesafe T\u00fcrkiye kadar, ondan eminim. Ve biz orada ya\u015f\u0131yorduk. Her g\u00fcn politikac\u0131lar\u0131n televizyonlara \u00e7\u0131k\u0131p jeopolitik \u00f6neminden s\u00f6z etti\u011fi bir \u00fclkede. \u00d6nceleri \u00e7\u00f6zemezdim ne anlama geldi\u011fini. Me\u011fer jeopolitik \u00f6nem, i\u00e7i kapkaranl\u0131k ve farlar\u0131 fal ta\u015f\u0131 gibi otob\u00fcslerin, s\u0131rf yol \u00fcst\u00fcnde diye, gecenin ortas\u0131nda mola verdi\u011fi k\u0131r\u0131k d\u00f6k\u00fck bir binan\u0131n ada ve parsel numaralar\u0131yla yap\u0131lan \u00e7\u0131kar hesaplar\u0131 demekmi\u015f. 1.565 km uzunlu\u011funda koca bir Bo\u011faz K\u00f6pr\u00fcs\u00fc anlam\u0131na geliyormu\u015f. \u00dclkede ya\u015fayanlar\u0131n bo\u011fazlar\u0131n\u0131n i\u00e7inden ge\u00e7en dev bir k\u00f6pr\u00fc. \u00c7\u0131plak aya\u011f\u0131 Do\u011fu\u2019da, ayakkab\u0131l\u0131 olan\u0131 Bat\u0131\u2019da ve \u00fczerinden yasad\u0131\u015f\u0131 ne varsa ge\u00e7ip giden, ya\u015fl\u0131 bir k\u00f6pr\u00fc. Kursa\u011f\u0131m\u0131zdan ge\u00e7iyordu hepsi. \u00d6zellikle de, ka\u00e7ak denilen insanlar\u2026 Elimizden geleni yap\u0131yorduk&#8230; Bo\u011faz\u0131m\u0131za tak\u0131lmas\u0131nlar diye. Yutkunup g\u00f6nderiyorduk hepsini. Nereye gideceklerse oraya\u2026 S\u0131n\u0131rdan s\u0131n\u0131ra ticaret\u2026 Duvardan duvara\u2026<\/p>\n","protected":false},"excerpt":{"rendered":"<p>\u0130nsanlar\u0131 \u00e7aresiz b\u0131rak, i\u00e7 organlar\u0131ndan roket yaparlar! Siz bu c\u00fcmleyi okurken, bir yerlerde insanlar, \u00fclkelerindeki sava\u015f, a\u00e7l\u0131k ve yoksulluktan ka\u00e7mak i\u00e7in sonu zifiri bir yolculu\u011fa \u00e7\u0131kmaya<span class=\"excerpt-hellip\"> [\u2026]<\/span><\/p>\n","protected":false},"featured_media":0,"template":"","meta":{"_monsterinsights_skip_tracking":false,"_monsterinsights_sitenote_active":false,"_monsterinsights_sitenote_note":"","_monsterinsights_sitenote_category":0},"product_brand":[],"product_cat":[12291,12292],"product_tag":[],"class_list":{"0":"post-704413","1":"product","2":"type-product","3":"status-publish","5":"product_cat-edebiyat","6":"product_cat-turk-edebiyati","7":"pa_cilt-ciltsiz","8":"pa_tur-kitap","9":"pa_yayinevi-dogan-kitap","10":"pa_yazar-hakan-gunday","12":"first","13":"instock","14":"sale","15":"shipping-taxable","16":"purchasable","17":"product-type-simple"},"_links":{"self":[{"href":"https:\/\/roveyayinevi.com.tr\/index.php\/wp-json\/wp\/v2\/product\/704413","targetHints":{"allow":["GET"]}}],"collection":[{"href":"https:\/\/roveyayinevi.com.tr\/index.php\/wp-json\/wp\/v2\/product"}],"about":[{"href":"https:\/\/roveyayinevi.com.tr\/index.php\/wp-json\/wp\/v2\/types\/product"}],"wp:attachment":[{"href":"https:\/\/roveyayinevi.com.tr\/index.php\/wp-json\/wp\/v2\/media?parent=704413"}],"wp:term":[{"taxonomy":"product_brand","embeddable":true,"href":"https:\/\/roveyayinevi.com.tr\/index.php\/wp-json\/wp\/v2\/product_brand?post=704413"},{"taxonomy":"product_cat","embeddable":true,"href":"https:\/\/roveyayinevi.com.tr\/index.php\/wp-json\/wp\/v2\/product_cat?post=704413"},{"taxonomy":"product_tag","embeddable":true,"href":"https:\/\/roveyayinevi.com.tr\/index.php\/wp-json\/wp\/v2\/product_tag?post=704413"}],"curies":[{"name":"wp","href":"https:\/\/api.w.org\/{rel}","templated":true}]}}