{"id":704412,"date":"2025-08-27T15:34:57","date_gmt":"2025-08-27T12:34:57","guid":{"rendered":"https:\/\/roveyayinevi.com.tr\/index.php\/urun\/bici-bici-masallar-ciltli\/"},"modified":"2026-04-16T02:13:26","modified_gmt":"2026-04-15T23:13:26","slug":"bici-bici-masallar-ciltli","status":"publish","type":"product","link":"https:\/\/roveyayinevi.com.tr\/index.php\/urun\/bici-bici-masallar-ciltli\/","title":{"rendered":"Bici Bici Masallar (Ciltli)"},"content":{"rendered":"<p>Kitap kurtlar\u0131 i\u00e7in beklenen vakit geldi!Sevimli kahramanlar\u0131n e\u011flenceli masal d\u00fcnyas\u0131nda kaybolmaya haz\u0131r m\u0131s\u0131n?Sorunun cevab\u0131 evetse, bu kitap tam da sana g\u00f6re. \u0130\u015fte kar\u015f\u0131nda karakter e\u011fitimi destekli Bici Bici Masallar.\u0130\u00e7inde neler mi var?Masallarda bulu\u015fan hayvanlar, sayfalar aras\u0131nda kaybolan nesneler, e\u011flenceli sorular ve daha neler neler&#8230; Kahramanlar\u0131m\u0131z\u0131n ba\u015flar\u0131ndan ge\u00e7en komik ve bir o kadar gizemli olaylar\u0131 merak ediyorsan haydi, okumaya ba\u015fla. Masal kahramanlar\u0131n\u0131 yaln\u0131z b\u0131rakma.Sayfalar\u0131 \u00e7evirirken dikkat et, ormanlar kral\u0131 aslan\u0131 uyand\u0131rma!<\/p>\n","protected":false},"excerpt":{"rendered":"<p>Kitap kurtlar\u0131 i\u00e7in beklenen vakit geldi!Sevimli kahramanlar\u0131n e\u011flenceli masal d\u00fcnyas\u0131nda kaybolmaya haz\u0131r m\u0131s\u0131n?Sorunun cevab\u0131 evetse, bu kitap tam da sana g\u00f6re. \u0130\u015fte kar\u015f\u0131nda karakter e\u011fitimi destekli<span class=\"excerpt-hellip\"> [\u2026]<\/span><\/p>\n","protected":false},"featured_media":0,"template":"","meta":{"_monsterinsights_skip_tracking":false,"_monsterinsights_sitenote_active":false,"_monsterinsights_sitenote_note":"","_monsterinsights_sitenote_category":0},"product_brand":[],"product_cat":[12274,12518],"product_tag":[],"class_list":{"0":"post-704412","1":"product","2":"type-product","3":"status-publish","5":"product_cat-cocuk-ve-genclik-kitaplari","6":"product_cat-okul-oncesi-kitaplar","7":"pa_cilt-ciltli","8":"pa_tur-kitap","9":"pa_yayinevi-nesil-cocuk-yayinlari","10":"pa_yazar-yavuz-bahadiroglu","12":"first","13":"instock","14":"sale","15":"shipping-taxable","16":"purchasable","17":"product-type-simple"},"_links":{"self":[{"href":"https:\/\/roveyayinevi.com.tr\/index.php\/wp-json\/wp\/v2\/product\/704412","targetHints":{"allow":["GET"]}}],"collection":[{"href":"https:\/\/roveyayinevi.com.tr\/index.php\/wp-json\/wp\/v2\/product"}],"about":[{"href":"https:\/\/roveyayinevi.com.tr\/index.php\/wp-json\/wp\/v2\/types\/product"}],"wp:attachment":[{"href":"https:\/\/roveyayinevi.com.tr\/index.php\/wp-json\/wp\/v2\/media?parent=704412"}],"wp:term":[{"taxonomy":"product_brand","embeddable":true,"href":"https:\/\/roveyayinevi.com.tr\/index.php\/wp-json\/wp\/v2\/product_brand?post=704412"},{"taxonomy":"product_cat","embeddable":true,"href":"https:\/\/roveyayinevi.com.tr\/index.php\/wp-json\/wp\/v2\/product_cat?post=704412"},{"taxonomy":"product_tag","embeddable":true,"href":"https:\/\/roveyayinevi.com.tr\/index.php\/wp-json\/wp\/v2\/product_tag?post=704412"}],"curies":[{"name":"wp","href":"https:\/\/api.w.org\/{rel}","templated":true}]}}