{"id":704401,"date":"2025-08-27T15:34:52","date_gmt":"2025-08-27T12:34:52","guid":{"rendered":"https:\/\/roveyayinevi.com.tr\/index.php\/urun\/80-gunde-devri-alem-2\/"},"modified":"2025-08-31T14:33:40","modified_gmt":"2025-08-31T11:33:40","slug":"80-gunde-devri-alem-2","status":"publish","type":"product","link":"https:\/\/roveyayinevi.com.tr\/index.php\/urun\/80-gunde-devri-alem-2\/","title":{"rendered":"80 G\u00fcnde Devri Alem"},"content":{"rendered":"<p>\u0130ngiliz centilmen Phileas Fogg, \u00fcye oldu\u011fu kul\u00fcpteki arkada\u015flar\u0131yla 80 g\u00fcnde d\u00fcnyan\u0131n etraf\u0131n\u0131 dola\u015faca\u011f\u0131na dair iddiaya  girer. U\u015fa\u011f\u0131 Parisli Passepartout&#8217;yu yan\u0131na alarak hi\u00e7 vakit kaybetmeden yola \u00e7\u0131kar. Bahsi kazanabilmesi i\u00e7in 21 Aral\u0131k 1872 Cumartesi g\u00fcn\u00fc saat 20:45&#8217;te kul\u00fcpte olmas\u0131 gerekmektedir!   \u0130ngiltere Bankas\u0131&#8217;n\u0131n g\u00f6z\u00fcpek h\u0131rs\u0131z\u0131 oldu\u011fu san\u0131lan Phileas Fogg, b\u00fct\u00fcn yolculu\u011fu boyunca tutuklama emri bir t\u00fcrl\u00fc eline ge\u00e7medi\u011fi i\u00e7in onu tutuklamay\u0131 ba\u015faramayan m\u00fcfetti\u015f Fix taraf\u0131ndan takip edilecektir. Passepartout ve inat\u00e7\u0131 Fix, i\u00e7inden ge\u00e7ti\u011fi \u00fclkeler, \u00e7e\u015fit \u00e7e\u015fit maceralar, say\u0131s\u0131z engelleri atlatmak i\u00e7in uygulanan stratejiler, asla \u0130ngiliz so\u011fukkanl\u0131l\u0131\u011f\u0131ndan taviz vermeyen Phileas Fogg\u2019un zamana kar\u015f\u0131 m\u00fccadelesi, 80 G\u00fcnde Devri Alem\u2019i yazar\u0131n en iyi romanlar\u0131ndan birisi yapt\u0131 ve okurlar\u0131n ilgisi 1873\u2019deki ilk bask\u0131s\u0131ndan bu yana hi\u00e7 azalmad\u0131.   <\/p>\n","protected":false},"excerpt":{"rendered":"<p>\u0130ngiliz centilmen Phileas Fogg, \u00fcye oldu\u011fu kul\u00fcpteki arkada\u015flar\u0131yla 80 g\u00fcnde d\u00fcnyan\u0131n etraf\u0131n\u0131 dola\u015faca\u011f\u0131na dair iddiaya girer. U\u015fa\u011f\u0131 Parisli Passepartout&#8217;yu yan\u0131na alarak hi\u00e7 vakit kaybetmeden yola \u00e7\u0131kar.<span class=\"excerpt-hellip\"> [\u2026]<\/span><\/p>\n","protected":false},"featured_media":0,"template":"","meta":{"_monsterinsights_skip_tracking":false,"_monsterinsights_sitenote_active":false,"_monsterinsights_sitenote_note":"","_monsterinsights_sitenote_category":0},"product_brand":[],"product_cat":[12274,12467],"product_tag":[],"class_list":{"0":"post-704401","1":"product","2":"type-product","3":"status-publish","5":"product_cat-cocuk-ve-genclik-kitaplari","6":"product_cat-dunya-klasikleri","7":"pa_cilt-ciltsiz","8":"pa_tur-kitap","9":"pa_yayinevi-alfa-yayinlari","10":"pa_yazar-jules-verne","12":"first","13":"instock","14":"sale","15":"shipping-taxable","16":"purchasable","17":"product-type-simple"},"_links":{"self":[{"href":"https:\/\/roveyayinevi.com.tr\/index.php\/wp-json\/wp\/v2\/product\/704401","targetHints":{"allow":["GET"]}}],"collection":[{"href":"https:\/\/roveyayinevi.com.tr\/index.php\/wp-json\/wp\/v2\/product"}],"about":[{"href":"https:\/\/roveyayinevi.com.tr\/index.php\/wp-json\/wp\/v2\/types\/product"}],"wp:attachment":[{"href":"https:\/\/roveyayinevi.com.tr\/index.php\/wp-json\/wp\/v2\/media?parent=704401"}],"wp:term":[{"taxonomy":"product_brand","embeddable":true,"href":"https:\/\/roveyayinevi.com.tr\/index.php\/wp-json\/wp\/v2\/product_brand?post=704401"},{"taxonomy":"product_cat","embeddable":true,"href":"https:\/\/roveyayinevi.com.tr\/index.php\/wp-json\/wp\/v2\/product_cat?post=704401"},{"taxonomy":"product_tag","embeddable":true,"href":"https:\/\/roveyayinevi.com.tr\/index.php\/wp-json\/wp\/v2\/product_tag?post=704401"}],"curies":[{"name":"wp","href":"https:\/\/api.w.org\/{rel}","templated":true}]}}