{"id":704399,"date":"2025-08-27T15:34:51","date_gmt":"2025-08-27T12:34:51","guid":{"rendered":"https:\/\/roveyayinevi.com.tr\/index.php\/urun\/hos-geldin-on-bes-yas\/"},"modified":"2026-04-16T02:13:26","modified_gmt":"2026-04-15T23:13:26","slug":"hos-geldin-on-bes-yas","status":"publish","type":"product","link":"https:\/\/roveyayinevi.com.tr\/index.php\/urun\/hos-geldin-on-bes-yas\/","title":{"rendered":"Ho\u015f Geldin On Be\u015f Ya\u015f"},"content":{"rendered":"<p>15 ya\u015f\u2026 Gen\u00e7li\u011fe ilk ad\u0131m. Dersler, s\u0131navlar; hissedilmeye ba\u015flanan y\u00fcrek at\u0131\u015flar\u0131.Ve ya\u015fam\u0131n ger\u00e7ekleri\u2026 Binlerce cana k\u0131yan do\u011fal afetler; kaybedilen yak\u0131nlar, umutlar\u2026Ama bir de mucizeler\u2026Zehra \u00dcn\u00fcvar on be\u015f ya\u015f\u0131n nabz\u0131n\u0131 tutmu\u015f yeni kitab\u0131nda.<\/p>\n","protected":false},"excerpt":{"rendered":"<p>15 ya\u015f\u2026 Gen\u00e7li\u011fe ilk ad\u0131m. Dersler, s\u0131navlar; hissedilmeye ba\u015flanan y\u00fcrek at\u0131\u015flar\u0131.Ve ya\u015fam\u0131n ger\u00e7ekleri\u2026 Binlerce cana k\u0131yan do\u011fal afetler; kaybedilen yak\u0131nlar, umutlar\u2026Ama bir de mucizeler\u2026Zehra \u00dcn\u00fcvar on<span class=\"excerpt-hellip\"> [\u2026]<\/span><\/p>\n","protected":false},"featured_media":0,"template":"","meta":{"_monsterinsights_skip_tracking":false,"_monsterinsights_sitenote_active":false,"_monsterinsights_sitenote_note":"","_monsterinsights_sitenote_category":0},"product_brand":[],"product_cat":[12291,12711],"product_tag":[],"class_list":{"0":"post-704399","1":"product","2":"type-product","3":"status-publish","5":"product_cat-edebiyat","6":"product_cat-roman-oyku","7":"pa_cilt-ciltsiz","8":"pa_tur-kitap","9":"pa_yayinevi-bilgi-yayinevi","10":"pa_yazar-zehra-unuvar","12":"first","13":"instock","14":"sale","15":"shipping-taxable","16":"purchasable","17":"product-type-simple"},"_links":{"self":[{"href":"https:\/\/roveyayinevi.com.tr\/index.php\/wp-json\/wp\/v2\/product\/704399","targetHints":{"allow":["GET"]}}],"collection":[{"href":"https:\/\/roveyayinevi.com.tr\/index.php\/wp-json\/wp\/v2\/product"}],"about":[{"href":"https:\/\/roveyayinevi.com.tr\/index.php\/wp-json\/wp\/v2\/types\/product"}],"wp:attachment":[{"href":"https:\/\/roveyayinevi.com.tr\/index.php\/wp-json\/wp\/v2\/media?parent=704399"}],"wp:term":[{"taxonomy":"product_brand","embeddable":true,"href":"https:\/\/roveyayinevi.com.tr\/index.php\/wp-json\/wp\/v2\/product_brand?post=704399"},{"taxonomy":"product_cat","embeddable":true,"href":"https:\/\/roveyayinevi.com.tr\/index.php\/wp-json\/wp\/v2\/product_cat?post=704399"},{"taxonomy":"product_tag","embeddable":true,"href":"https:\/\/roveyayinevi.com.tr\/index.php\/wp-json\/wp\/v2\/product_tag?post=704399"}],"curies":[{"name":"wp","href":"https:\/\/api.w.org\/{rel}","templated":true}]}}