{"id":704397,"date":"2025-08-27T15:34:50","date_gmt":"2025-08-27T12:34:50","guid":{"rendered":"https:\/\/roveyayinevi.com.tr\/index.php\/urun\/anadolu-kultur-tarihi-ciltli\/"},"modified":"2026-04-16T02:13:26","modified_gmt":"2026-04-15T23:13:26","slug":"anadolu-kultur-tarihi-ciltli","status":"publish","type":"product","link":"https:\/\/roveyayinevi.com.tr\/index.php\/urun\/anadolu-kultur-tarihi-ciltli\/","title":{"rendered":"Anadolu K\u00fclt\u00fcr Tarihi (Ciltli)"},"content":{"rendered":"<p>Anadolu K\u00fclt\u00fcr Tarihi, Ord. Prof. Dr. Ekrem Akurgal&#8217;\u0131n 60 y\u0131l\u0131 a\u015fk\u0131n s\u00fcreyle yabanc\u0131 dillerde yay\u0131mlanm\u0131\u015f ara\u015ft\u0131rmalar\u0131n\u0131n sonu\u00e7lar\u0131n\u0131 ana \u00e7izgiyleriyle anlatan bir ba\u015fyap\u0131t&#8230; <\/p>\n","protected":false},"excerpt":{"rendered":"<p>Anadolu K\u00fclt\u00fcr Tarihi, Ord. Prof. Dr. Ekrem Akurgal&#8217;\u0131n 60 y\u0131l\u0131 a\u015fk\u0131n s\u00fcreyle yabanc\u0131 dillerde yay\u0131mlanm\u0131\u015f ara\u015ft\u0131rmalar\u0131n\u0131n sonu\u00e7lar\u0131n\u0131 ana \u00e7izgiyleriyle anlatan bir ba\u015fyap\u0131t&#8230;<\/p>\n","protected":false},"featured_media":0,"template":"","meta":{"_monsterinsights_skip_tracking":false,"_monsterinsights_sitenote_active":false,"_monsterinsights_sitenote_note":"","_monsterinsights_sitenote_category":0},"product_brand":[],"product_cat":[12370,12304],"product_tag":[],"class_list":{"0":"post-704397","1":"product","2":"type-product","3":"status-publish","5":"product_cat-arastirma-inceleme","6":"product_cat-tarih","7":"pa_cilt-ciltli","8":"pa_tur-kitap","9":"pa_yayinevi-phoenix-yayinevi-ozel-urun","10":"pa_yazar-ekrem-akurgal","12":"first","13":"instock","14":"sale","15":"shipping-taxable","16":"purchasable","17":"product-type-simple"},"_links":{"self":[{"href":"https:\/\/roveyayinevi.com.tr\/index.php\/wp-json\/wp\/v2\/product\/704397","targetHints":{"allow":["GET"]}}],"collection":[{"href":"https:\/\/roveyayinevi.com.tr\/index.php\/wp-json\/wp\/v2\/product"}],"about":[{"href":"https:\/\/roveyayinevi.com.tr\/index.php\/wp-json\/wp\/v2\/types\/product"}],"wp:attachment":[{"href":"https:\/\/roveyayinevi.com.tr\/index.php\/wp-json\/wp\/v2\/media?parent=704397"}],"wp:term":[{"taxonomy":"product_brand","embeddable":true,"href":"https:\/\/roveyayinevi.com.tr\/index.php\/wp-json\/wp\/v2\/product_brand?post=704397"},{"taxonomy":"product_cat","embeddable":true,"href":"https:\/\/roveyayinevi.com.tr\/index.php\/wp-json\/wp\/v2\/product_cat?post=704397"},{"taxonomy":"product_tag","embeddable":true,"href":"https:\/\/roveyayinevi.com.tr\/index.php\/wp-json\/wp\/v2\/product_tag?post=704397"}],"curies":[{"name":"wp","href":"https:\/\/api.w.org\/{rel}","templated":true}]}}