{"id":704395,"date":"2025-08-27T15:34:49","date_gmt":"2025-08-27T12:34:49","guid":{"rendered":"https:\/\/roveyayinevi.com.tr\/index.php\/urun\/surgundeki-hanedan\/"},"modified":"2026-04-16T02:13:26","modified_gmt":"2026-04-15T23:13:26","slug":"surgundeki-hanedan","status":"publish","type":"product","link":"https:\/\/roveyayinevi.com.tr\/index.php\/urun\/surgundeki-hanedan\/","title":{"rendered":"S\u00fcrg\u00fcndeki Hanedan"},"content":{"rendered":"<p>\u201cBir gece \u00e7ama\u015f\u0131rlar\u0131m\u0131z\u0131 dahi alamadan bu memleketten nas\u0131l kovuldu\u011fumuzu d\u00fc\u015f\u00fcnd\u00fck\u00e7e fena olurum. \u0130nsan hizmet\u00e7isini bile kovarken e\u015fyalar\u0131n\u0131 almas\u0131na m\u00fcsaade eder. 600 senelik bir ailenin bu memlekette hi\u00e7 mi hakk\u0131 yoktu? Osmanl\u0131 h\u00e2nedan\u0131na mensup k\u0131zlar ve kad\u0131nlar, at\u0131ld\u0131klar\u0131 Avrupa memleketlerinin kendilerine yabanc\u0131 olan \u015fehirlerinde a\u00e7l\u0131ktan k\u0131vrand\u0131lar, s\u00fcr\u00fcnd\u00fcler; fakat namuslar\u0131ndan asla fedak\u00e2rl\u0131k etmediler.\u201d\u015eehz\u00e2de Selim Efendi\u2019nin k\u0131z\u0131 Emine Nem\u00eeka Sultan <\/p>\n","protected":false},"excerpt":{"rendered":"<p>\u201cBir gece \u00e7ama\u015f\u0131rlar\u0131m\u0131z\u0131 dahi alamadan bu memleketten nas\u0131l kovuldu\u011fumuzu d\u00fc\u015f\u00fcnd\u00fck\u00e7e fena olurum. \u0130nsan hizmet\u00e7isini bile kovarken e\u015fyalar\u0131n\u0131 almas\u0131na m\u00fcsaade eder. 600 senelik bir ailenin bu memlekette<span class=\"excerpt-hellip\"> [\u2026]<\/span><\/p>\n","protected":false},"featured_media":0,"template":"","meta":{"_monsterinsights_skip_tracking":false,"_monsterinsights_sitenote_active":false,"_monsterinsights_sitenote_note":"","_monsterinsights_sitenote_category":0},"product_brand":[],"product_cat":[13517,12304],"product_tag":[],"class_list":{"0":"post-704395","1":"product","2":"type-product","3":"status-publish","5":"product_cat-osmanli-tarihi","6":"product_cat-tarih","7":"pa_cilt-ciltsiz","8":"pa_tur-kitap","9":"pa_yayinevi-timas-yayinlari","10":"pa_yazar-ekrem-bugra-ekinci","12":"first","13":"instock","14":"sale","15":"shipping-taxable","16":"purchasable","17":"product-type-simple"},"_links":{"self":[{"href":"https:\/\/roveyayinevi.com.tr\/index.php\/wp-json\/wp\/v2\/product\/704395","targetHints":{"allow":["GET"]}}],"collection":[{"href":"https:\/\/roveyayinevi.com.tr\/index.php\/wp-json\/wp\/v2\/product"}],"about":[{"href":"https:\/\/roveyayinevi.com.tr\/index.php\/wp-json\/wp\/v2\/types\/product"}],"wp:attachment":[{"href":"https:\/\/roveyayinevi.com.tr\/index.php\/wp-json\/wp\/v2\/media?parent=704395"}],"wp:term":[{"taxonomy":"product_brand","embeddable":true,"href":"https:\/\/roveyayinevi.com.tr\/index.php\/wp-json\/wp\/v2\/product_brand?post=704395"},{"taxonomy":"product_cat","embeddable":true,"href":"https:\/\/roveyayinevi.com.tr\/index.php\/wp-json\/wp\/v2\/product_cat?post=704395"},{"taxonomy":"product_tag","embeddable":true,"href":"https:\/\/roveyayinevi.com.tr\/index.php\/wp-json\/wp\/v2\/product_tag?post=704395"}],"curies":[{"name":"wp","href":"https:\/\/api.w.org\/{rel}","templated":true}]}}