{"id":704393,"date":"2025-08-27T15:34:48","date_gmt":"2025-08-27T12:34:48","guid":{"rendered":"https:\/\/roveyayinevi.com.tr\/index.php\/urun\/antik-kentler\/"},"modified":"2026-04-16T02:13:26","modified_gmt":"2026-04-15T23:13:26","slug":"antik-kentler","status":"publish","type":"product","link":"https:\/\/roveyayinevi.com.tr\/index.php\/urun\/antik-kentler\/","title":{"rendered":"Antik Kentler"},"content":{"rendered":"<p>Antik Kentler\u2019de antik Yak\u0131ndo\u011fu, M\u0131s\u0131r, Yunan ve Roma\u2019n\u0131n kent ve medeniyetleri arkeolojik bak\u0131\u015fla sunuluyor. Odak noktas\u0131 kentsel merkezler olan kitapta mimari ve di\u011fer maddi kal\u0131nt\u0131lar, tarihsel ve sosyoekonomik ba\u011flamlar, buralarda ya\u015fam\u0131\u015f insanlar\u0131n deneyimleri ele al\u0131n\u0131yor. Charles Gates, kentsel merkezlerin izini Yak\u0131ndo\u011fu\u2019nun M\u00d6 dokuzuncu ve alt\u0131nc\u0131 biny\u0131llarda ortaya \u00e7\u0131k\u0131\u015flar\u0131ndan MS d\u00f6rdu\u0308ncu\u0308 yu\u0308zy\u0131l\u0131n ba\u015flar\u0131nda paganl\u0131\u011f\u0131n sonlar\u0131na dek su\u0308ru\u0308yor. Modern Pakistan\u2019daki \u0130ndus Vadisi\u2019nden bat\u0131da \u0130ngiltere\u2019ye kadar uzanan, Pers \u0130mparatorlu\u011fu\u2019nun denetiminde olup Bu\u0308yu\u0308k \u0130skender taraf\u0131ndan fethedilen b\u00f6lge ile Roma \u0130mparatorlu\u011fu\u2019nun en geni\u015f halindeki topraklar\u0131n\u0131n birle\u015fimi olan bir alan\u0131 inceliyor. <\/p>\n","protected":false},"excerpt":{"rendered":"<p>Antik Kentler\u2019de antik Yak\u0131ndo\u011fu, M\u0131s\u0131r, Yunan ve Roma\u2019n\u0131n kent ve medeniyetleri arkeolojik bak\u0131\u015fla sunuluyor. Odak noktas\u0131 kentsel merkezler olan kitapta mimari ve di\u011fer maddi kal\u0131nt\u0131lar, tarihsel<span class=\"excerpt-hellip\"> [\u2026]<\/span><\/p>\n","protected":false},"featured_media":0,"template":"","meta":{"_monsterinsights_skip_tracking":false,"_monsterinsights_sitenote_active":false,"_monsterinsights_sitenote_note":"","_monsterinsights_sitenote_category":0},"product_brand":[],"product_cat":[12312,12304],"product_tag":[],"class_list":{"0":"post-704393","1":"product","2":"type-product","3":"status-publish","5":"product_cat-diger","6":"product_cat-tarih","7":"pa_cilt-ciltsiz","8":"pa_tur-kitap","9":"pa_yayinevi-koc-universitesi-yayinlari","10":"pa_yazar-charles-gates","12":"first","13":"instock","14":"sale","15":"shipping-taxable","16":"purchasable","17":"product-type-simple"},"_links":{"self":[{"href":"https:\/\/roveyayinevi.com.tr\/index.php\/wp-json\/wp\/v2\/product\/704393","targetHints":{"allow":["GET"]}}],"collection":[{"href":"https:\/\/roveyayinevi.com.tr\/index.php\/wp-json\/wp\/v2\/product"}],"about":[{"href":"https:\/\/roveyayinevi.com.tr\/index.php\/wp-json\/wp\/v2\/types\/product"}],"wp:attachment":[{"href":"https:\/\/roveyayinevi.com.tr\/index.php\/wp-json\/wp\/v2\/media?parent=704393"}],"wp:term":[{"taxonomy":"product_brand","embeddable":true,"href":"https:\/\/roveyayinevi.com.tr\/index.php\/wp-json\/wp\/v2\/product_brand?post=704393"},{"taxonomy":"product_cat","embeddable":true,"href":"https:\/\/roveyayinevi.com.tr\/index.php\/wp-json\/wp\/v2\/product_cat?post=704393"},{"taxonomy":"product_tag","embeddable":true,"href":"https:\/\/roveyayinevi.com.tr\/index.php\/wp-json\/wp\/v2\/product_tag?post=704393"}],"curies":[{"name":"wp","href":"https:\/\/api.w.org\/{rel}","templated":true}]}}