{"id":704391,"date":"2025-08-27T15:34:46","date_gmt":"2025-08-27T12:34:46","guid":{"rendered":"https:\/\/roveyayinevi.com.tr\/index.php\/urun\/anneannemin-konuk-kedisi\/"},"modified":"2026-04-16T02:13:26","modified_gmt":"2026-04-15T23:13:26","slug":"anneannemin-konuk-kedisi","status":"publish","type":"product","link":"https:\/\/roveyayinevi.com.tr\/index.php\/urun\/anneannemin-konuk-kedisi\/","title":{"rendered":"Anneannemin Konuk Kedisi"},"content":{"rendered":"<p>Apartman\u0131m\u0131za kim ta\u015f\u0131n\u0131rsa, anneannem, kamyonu ve ta\u015f\u0131y\u0131c\u0131lar\u0131 g\u00f6r\u00fcr g\u00f6rmez hemen haz\u0131rl\u0131\u011fa ba\u015flar. Kar\u015f\u0131 apartmana ta\u015f\u0131nanlar i\u00e7in de ayn\u0131 \u015feyi yapar. B\u00fcy\u00fck tencerede suyu ha\u015flar, i\u00e7ine makanay\u0131 salar. Ba\u015fka bir tencerede de tarhana \u00e7orbas\u0131 haz\u0131rlar. Yeni ta\u015f\u0131nanlar ka\u00e7 ki\u015fiyse, art\u0131k ona g\u00f6re, tabaklara \u00e7orbalar\u0131, makarnalar\u0131 doldurur, tam ta\u015f\u0131nma biter bitmez, yeni ta\u015f\u0131nanlar\u0131n kap\u0131s\u0131n\u0131 \u00e7alar&#8230;<\/p>\n","protected":false},"excerpt":{"rendered":"<p>Apartman\u0131m\u0131za kim ta\u015f\u0131n\u0131rsa, anneannem, kamyonu ve ta\u015f\u0131y\u0131c\u0131lar\u0131 g\u00f6r\u00fcr g\u00f6rmez hemen haz\u0131rl\u0131\u011fa ba\u015flar. Kar\u015f\u0131 apartmana ta\u015f\u0131nanlar i\u00e7in de ayn\u0131 \u015feyi yapar. B\u00fcy\u00fck tencerede suyu ha\u015flar, i\u00e7ine makanay\u0131<span class=\"excerpt-hellip\"> [\u2026]<\/span><\/p>\n","protected":false},"featured_media":0,"template":"","meta":{"_monsterinsights_skip_tracking":false,"_monsterinsights_sitenote_active":false,"_monsterinsights_sitenote_note":"","_monsterinsights_sitenote_category":0},"product_brand":[],"product_cat":[12274,12284],"product_tag":[],"class_list":{"0":"post-704391","1":"product","2":"type-product","3":"status-publish","5":"product_cat-cocuk-ve-genclik-kitaplari","6":"product_cat-hikayeler","7":"pa_cilt-ciltsiz","8":"pa_tur-kitap","9":"pa_yayinevi-bilgi-yayinevi-cocuk","10":"pa_yazar-muzaffer-izgu","12":"first","13":"instock","14":"sale","15":"shipping-taxable","16":"purchasable","17":"product-type-simple"},"_links":{"self":[{"href":"https:\/\/roveyayinevi.com.tr\/index.php\/wp-json\/wp\/v2\/product\/704391","targetHints":{"allow":["GET"]}}],"collection":[{"href":"https:\/\/roveyayinevi.com.tr\/index.php\/wp-json\/wp\/v2\/product"}],"about":[{"href":"https:\/\/roveyayinevi.com.tr\/index.php\/wp-json\/wp\/v2\/types\/product"}],"wp:attachment":[{"href":"https:\/\/roveyayinevi.com.tr\/index.php\/wp-json\/wp\/v2\/media?parent=704391"}],"wp:term":[{"taxonomy":"product_brand","embeddable":true,"href":"https:\/\/roveyayinevi.com.tr\/index.php\/wp-json\/wp\/v2\/product_brand?post=704391"},{"taxonomy":"product_cat","embeddable":true,"href":"https:\/\/roveyayinevi.com.tr\/index.php\/wp-json\/wp\/v2\/product_cat?post=704391"},{"taxonomy":"product_tag","embeddable":true,"href":"https:\/\/roveyayinevi.com.tr\/index.php\/wp-json\/wp\/v2\/product_tag?post=704391"}],"curies":[{"name":"wp","href":"https:\/\/api.w.org\/{rel}","templated":true}]}}