{"id":704390,"date":"2025-08-27T15:34:46","date_gmt":"2025-08-27T12:34:46","guid":{"rendered":"https:\/\/roveyayinevi.com.tr\/index.php\/urun\/anneannemin-gullu-yorgani\/"},"modified":"2026-04-16T02:13:26","modified_gmt":"2026-04-15T23:13:26","slug":"anneannemin-gullu-yorgani","status":"publish","type":"product","link":"https:\/\/roveyayinevi.com.tr\/index.php\/urun\/anneannemin-gullu-yorgani\/","title":{"rendered":"Anneannemin G\u00fcll\u00fc Yorgan\u0131"},"content":{"rendered":"<p>Muzaffer \u0130zg\u00fc&#8217;n\u00fcn \u00e7ocuklar taraf\u0131ndan \u00e7ok sevilen &#8220;Anneannemin Ak\u0131l Almaz Maceralar\u0131&#8221; serisinin s\u00fcr\u00fckleyici \u00f6yk\u00fclerle dolu yeni kitab\u0131. \u00c7ocuklar\u0131n &#8220;yazar dede&#8221;si Muzaffer \u0130zg\u00fc&#8217;n\u00fcn bu kitab\u0131nda anneannemiz ile kimi zaman bir g\u00fcll\u00fc yorgan pe\u015fine d\u00fc\u015fecek, kimi zaman yeni bir araba sat\u0131n alacak, kimi zaman da e\u011flenceli \u015fark\u0131lar s\u00f6yleyeceksiniz. &#8221; Muzaffer \u0130zg\u00fc&#8217;n\u00fcn, 200 binin \u00fczerinde satan \u00fcnl\u00fc &#8220;Anneannemin Ak\u0131l Almaz Maceralar\u0131&#8221; dizisinin 18. kitab\u0131. &#8221; Yazar, 2003 \u00c7ocuk Edebiyat\u0131 \u00d6d\u00fcl\u00fc sahibi. &#8221; \u00c7ocuklar\u0131n e\u011flenerek yeni \u015feyler \u00f6\u011frenecekleri s\u00fcr\u00fckleyici \u00f6yk\u00fcler. \ufffcTan\u0131t\u0131m Metni<\/p>\n","protected":false},"excerpt":{"rendered":"<p>Muzaffer \u0130zg\u00fc&#8217;n\u00fcn \u00e7ocuklar taraf\u0131ndan \u00e7ok sevilen &#8220;Anneannemin Ak\u0131l Almaz Maceralar\u0131&#8221; serisinin s\u00fcr\u00fckleyici \u00f6yk\u00fclerle dolu yeni kitab\u0131. \u00c7ocuklar\u0131n &#8220;yazar dede&#8221;si Muzaffer \u0130zg\u00fc&#8217;n\u00fcn bu kitab\u0131nda anneannemiz ile kimi<span class=\"excerpt-hellip\"> [\u2026]<\/span><\/p>\n","protected":false},"featured_media":0,"template":"","meta":{"_monsterinsights_skip_tracking":false,"_monsterinsights_sitenote_active":false,"_monsterinsights_sitenote_note":"","_monsterinsights_sitenote_category":0},"product_brand":[],"product_cat":[12274,12284],"product_tag":[],"class_list":{"0":"post-704390","1":"product","2":"type-product","3":"status-publish","5":"product_cat-cocuk-ve-genclik-kitaplari","6":"product_cat-hikayeler","7":"pa_cilt-ciltsiz","8":"pa_tur-kitap","9":"pa_yayinevi-bilgi-yayinevi-cocuk","10":"pa_yazar-muzaffer-izgu","12":"first","13":"instock","14":"sale","15":"shipping-taxable","16":"purchasable","17":"product-type-simple"},"_links":{"self":[{"href":"https:\/\/roveyayinevi.com.tr\/index.php\/wp-json\/wp\/v2\/product\/704390","targetHints":{"allow":["GET"]}}],"collection":[{"href":"https:\/\/roveyayinevi.com.tr\/index.php\/wp-json\/wp\/v2\/product"}],"about":[{"href":"https:\/\/roveyayinevi.com.tr\/index.php\/wp-json\/wp\/v2\/types\/product"}],"wp:attachment":[{"href":"https:\/\/roveyayinevi.com.tr\/index.php\/wp-json\/wp\/v2\/media?parent=704390"}],"wp:term":[{"taxonomy":"product_brand","embeddable":true,"href":"https:\/\/roveyayinevi.com.tr\/index.php\/wp-json\/wp\/v2\/product_brand?post=704390"},{"taxonomy":"product_cat","embeddable":true,"href":"https:\/\/roveyayinevi.com.tr\/index.php\/wp-json\/wp\/v2\/product_cat?post=704390"},{"taxonomy":"product_tag","embeddable":true,"href":"https:\/\/roveyayinevi.com.tr\/index.php\/wp-json\/wp\/v2\/product_tag?post=704390"}],"curies":[{"name":"wp","href":"https:\/\/api.w.org\/{rel}","templated":true}]}}