{"id":704389,"date":"2025-08-27T15:34:46","date_gmt":"2025-08-27T12:34:46","guid":{"rendered":"https:\/\/roveyayinevi.com.tr\/index.php\/urun\/anneannemin-cep-telefonu\/"},"modified":"2026-04-16T02:13:26","modified_gmt":"2026-04-15T23:13:26","slug":"anneannemin-cep-telefonu","status":"publish","type":"product","link":"https:\/\/roveyayinevi.com.tr\/index.php\/urun\/anneannemin-cep-telefonu\/","title":{"rendered":"Anneannemin Cep Telefonu"},"content":{"rendered":"<p>G\u00f6ky\u00fcz\u00fcnden reng\u00e2renk d\u00f6k\u00fclen karlar, keyifli u\u00e7ak yolculuklar\u0131, s\u00fcrpriz yapmay\u0131 \u00e7ok seven bir anneanne ve tabii ki \u015fa\u015f\u0131rt\u0131c\u0131-sevindirici s\u00fcrprizler.Renkli \u00e7izimlerle yenilenen Anneannemin Ak\u0131l Almaz Maceralar\u0131 serisi, kitapl\u0131\u011f\u0131n\u0131zda yer almaya haz\u0131r.<\/p>\n","protected":false},"excerpt":{"rendered":"<p>G\u00f6ky\u00fcz\u00fcnden reng\u00e2renk d\u00f6k\u00fclen karlar, keyifli u\u00e7ak yolculuklar\u0131, s\u00fcrpriz yapmay\u0131 \u00e7ok seven bir anneanne ve tabii ki \u015fa\u015f\u0131rt\u0131c\u0131-sevindirici s\u00fcrprizler.Renkli \u00e7izimlerle yenilenen Anneannemin Ak\u0131l Almaz Maceralar\u0131 serisi, kitapl\u0131\u011f\u0131n\u0131zda<span class=\"excerpt-hellip\"> [\u2026]<\/span><\/p>\n","protected":false},"featured_media":0,"template":"","meta":{"_monsterinsights_skip_tracking":false,"_monsterinsights_sitenote_active":false,"_monsterinsights_sitenote_note":"","_monsterinsights_sitenote_category":0},"product_brand":[],"product_cat":[12274,12284],"product_tag":[],"class_list":{"0":"post-704389","1":"product","2":"type-product","3":"status-publish","5":"product_cat-cocuk-ve-genclik-kitaplari","6":"product_cat-hikayeler","7":"pa_cilt-ciltsiz","8":"pa_tur-kitap","9":"pa_yayinevi-bilgi-yayinevi-cocuk","10":"pa_yazar-muzaffer-izgu","12":"first","13":"instock","14":"sale","15":"shipping-taxable","16":"purchasable","17":"product-type-simple"},"_links":{"self":[{"href":"https:\/\/roveyayinevi.com.tr\/index.php\/wp-json\/wp\/v2\/product\/704389","targetHints":{"allow":["GET"]}}],"collection":[{"href":"https:\/\/roveyayinevi.com.tr\/index.php\/wp-json\/wp\/v2\/product"}],"about":[{"href":"https:\/\/roveyayinevi.com.tr\/index.php\/wp-json\/wp\/v2\/types\/product"}],"wp:attachment":[{"href":"https:\/\/roveyayinevi.com.tr\/index.php\/wp-json\/wp\/v2\/media?parent=704389"}],"wp:term":[{"taxonomy":"product_brand","embeddable":true,"href":"https:\/\/roveyayinevi.com.tr\/index.php\/wp-json\/wp\/v2\/product_brand?post=704389"},{"taxonomy":"product_cat","embeddable":true,"href":"https:\/\/roveyayinevi.com.tr\/index.php\/wp-json\/wp\/v2\/product_cat?post=704389"},{"taxonomy":"product_tag","embeddable":true,"href":"https:\/\/roveyayinevi.com.tr\/index.php\/wp-json\/wp\/v2\/product_tag?post=704389"}],"curies":[{"name":"wp","href":"https:\/\/api.w.org\/{rel}","templated":true}]}}