{"id":704388,"date":"2025-08-27T15:34:45","date_gmt":"2025-08-27T12:34:45","guid":{"rendered":"https:\/\/roveyayinevi.com.tr\/index.php\/urun\/mutsuz-olmak-gunahtir\/"},"modified":"2026-04-13T02:16:44","modified_gmt":"2026-04-12T23:16:44","slug":"mutsuz-olmak-gunahtir","status":"publish","type":"product","link":"https:\/\/roveyayinevi.com.tr\/index.php\/urun\/mutsuz-olmak-gunahtir\/","title":{"rendered":"Mutsuz Olmak G\u00fcnaht\u0131r"},"content":{"rendered":"<p>Birisi mutluluk mu dedi?Mutluluk!Yok can\u0131m, daha neler? Mutlulu\u011fu kimkaybetmi\u015f de, biz bulaca\u011f\u0131z? Dibine kadarac\u0131 \u00e7ekmek, kahrolmak varken mutluluk daneymi\u015f? Sol yan\u0131n\u0131z ac\u0131madan olur mu hi\u00e7?Ac\u0131 \u00e7ekmeden olgunla\u015f\u0131r m\u0131 insan? Falan filan\u2026\u00c7ok s\u0131k\u0131ld\u0131m ve i\u00e7im bay\u0131ld\u0131 yazarken. O y\u00fczdendaha fazla uzatamayaca\u011f\u0131m? Mesaj son derece a\u00e7\u0131k:Mutsuz Olmak G\u00fcnaht\u0131r!\u0130\u00e7inizdeki ezik, peri\u015fan ve varsa \u015fimdi s\u00f6ylesin, yada sonsuza dek sussun!\u00c7\u00fcnk\u00fc kitab\u0131 bitirdi\u011finiz zaman, \u00e7ok b\u00fcy\u00fck ihtimallebir daha sol yan\u0131n\u0131z ac\u0131mayacak&#8230;Eskimi\u015f ac\u0131lar\u0131n\u0131z\u0131n son kullanma tarihi ge\u00e7ti!G\u00f6zya\u015f\u0131 musluklar\u0131n\u0131z yeteri kadar a\u00e7\u0131k kald\u0131\u2026A\u011flad\u0131n\u0131z, \u00fcz\u00fcld\u00fcn\u00fcz, kahroldunuz ve \u201cY\u0131l\u0131nEn \u0130yi Depresifi\u201d \u00f6d\u00fcl\u00fcn\u00fc hak ettiniz! Tamam!Hakl\u0131s\u0131n\u0131z\u2026 Anl\u0131yorum sizi\u2026 Ama art\u0131k yeter\u2026Biraz da mutlu olal\u0131m can\u0131m\u2026\u015eimdi elimize pankartlar\u0131 al\u0131p, \u201cMutlulukHakk\u0131m\u0131z, S\u00f6ke S\u00f6ke Al\u0131r\u0131z\u201d demenin zaman\u0131geldi. \u015eu an hayat\u0131n\u0131z\u0131n en \u00f6zel anlar\u0131ndan biriniya\u015f\u0131yor olabilirsiniz.\u00c7\u00fcnk\u00fc Mutsuz Olmak G\u00fcnaht\u0131r Ba\u015fl\u0131yor! <\/p>\n","protected":false},"excerpt":{"rendered":"<p>Birisi mutluluk mu dedi?Mutluluk!Yok can\u0131m, daha neler? Mutlulu\u011fu kimkaybetmi\u015f de, biz bulaca\u011f\u0131z? Dibine kadarac\u0131 \u00e7ekmek, kahrolmak varken mutluluk daneymi\u015f? Sol yan\u0131n\u0131z ac\u0131madan olur mu hi\u00e7?Ac\u0131 \u00e7ekmeden<span class=\"excerpt-hellip\"> [\u2026]<\/span><\/p>\n","protected":false},"featured_media":0,"template":"","meta":{"_monsterinsights_skip_tracking":false,"_monsterinsights_sitenote_active":false,"_monsterinsights_sitenote_note":"","_monsterinsights_sitenote_category":0},"product_brand":[],"product_cat":[12364,12376],"product_tag":[],"class_list":{"0":"post-704388","1":"product","2":"type-product","3":"status-publish","5":"product_cat-genel-konular","6":"product_cat-kisisel-gelisim","7":"pa_cilt-ciltsiz","8":"pa_tur-kitap","9":"pa_yayinevi-cay-yayinlari","10":"pa_yazar-mustafa-cay","12":"first","13":"instock","14":"sale","15":"shipping-taxable","16":"purchasable","17":"product-type-simple"},"_links":{"self":[{"href":"https:\/\/roveyayinevi.com.tr\/index.php\/wp-json\/wp\/v2\/product\/704388","targetHints":{"allow":["GET"]}}],"collection":[{"href":"https:\/\/roveyayinevi.com.tr\/index.php\/wp-json\/wp\/v2\/product"}],"about":[{"href":"https:\/\/roveyayinevi.com.tr\/index.php\/wp-json\/wp\/v2\/types\/product"}],"wp:attachment":[{"href":"https:\/\/roveyayinevi.com.tr\/index.php\/wp-json\/wp\/v2\/media?parent=704388"}],"wp:term":[{"taxonomy":"product_brand","embeddable":true,"href":"https:\/\/roveyayinevi.com.tr\/index.php\/wp-json\/wp\/v2\/product_brand?post=704388"},{"taxonomy":"product_cat","embeddable":true,"href":"https:\/\/roveyayinevi.com.tr\/index.php\/wp-json\/wp\/v2\/product_cat?post=704388"},{"taxonomy":"product_tag","embeddable":true,"href":"https:\/\/roveyayinevi.com.tr\/index.php\/wp-json\/wp\/v2\/product_tag?post=704388"}],"curies":[{"name":"wp","href":"https:\/\/api.w.org\/{rel}","templated":true}]}}