{"id":704386,"date":"2025-08-27T15:34:44","date_gmt":"2025-08-27T12:34:44","guid":{"rendered":"https:\/\/roveyayinevi.com.tr\/index.php\/urun\/kucuk-prens-9\/"},"modified":"2026-04-16T02:13:26","modified_gmt":"2026-04-15T23:13:26","slug":"kucuk-prens-9","status":"publish","type":"product","link":"https:\/\/roveyayinevi.com.tr\/index.php\/urun\/kucuk-prens-9\/","title":{"rendered":"K\u00fc\u00e7\u00fck Prens"},"content":{"rendered":"<p>&#8220;Bir g\u00fcn yolunuz Afrika&#8217;ya, \u00e7\u00f6le d\u00fc\u015ferse, tan\u0131y\u0131p \u00e7\u0131karabilmeniz i\u00e7in, iyi bak\u0131n bu resme! Ve oradan ge\u00e7ecek olursan\u0131z, yalvar\u0131r\u0131m size, hemen uzakla\u015fmay\u0131n, y\u0131ld\u0131z\u0131n alt\u0131nda bekleyin bir s\u00fcre! Size do\u011fru bir \u00e7ocuk geliyorsa, g\u00fcl\u00fcyorsa, alt\u0131n sar\u0131s\u0131 sa\u00e7lar\u0131 varsa, sorulan sorulara yan\u0131t vermiyorsa, anlay\u0131n ki odur. Ne olur, bir iyilik edin! B\u00f6yle kederli b\u0131rakmay\u0131n beni: D\u00f6nd\u00fc\u011f\u00fcn\u00fc yaz\u0131n bana&#8230;&#8221;Elinizdeki kitapta bir mektup k\u00e2\u011f\u0131d\u0131 bulacaks\u0131n\u0131z. Y\u00fcre\u011finizle &#8220;g\u00f6rd\u00fcklerinizi&#8221; bu mektup k\u00e2\u011f\u0131d\u0131na yaz\u0131p bize postalayabilirsiniz.<\/p>\n","protected":false},"excerpt":{"rendered":"<p>&#8220;Bir g\u00fcn yolunuz Afrika&#8217;ya, \u00e7\u00f6le d\u00fc\u015ferse, tan\u0131y\u0131p \u00e7\u0131karabilmeniz i\u00e7in, iyi bak\u0131n bu resme! Ve oradan ge\u00e7ecek olursan\u0131z, yalvar\u0131r\u0131m size, hemen uzakla\u015fmay\u0131n, y\u0131ld\u0131z\u0131n alt\u0131nda bekleyin bir s\u00fcre!<span class=\"excerpt-hellip\"> [\u2026]<\/span><\/p>\n","protected":false},"featured_media":0,"template":"","meta":{"_monsterinsights_skip_tracking":false,"_monsterinsights_sitenote_active":false,"_monsterinsights_sitenote_note":"","_monsterinsights_sitenote_category":0},"product_brand":[],"product_cat":[12274,12467],"product_tag":[],"class_list":{"0":"post-704386","1":"product","2":"type-product","3":"status-publish","5":"product_cat-cocuk-ve-genclik-kitaplari","6":"product_cat-dunya-klasikleri","7":"pa_cilt-ciltsiz","8":"pa_tur-kitap","9":"pa_yayinevi-bilgi-yayinevi-cocuk","10":"pa_yazar-antonie-de-saint-exupery","12":"first","13":"instock","14":"sale","15":"shipping-taxable","16":"purchasable","17":"product-type-simple"},"_links":{"self":[{"href":"https:\/\/roveyayinevi.com.tr\/index.php\/wp-json\/wp\/v2\/product\/704386","targetHints":{"allow":["GET"]}}],"collection":[{"href":"https:\/\/roveyayinevi.com.tr\/index.php\/wp-json\/wp\/v2\/product"}],"about":[{"href":"https:\/\/roveyayinevi.com.tr\/index.php\/wp-json\/wp\/v2\/types\/product"}],"wp:attachment":[{"href":"https:\/\/roveyayinevi.com.tr\/index.php\/wp-json\/wp\/v2\/media?parent=704386"}],"wp:term":[{"taxonomy":"product_brand","embeddable":true,"href":"https:\/\/roveyayinevi.com.tr\/index.php\/wp-json\/wp\/v2\/product_brand?post=704386"},{"taxonomy":"product_cat","embeddable":true,"href":"https:\/\/roveyayinevi.com.tr\/index.php\/wp-json\/wp\/v2\/product_cat?post=704386"},{"taxonomy":"product_tag","embeddable":true,"href":"https:\/\/roveyayinevi.com.tr\/index.php\/wp-json\/wp\/v2\/product_tag?post=704386"}],"curies":[{"name":"wp","href":"https:\/\/api.w.org\/{rel}","templated":true}]}}