{"id":704384,"date":"2025-08-27T15:34:44","date_gmt":"2025-08-27T12:34:44","guid":{"rendered":"https:\/\/roveyayinevi.com.tr\/index.php\/urun\/tanrilarin-alacakaranligi\/"},"modified":"2026-04-16T02:13:26","modified_gmt":"2026-04-15T23:13:26","slug":"tanrilarin-alacakaranligi","status":"publish","type":"product","link":"https:\/\/roveyayinevi.com.tr\/index.php\/urun\/tanrilarin-alacakaranligi\/","title":{"rendered":"Tanr\u0131lar\u0131n Alacakaranl\u0131\u011f\u0131"},"content":{"rendered":"<p>Erich Von Daniken \u2013 Tanr\u0131lar\u0131n Alacakaranl\u0131\u011f\u0131 kapa\u011f\u0131 de\u011fi\u015fti. D\u00fcn g\u00f6nderdi\u011fim kapak iptal. Yeni hali ekte. Metinde de ufak tefek de\u011fi\u015fiklikler var. A\u015fa\u011f\u0131da:   \u201cERICH VON D\u00c4NIKEN\u2019\u0130N F\u0130K\u0130RLER\u0130N\u0130N EFSANEV\u0130 B\u0130R \u00c7EK\u0130C\u0130L\u0130\u011e\u0130 VAR.\u201d James A. Herrick, Christianity Today   Bolivya\u2019daki And Da\u011flar\u0131\u2019n\u0131n tepesinde -deniz seviyesinden 4.000 metre y\u00fckseklikte- Ta\u015f Devri sakinleri taraf\u0131ndan in\u015fa edilmesi m\u00fcmk\u00fcn olmayan bir antik \u015fehir, Puma Punku yer al\u0131yor. \u201cBu \u015fehir resmen g\u00f6\u011fe y\u00fckseliyor,\u201d diye yaz\u0131yor Erich von D\u00e4niken. \u201cTanr\u0131lar\u0131n Alaca Karanl\u0131\u011f\u0131\u2019nda,\u201d diyor yazar, \u201c400 y\u0131l \u00f6nce, Puma Punku\u2019nun muhte\u015fem ta\u015f bloklar\u0131n\u0131n \u00f6n\u00fcnde duran ilk ziyaret\u00e7ilerin nefesini kesen \u015feyi belgelemek istiyorum. Arkeologlar\u0131n y\u00fczlerce y\u0131l \u00f6nce ne ke\u015ffetti\u011fini ve as\u0131rlard\u0131r ne kadar\u0131n\u0131n kasten yok edildi\u011fini g\u00f6stermek istiyorum. Ayn\u0131 zamanda Puma Punku\u2019yu Ta\u015f Devri insanlar\u0131n\u0131n in\u015fa etmedi\u011fini de kan\u0131tlayaca\u011f\u0131m. \u201cVe tanr\u0131lar, zaman\u0131 geldi\u011finde uzun yolculuklar\u0131ndan d\u00f6nerek yeniden d\u00fcnyada boy g\u00f6sterecekler. S\u00f6zde tanr\u0131lar, di\u011fer bir deyi\u015fle d\u00fcnya d\u0131\u015f\u0131 varl\u0131klar sayesinde ak\u0131l almaz bir tanr\u0131 \u015foku ya\u015famaya haz\u0131r olsak iyi olur. \u201cBiraz olsun akl\u0131 olan biri bile y\u0131ld\u0131zlar aras\u0131 yolculu\u011fun imk\u00e2ns\u0131z oldu\u011funu ve muhtemelen \u00f6yle kalaca\u011f\u0131n\u0131 bilmez mi? Ve uzayl\u0131lar\u0131n asla bize benzemeyece\u011fini? \u201cEh, sevgili okuyucular\u0131m, ben bu \u00f6nyarg\u0131lar\u0131 yok edece\u011fim. Sistematik olarak. Ad\u0131m ad\u0131m, par\u00e7a par\u00e7a.\u201d Erich von D\u00e4niken, kendine has \u00fcslubuyla bu \u00f6nyarg\u0131lar\u0131 al\u0131p hi\u00e7bir yazar\u0131n alt\u0131ndan kalkamayaca\u011f\u0131 bir a\u00e7\u0131kl\u0131kla ger\u00e7e\u011fe kavu\u015fturuyor. <\/p>\n","protected":false},"excerpt":{"rendered":"<p>Erich Von Daniken \u2013 Tanr\u0131lar\u0131n Alacakaranl\u0131\u011f\u0131 kapa\u011f\u0131 de\u011fi\u015fti. D\u00fcn g\u00f6nderdi\u011fim kapak iptal. Yeni hali ekte. Metinde de ufak tefek de\u011fi\u015fiklikler var. A\u015fa\u011f\u0131da: \u201cERICH VON D\u00c4NIKEN\u2019\u0130N F\u0130K\u0130RLER\u0130N\u0130N<span class=\"excerpt-hellip\"> [\u2026]<\/span><\/p>\n","protected":false},"featured_media":0,"template":"","meta":{"_monsterinsights_skip_tracking":false,"_monsterinsights_sitenote_active":false,"_monsterinsights_sitenote_note":"","_monsterinsights_sitenote_category":0},"product_brand":[],"product_cat":[12364,16154],"product_tag":[],"class_list":{"0":"post-704384","1":"product","2":"type-product","3":"status-publish","5":"product_cat-genel-konular","6":"product_cat-parapsikoloji","7":"pa_cilt-ciltsiz","8":"pa_tur-kitap","9":"pa_yayinevi-artemis-yayinlari","10":"pa_yazar-erich-von-daniken","12":"first","13":"instock","14":"sale","15":"shipping-taxable","16":"purchasable","17":"product-type-simple"},"_links":{"self":[{"href":"https:\/\/roveyayinevi.com.tr\/index.php\/wp-json\/wp\/v2\/product\/704384","targetHints":{"allow":["GET"]}}],"collection":[{"href":"https:\/\/roveyayinevi.com.tr\/index.php\/wp-json\/wp\/v2\/product"}],"about":[{"href":"https:\/\/roveyayinevi.com.tr\/index.php\/wp-json\/wp\/v2\/types\/product"}],"wp:attachment":[{"href":"https:\/\/roveyayinevi.com.tr\/index.php\/wp-json\/wp\/v2\/media?parent=704384"}],"wp:term":[{"taxonomy":"product_brand","embeddable":true,"href":"https:\/\/roveyayinevi.com.tr\/index.php\/wp-json\/wp\/v2\/product_brand?post=704384"},{"taxonomy":"product_cat","embeddable":true,"href":"https:\/\/roveyayinevi.com.tr\/index.php\/wp-json\/wp\/v2\/product_cat?post=704384"},{"taxonomy":"product_tag","embeddable":true,"href":"https:\/\/roveyayinevi.com.tr\/index.php\/wp-json\/wp\/v2\/product_tag?post=704384"}],"curies":[{"name":"wp","href":"https:\/\/api.w.org\/{rel}","templated":true}]}}