{"id":704376,"date":"2025-08-27T15:34:41","date_gmt":"2025-08-27T12:34:41","guid":{"rendered":"https:\/\/roveyayinevi.com.tr\/index.php\/urun\/deyimler-sozlugu-2\/"},"modified":"2026-04-16T02:13:25","modified_gmt":"2026-04-15T23:13:25","slug":"deyimler-sozlugu-2","status":"publish","type":"product","link":"https:\/\/roveyayinevi.com.tr\/index.php\/urun\/deyimler-sozlugu-2\/","title":{"rendered":"Deyimler S\u00f6zl\u00fc\u011f\u00fc 2"},"content":{"rendered":"<p>Kitab\u0131m\u0131z\u0131n birinci cildinde deyimlerimizin bi\u00e7im ve kavram \u00f6zelliklerini, ba\u015fka niteliklerini incelemi\u015f, genel \u00e7izgileriyle tan\u0131m\u0131n\u0131 vermi\u015ftik. Konuya biraz daha yakla\u015f\u0131rsak g\u00f6r\u00fcr\u00fcz ki bu tan\u0131m\u0131n i\u00e7ine giren s\u00f6zler, kimi \u00f6zellikleriyle birbirlerinden az \u00e7ok ayr\u0131 nitelikler de tart\u0131\u015fmaktad\u0131rlar ve genel bak\u0131\u015fla kapsam\u0131 geni\u015f olan deyimlerimizi, \u00f6zel niteliklerine g\u00f6re birtak\u0131m k\u00fcmelere, \u00e7e\u015fitlere ay\u0131rma olana\u011f\u0131 vard\u0131r. \ufffcTan\u0131t\u0131m Metni<\/p>\n","protected":false},"excerpt":{"rendered":"<p>Kitab\u0131m\u0131z\u0131n birinci cildinde deyimlerimizin bi\u00e7im ve kavram \u00f6zelliklerini, ba\u015fka niteliklerini incelemi\u015f, genel \u00e7izgileriyle tan\u0131m\u0131n\u0131 vermi\u015ftik. Konuya biraz daha yakla\u015f\u0131rsak g\u00f6r\u00fcr\u00fcz ki bu tan\u0131m\u0131n i\u00e7ine giren s\u00f6zler,<span class=\"excerpt-hellip\"> [\u2026]<\/span><\/p>\n","protected":false},"featured_media":0,"template":"","meta":{"_monsterinsights_skip_tracking":false,"_monsterinsights_sitenote_active":false,"_monsterinsights_sitenote_note":"","_monsterinsights_sitenote_category":0},"product_brand":[],"product_cat":[12566,13611],"product_tag":[],"class_list":{"0":"post-704376","1":"product","2":"type-product","3":"status-publish","5":"product_cat-egitim","6":"product_cat-sozlukler-ve-konusma-kilavuzlari","7":"pa_cilt-ciltsiz","8":"pa_tur-kitap","9":"pa_yayinevi-inkilap-kitabevi","10":"pa_yazar-omer-asim-aksoy","12":"first","13":"instock","14":"sale","15":"shipping-taxable","16":"purchasable","17":"product-type-simple"},"_links":{"self":[{"href":"https:\/\/roveyayinevi.com.tr\/index.php\/wp-json\/wp\/v2\/product\/704376","targetHints":{"allow":["GET"]}}],"collection":[{"href":"https:\/\/roveyayinevi.com.tr\/index.php\/wp-json\/wp\/v2\/product"}],"about":[{"href":"https:\/\/roveyayinevi.com.tr\/index.php\/wp-json\/wp\/v2\/types\/product"}],"wp:attachment":[{"href":"https:\/\/roveyayinevi.com.tr\/index.php\/wp-json\/wp\/v2\/media?parent=704376"}],"wp:term":[{"taxonomy":"product_brand","embeddable":true,"href":"https:\/\/roveyayinevi.com.tr\/index.php\/wp-json\/wp\/v2\/product_brand?post=704376"},{"taxonomy":"product_cat","embeddable":true,"href":"https:\/\/roveyayinevi.com.tr\/index.php\/wp-json\/wp\/v2\/product_cat?post=704376"},{"taxonomy":"product_tag","embeddable":true,"href":"https:\/\/roveyayinevi.com.tr\/index.php\/wp-json\/wp\/v2\/product_tag?post=704376"}],"curies":[{"name":"wp","href":"https:\/\/api.w.org\/{rel}","templated":true}]}}