{"id":704375,"date":"2025-08-27T15:34:40","date_gmt":"2025-08-27T12:34:40","guid":{"rendered":"https:\/\/roveyayinevi.com.tr\/index.php\/urun\/atasozleri-sozlugu-1\/"},"modified":"2026-04-16T02:13:25","modified_gmt":"2026-04-15T23:13:25","slug":"atasozleri-sozlugu-1","status":"publish","type":"product","link":"https:\/\/roveyayinevi.com.tr\/index.php\/urun\/atasozleri-sozlugu-1\/","title":{"rendered":"Atas\u00f6zleri S\u00f6zl\u00fc\u011f\u00fc 1"},"content":{"rendered":"<p>Her dilde atas\u00f6zleri ve deyimler vard\u0131r. Toplumbilim, ruhbilim, e\u011fitbilim, ekonomi, felsefe, tarih, ahlak, folklor&#8230; gibi bir\u00e7ok konular\u0131 ilgilendiren ve bir\u00e7ok y\u00f6nlerden inceleme konusu edilmeye de\u011fer olan bu ulusal varl\u0131klar, deyi\u015f g\u00fczelli\u011fi, anlat\u0131m g\u00fcc\u00fc, kavram zenginli\u011fi bak\u0131m\u0131ndan pek \u00f6nemli dil yap\u0131lar\u0131d\u0131r. \ufffcTan\u0131t\u0131m Metni<\/p>\n","protected":false},"excerpt":{"rendered":"<p>Her dilde atas\u00f6zleri ve deyimler vard\u0131r. Toplumbilim, ruhbilim, e\u011fitbilim, ekonomi, felsefe, tarih, ahlak, folklor&#8230; gibi bir\u00e7ok konular\u0131 ilgilendiren ve bir\u00e7ok y\u00f6nlerden inceleme konusu edilmeye de\u011fer olan<span class=\"excerpt-hellip\"> [\u2026]<\/span><\/p>\n","protected":false},"featured_media":0,"template":"","meta":{"_monsterinsights_skip_tracking":false,"_monsterinsights_sitenote_active":false,"_monsterinsights_sitenote_note":"","_monsterinsights_sitenote_category":0},"product_brand":[],"product_cat":[12566,13611],"product_tag":[],"class_list":{"0":"post-704375","1":"product","2":"type-product","3":"status-publish","5":"product_cat-egitim","6":"product_cat-sozlukler-ve-konusma-kilavuzlari","7":"pa_cilt-ciltsiz","8":"pa_tur-kitap","9":"pa_yayinevi-inkilap-kitabevi","10":"pa_yazar-omer-asim-aksoy","12":"first","13":"instock","14":"sale","15":"shipping-taxable","16":"purchasable","17":"product-type-simple"},"_links":{"self":[{"href":"https:\/\/roveyayinevi.com.tr\/index.php\/wp-json\/wp\/v2\/product\/704375","targetHints":{"allow":["GET"]}}],"collection":[{"href":"https:\/\/roveyayinevi.com.tr\/index.php\/wp-json\/wp\/v2\/product"}],"about":[{"href":"https:\/\/roveyayinevi.com.tr\/index.php\/wp-json\/wp\/v2\/types\/product"}],"wp:attachment":[{"href":"https:\/\/roveyayinevi.com.tr\/index.php\/wp-json\/wp\/v2\/media?parent=704375"}],"wp:term":[{"taxonomy":"product_brand","embeddable":true,"href":"https:\/\/roveyayinevi.com.tr\/index.php\/wp-json\/wp\/v2\/product_brand?post=704375"},{"taxonomy":"product_cat","embeddable":true,"href":"https:\/\/roveyayinevi.com.tr\/index.php\/wp-json\/wp\/v2\/product_cat?post=704375"},{"taxonomy":"product_tag","embeddable":true,"href":"https:\/\/roveyayinevi.com.tr\/index.php\/wp-json\/wp\/v2\/product_tag?post=704375"}],"curies":[{"name":"wp","href":"https:\/\/api.w.org\/{rel}","templated":true}]}}