{"id":704373,"date":"2025-08-27T15:34:39","date_gmt":"2025-08-27T12:34:39","guid":{"rendered":"https:\/\/roveyayinevi.com.tr\/index.php\/urun\/sanatla-kendimi-kesfediyorum\/"},"modified":"2026-04-16T02:13:25","modified_gmt":"2026-04-15T23:13:25","slug":"sanatla-kendimi-kesfediyorum","status":"publish","type":"product","link":"https:\/\/roveyayinevi.com.tr\/index.php\/urun\/sanatla-kendimi-kesfediyorum\/","title":{"rendered":"Sanatla Kendimi Ke\u015ffediyorum"},"content":{"rendered":"<p>Bir \u00e7ocukla nas\u0131l verimli zaman ge\u00e7irece\u011finizi bilmiyor musunuz? \u00c7ocu\u011fun ki\u015fili\u011fini geli\u015ftirmeyi ve ona ya\u015famdan zevk almas\u0131n\u0131 \u00f6\u011fretmek mi istiyorsunuz? Yarat\u0131c\u0131l\u0131\u011f\u0131n ne oldu\u011funu biliyor ancak; bunu nas\u0131l \u00f6\u011fretece\u011finizi bilmiyor musunuz? <\/p>\n","protected":false},"excerpt":{"rendered":"<p>Bir \u00e7ocukla nas\u0131l verimli zaman ge\u00e7irece\u011finizi bilmiyor musunuz? \u00c7ocu\u011fun ki\u015fili\u011fini geli\u015ftirmeyi ve ona ya\u015famdan zevk almas\u0131n\u0131 \u00f6\u011fretmek mi istiyorsunuz? Yarat\u0131c\u0131l\u0131\u011f\u0131n ne oldu\u011funu biliyor ancak; bunu nas\u0131l<span class=\"excerpt-hellip\"> [\u2026]<\/span><\/p>\n","protected":false},"featured_media":0,"template":"","meta":{"_monsterinsights_skip_tracking":false,"_monsterinsights_sitenote_active":false,"_monsterinsights_sitenote_note":"","_monsterinsights_sitenote_category":0},"product_brand":[],"product_cat":[12364,12376],"product_tag":[],"class_list":{"0":"post-704373","1":"product","2":"type-product","3":"status-publish","5":"product_cat-genel-konular","6":"product_cat-kisisel-gelisim","7":"pa_cilt-ciltsiz","8":"pa_tur-kitap","9":"pa_yayinevi-egiten-kitap","10":"pa_yazar-bulent-salderay","12":"first","13":"instock","14":"sale","15":"shipping-taxable","16":"purchasable","17":"product-type-simple"},"_links":{"self":[{"href":"https:\/\/roveyayinevi.com.tr\/index.php\/wp-json\/wp\/v2\/product\/704373","targetHints":{"allow":["GET"]}}],"collection":[{"href":"https:\/\/roveyayinevi.com.tr\/index.php\/wp-json\/wp\/v2\/product"}],"about":[{"href":"https:\/\/roveyayinevi.com.tr\/index.php\/wp-json\/wp\/v2\/types\/product"}],"wp:attachment":[{"href":"https:\/\/roveyayinevi.com.tr\/index.php\/wp-json\/wp\/v2\/media?parent=704373"}],"wp:term":[{"taxonomy":"product_brand","embeddable":true,"href":"https:\/\/roveyayinevi.com.tr\/index.php\/wp-json\/wp\/v2\/product_brand?post=704373"},{"taxonomy":"product_cat","embeddable":true,"href":"https:\/\/roveyayinevi.com.tr\/index.php\/wp-json\/wp\/v2\/product_cat?post=704373"},{"taxonomy":"product_tag","embeddable":true,"href":"https:\/\/roveyayinevi.com.tr\/index.php\/wp-json\/wp\/v2\/product_tag?post=704373"}],"curies":[{"name":"wp","href":"https:\/\/api.w.org\/{rel}","templated":true}]}}