{"id":704372,"date":"2025-08-27T15:34:39","date_gmt":"2025-08-27T12:34:39","guid":{"rendered":"https:\/\/roveyayinevi.com.tr\/index.php\/urun\/sosyoloji-kitabi\/"},"modified":"2026-04-16T02:13:25","modified_gmt":"2026-04-15T23:13:25","slug":"sosyoloji-kitabi","status":"publish","type":"product","link":"https:\/\/roveyayinevi.com.tr\/index.php\/urun\/sosyoloji-kitabi\/","title":{"rendered":"Sosyoloji Kitab\u0131"},"content":{"rendered":"<p>Sosyal ayr\u0131mlar ortadan kald\u0131r\u0131labilir mi? \u0130nsanlar\u0131 su\u00e7 hayat\u0131na iten \u015fey nedir? Ve internet ili\u015fkilerimizi nas\u0131l d\u00f6n\u00fc\u015ft\u00fcr\u00fcyor? Tarih boyunca insanlar toplumlar\u0131m\u0131z\u0131n nas\u0131l \u00f6rg\u00fctlendi\u011fi hakk\u0131nda bu ve bunun gibi bir\u00e7ok \u00f6nemli sorunun yan\u0131t\u0131n\u0131 aram\u0131\u015ft\u0131r ve sosyologlar d\u00fcnyam\u0131z\u0131 \u015fekillendirmeye devam eden \u00e7\u00f6z\u00fcmler sunmu\u015ftur.Sade bir dilde kaleme al\u0131nan Sosyoloji Kitab\u0131 k\u0131sa ve \u00f6zl\u00fc a\u00e7\u0131klamalar, teorileri karma\u015f\u0131kl\u0131ktan kurtaran \u015fekiller, toplum ve kurumlar\u0131 hakk\u0131nda zekice g\u00f6rseller sunmaktad\u0131r.\u0130ster bir sosyoloji \u00f6\u011frencisi ister uzman olun bu kitapta d\u00fc\u015f\u00fcnmek i\u00e7in bol malzeme bulacaks\u0131n\u0131z. <\/p>\n","protected":false},"excerpt":{"rendered":"<p>Sosyal ayr\u0131mlar ortadan kald\u0131r\u0131labilir mi? \u0130nsanlar\u0131 su\u00e7 hayat\u0131na iten \u015fey nedir? Ve internet ili\u015fkilerimizi nas\u0131l d\u00f6n\u00fc\u015ft\u00fcr\u00fcyor? Tarih boyunca insanlar toplumlar\u0131m\u0131z\u0131n nas\u0131l \u00f6rg\u00fctlendi\u011fi hakk\u0131nda bu ve bunun<span class=\"excerpt-hellip\"> [\u2026]<\/span><\/p>\n","protected":false},"featured_media":0,"template":"","meta":{"_monsterinsights_skip_tracking":false,"_monsterinsights_sitenote_active":false,"_monsterinsights_sitenote_note":"","_monsterinsights_sitenote_category":0},"product_brand":[],"product_cat":[13489,13488],"product_tag":[],"class_list":{"0":"post-704372","1":"product","2":"type-product","3":"status-publish","5":"product_cat-populer-kultur","6":"product_cat-toplum-ve-insan","7":"pa_cilt-ciltli","8":"pa_tur-kitap","9":"pa_yayinevi-alfa-yayinlari","10":"pa_yazar-kolektif","12":"first","13":"instock","14":"sale","15":"shipping-taxable","16":"purchasable","17":"product-type-simple"},"_links":{"self":[{"href":"https:\/\/roveyayinevi.com.tr\/index.php\/wp-json\/wp\/v2\/product\/704372","targetHints":{"allow":["GET"]}}],"collection":[{"href":"https:\/\/roveyayinevi.com.tr\/index.php\/wp-json\/wp\/v2\/product"}],"about":[{"href":"https:\/\/roveyayinevi.com.tr\/index.php\/wp-json\/wp\/v2\/types\/product"}],"wp:attachment":[{"href":"https:\/\/roveyayinevi.com.tr\/index.php\/wp-json\/wp\/v2\/media?parent=704372"}],"wp:term":[{"taxonomy":"product_brand","embeddable":true,"href":"https:\/\/roveyayinevi.com.tr\/index.php\/wp-json\/wp\/v2\/product_brand?post=704372"},{"taxonomy":"product_cat","embeddable":true,"href":"https:\/\/roveyayinevi.com.tr\/index.php\/wp-json\/wp\/v2\/product_cat?post=704372"},{"taxonomy":"product_tag","embeddable":true,"href":"https:\/\/roveyayinevi.com.tr\/index.php\/wp-json\/wp\/v2\/product_tag?post=704372"}],"curies":[{"name":"wp","href":"https:\/\/api.w.org\/{rel}","templated":true}]}}