{"id":704368,"date":"2025-08-27T15:34:37","date_gmt":"2025-08-27T12:34:37","guid":{"rendered":"https:\/\/roveyayinevi.com.tr\/index.php\/urun\/cin-nasil-kapitalist-oldu\/"},"modified":"2026-04-16T02:13:25","modified_gmt":"2026-04-15T23:13:25","slug":"cin-nasil-kapitalist-oldu","status":"publish","type":"product","link":"https:\/\/roveyayinevi.com.tr\/index.php\/urun\/cin-nasil-kapitalist-oldu\/","title":{"rendered":"\u00c7in Nas\u0131l Kapitalist Oldu?"},"content":{"rendered":"<p>\u00c7in Nas\u0131l Kapitalist Oldu?, \u00c7in\u2019in ge\u00e7ti\u011fimiz otuz be\u015f y\u0131lda tar\u0131ma dayal\u0131 kapal\u0131 bir sosyalist ekonomiden uluslararas\u0131 arenada nas\u0131l da yenilmez bir iktisad\u00ee g\u00fcce d\u00f6n\u00fc\u015ft\u00fc\u011f\u00fcn\u00fcn ola\u011fan\u00fcst\u00fc ve beklenmeyen hik\u00e2yesini anlat\u0131yor.Yazarlar asl\u00ee kaynaklar\u0131n\u0131 kullanarak b\u00fcy\u00fcyen \u00c7in ekonomisi tart\u0131\u015fmas\u0131n\u0131 yeniden canland\u0131rm\u0131\u015f, \u00c7inli liderlerin yapt\u0131\u011f\u0131 reformlar\u0131n kapitalist bir ekonomi yaratma yolunda \u00f6zellikle yap\u0131lmad\u0131\u011f\u0131n\u0131 ve \u00c7in\u2019e piyasay\u0131 ve giri\u015fimcili\u011fi tekrar getiren \u015feyin \u201cmarjinal devrimler\u201d oldu\u011funu s\u00f6ylemektedirler. Bat\u0131\u2019dan al\u0131nan dersler geleneksel \u00c7in felsefesi olan \u201cger\u00e7e\u011fi olgularda arama\u201d ile birle\u015ftirilmi\u015ftir. Kapitalizme y\u00fcz\u00fcn\u00fc d\u00f6nen \u00c7in kendi k\u00fclt\u00fcrel k\u00f6kenlerini kucaklam\u0131\u015ft\u0131r.\u00c7in Nas\u0131l Kapitalist Oldu? \u00c7in ekonomisinin gelece\u011fiyle ilgili genelge\u00e7er bilgilere kar\u015f\u0131 \u00e7\u0131karken \u00c7in daha fazla b\u00fcy\u00fcme i\u00e7in m\u00fcthi\u015f bir potansiyele sahip olsa da gelece\u011finin devletin g\u00fc\u00e7 ve fikirler konusundaki tekelcili\u011finden dolay\u0131 karanl\u0131k oldu\u011funu s\u00f6yler. Coase ve Wang \u00c7in\u2019de uzun ve sayg\u0131n bir gelene\u011fi olan fikir piyasas\u0131n\u0131n geli\u015fiminin \u00c7in\u2019in sosyal uyum r\u00fcyas\u0131n\u0131 ger\u00e7ekle\u015ftirmek i\u00e7in vazge\u00e7ilmez oldu\u011funa dikkat \u00e7ekerler.\u201cSab\u0131rl\u0131 okuyucular modern iktisat tarihindeki en s\u0131rad\u0131\u015f\u0131 de\u011fi\u015fimi derinlemesine anlamakla \u00f6d\u00fcllendirileceklerdir.\u201d\u2013 The Wall Street Journal\u201cBu kitap, piyasalar ve tarih \u00fczerine yapt\u0131\u011f\u0131 vurgularla fevkalade \u00f6nemlidir.\u201d\u2013 The Washington Times\u201c\u00c7in\u2019in nas\u0131l d\u00fcnyan\u0131n en iyi ikinci ekonomisine sahip oldu\u011funu merak eden herkes bu ilgin\u00e7 kitab\u0131 okumal\u0131.\u201d\u2013 The LSE Review of Books\u201cBu, \u00c7in\u2019e oldu\u011fu kadar t\u00fcm iktisad\u00ee de\u011fi\u015fim literat\u00fcr\u00fcne \u00e7ok b\u00fcy\u00fck bir katk\u0131d\u0131r. \u0130ktisad\u00ee de\u011fi\u015fim ve geli\u015fim \u00fczerine b\u00fct\u00fcn literat\u00fcrde benim bildi\u011fim kadar\u0131yla bir toplumun evrilmek i\u00e7in k\u00f6r topal \u00e7abalamas\u0131 ve \u00f6zellikle de \u00c7in\u2019inki kadar uzun s\u00fcren ve \u00e7ok uzun bir yol al\u0131nan bir evrim ile ilgili b\u00f6ylesine detayl\u0131 bir \u00e7al\u0131\u015fma yoktur.\u201d- Douglass C. North, 1993 Nobel \u0130ktisat \u00d6d\u00fcl\u00fc sahibi\u201c100 ya\u015f\u0131n\u0131 ge\u00e7mi\u015f Ronald Coase ve Ning Wang, \u00c7in\u2019in Mao\u2019nun h\u00fckm\u00fc alt\u0131ndaki sosyalizmden bug\u00fcnk\u00fc \u00f6zg\u00fcn kapitalist ekonomiye kesintili ge\u00e7i\u015fi hakk\u0131nda merak uyand\u0131ran ve kapsaml\u0131 bir yorum yazm\u0131\u015flard\u0131r. \u00c7in veya sosyalizm \u00e7al\u0131\u015fan hi\u00e7kimse bu kitab\u0131 ka\u00e7\u0131rmamal\u0131.\u201d\u2013 Richard Epstein, Chicago \u00dcniversitesi Hukuk Fak\u00fcltesi\u201cBu kitap iktisat alan\u0131nda ve \u00c7in hakk\u0131ndaki \u00e7al\u0131\u015fmalarla ilgili yaz\u0131lm\u0131\u015f en iyi eserlerdendir; s\u00e2dece bug\u00fcn i\u00e7in de\u011fil, gelecek i\u00e7in de.\u201d\u2013Chenggang Xu, Hong Kong \u00dcniversitesi\u201cCoase felsefesi ve politikas\u0131, \u201cger\u00e7e\u011fi olgularda arama\u201d gibi -kendisine de \u015firketler, piyasalar ve kanunlar hakk\u0131ndaki \u00e7\u0131\u011f\u0131r a\u00e7an analizleriyle ilgili esin kayna\u011f\u0131 olmu\u015f- \u00e7ok basit bir ilkeye dayanan bir toplumu inceliyor. Tekrar tekrar daha verimli bir sosyalizm aray\u0131\u015f\u0131nda olup kar\u015f\u0131s\u0131nda her seferinde kapitalizmi bulan \u00c7in hakk\u0131nda b\u00fcy\u00fcleyici ve s\u0131rad\u0131\u015f\u0131 ve d\u00fc\u015f\u00fcnmeye zorlayan bir kitap.\u201d\u2013 Stephen Littlechild, Emekli Profes\u00f6r, Birmingham \u00dcniversitesi ve Cambridge \u00dcniversitesi <\/p>\n","protected":false},"excerpt":{"rendered":"<p>\u00c7in Nas\u0131l Kapitalist Oldu?, \u00c7in\u2019in ge\u00e7ti\u011fimiz otuz be\u015f y\u0131lda tar\u0131ma dayal\u0131 kapal\u0131 bir sosyalist ekonomiden uluslararas\u0131 arenada nas\u0131l da yenilmez bir iktisad\u00ee g\u00fcce d\u00f6n\u00fc\u015ft\u00fc\u011f\u00fcn\u00fcn ola\u011fan\u00fcst\u00fc ve<span class=\"excerpt-hellip\"> [\u2026]<\/span><\/p>\n","protected":false},"featured_media":0,"template":"","meta":{"_monsterinsights_skip_tracking":false,"_monsterinsights_sitenote_active":false,"_monsterinsights_sitenote_note":"","_monsterinsights_sitenote_category":0},"product_brand":[],"product_cat":[12338,12337],"product_tag":[],"class_list":{"0":"post-704368","1":"product","2":"type-product","3":"status-publish","5":"product_cat-dunya-siyaseti-ve-politikasi","6":"product_cat-politika-siyaset","7":"pa_cilt-ciltsiz","8":"pa_tur-kitap","9":"pa_yayinevi-bigbang-yayinlari","10":"pa_yazar-ning-wang-ronald-coase","12":"first","13":"instock","14":"sale","15":"shipping-taxable","16":"purchasable","17":"product-type-simple"},"_links":{"self":[{"href":"https:\/\/roveyayinevi.com.tr\/index.php\/wp-json\/wp\/v2\/product\/704368","targetHints":{"allow":["GET"]}}],"collection":[{"href":"https:\/\/roveyayinevi.com.tr\/index.php\/wp-json\/wp\/v2\/product"}],"about":[{"href":"https:\/\/roveyayinevi.com.tr\/index.php\/wp-json\/wp\/v2\/types\/product"}],"wp:attachment":[{"href":"https:\/\/roveyayinevi.com.tr\/index.php\/wp-json\/wp\/v2\/media?parent=704368"}],"wp:term":[{"taxonomy":"product_brand","embeddable":true,"href":"https:\/\/roveyayinevi.com.tr\/index.php\/wp-json\/wp\/v2\/product_brand?post=704368"},{"taxonomy":"product_cat","embeddable":true,"href":"https:\/\/roveyayinevi.com.tr\/index.php\/wp-json\/wp\/v2\/product_cat?post=704368"},{"taxonomy":"product_tag","embeddable":true,"href":"https:\/\/roveyayinevi.com.tr\/index.php\/wp-json\/wp\/v2\/product_tag?post=704368"}],"curies":[{"name":"wp","href":"https:\/\/api.w.org\/{rel}","templated":true}]}}