{"id":704367,"date":"2025-08-27T15:34:37","date_gmt":"2025-08-27T12:34:37","guid":{"rendered":"https:\/\/roveyayinevi.com.tr\/index.php\/urun\/tarihe-yolculuk\/"},"modified":"2026-04-16T02:13:25","modified_gmt":"2026-04-15T23:13:25","slug":"tarihe-yolculuk","status":"publish","type":"product","link":"https:\/\/roveyayinevi.com.tr\/index.php\/urun\/tarihe-yolculuk\/","title":{"rendered":"Tarihe Yolculuk"},"content":{"rendered":"<p>Zamanda yolculuk yap\u0131p bin y\u0131l \u00f6ncesine gitti\u011finizi hayal edin Vikinglerin denizleri ke\u015ffine tan\u0131k olabilir, K\u0131z\u0131lderililerle ovalarda at binebilirdiniz. Y\u00fczy\u0131llar aras\u0131nda gezinirken \u0130nka uygarl\u0131\u011f\u0131n\u0131 ziyaret edebilir, Kaptan Cook\u2019la Pasifik\u2019e yelken a\u00e7abilir ya da Vah\u015fi Bat\u0131\u2019y\u0131 ke\u015ffedebilirdiniz. Y\u00fczlerce y\u0131l \u00f6nce h\u00fck\u00fcm s\u00fcren uygarl\u0131klarda ya\u015famak acaba nas\u0131l olurdu? \ufffcTan\u0131t\u0131m Metni<\/p>\n","protected":false},"excerpt":{"rendered":"<p>Zamanda yolculuk yap\u0131p bin y\u0131l \u00f6ncesine gitti\u011finizi hayal edin Vikinglerin denizleri ke\u015ffine tan\u0131k olabilir, K\u0131z\u0131lderililerle ovalarda at binebilirdiniz. Y\u00fczy\u0131llar aras\u0131nda gezinirken \u0130nka uygarl\u0131\u011f\u0131n\u0131 ziyaret edebilir, Kaptan<span class=\"excerpt-hellip\"> [\u2026]<\/span><\/p>\n","protected":false},"featured_media":0,"template":"","meta":{"_monsterinsights_skip_tracking":false,"_monsterinsights_sitenote_active":false,"_monsterinsights_sitenote_note":"","_monsterinsights_sitenote_category":0},"product_brand":[],"product_cat":[13829,12274],"product_tag":[],"class_list":{"0":"post-704367","1":"product","2":"type-product","3":"status-publish","5":"product_cat-bilimsel-kitaplar","6":"product_cat-cocuk-ve-genclik-kitaplari","7":"pa_cilt-ciltsiz","8":"pa_tur-kitap","9":"pa_yayinevi-is-bankasi-kultur-yayinlari","10":"pa_yazar-kolektif","12":"first","13":"instock","14":"sale","15":"shipping-taxable","16":"purchasable","17":"product-type-simple"},"_links":{"self":[{"href":"https:\/\/roveyayinevi.com.tr\/index.php\/wp-json\/wp\/v2\/product\/704367","targetHints":{"allow":["GET"]}}],"collection":[{"href":"https:\/\/roveyayinevi.com.tr\/index.php\/wp-json\/wp\/v2\/product"}],"about":[{"href":"https:\/\/roveyayinevi.com.tr\/index.php\/wp-json\/wp\/v2\/types\/product"}],"wp:attachment":[{"href":"https:\/\/roveyayinevi.com.tr\/index.php\/wp-json\/wp\/v2\/media?parent=704367"}],"wp:term":[{"taxonomy":"product_brand","embeddable":true,"href":"https:\/\/roveyayinevi.com.tr\/index.php\/wp-json\/wp\/v2\/product_brand?post=704367"},{"taxonomy":"product_cat","embeddable":true,"href":"https:\/\/roveyayinevi.com.tr\/index.php\/wp-json\/wp\/v2\/product_cat?post=704367"},{"taxonomy":"product_tag","embeddable":true,"href":"https:\/\/roveyayinevi.com.tr\/index.php\/wp-json\/wp\/v2\/product_tag?post=704367"}],"curies":[{"name":"wp","href":"https:\/\/api.w.org\/{rel}","templated":true}]}}