{"id":704365,"date":"2025-08-27T15:34:36","date_gmt":"2025-08-27T12:34:36","guid":{"rendered":"https:\/\/roveyayinevi.com.tr\/index.php\/urun\/kesfedin-anadolu-uygarliklari\/"},"modified":"2026-04-16T02:13:25","modified_gmt":"2026-04-15T23:13:25","slug":"kesfedin-anadolu-uygarliklari","status":"publish","type":"product","link":"https:\/\/roveyayinevi.com.tr\/index.php\/urun\/kesfedin-anadolu-uygarliklari\/","title":{"rendered":"Ke\u015ffedin Anadolu Uygarl\u0131klar\u0131"},"content":{"rendered":"<p>Merhaba dostum, ben de senin gibi Anadoluluyum. Atalar\u0131m bu topraklarda do\u011fmu\u015f, ya\u015fam\u0131\u015f seninkilerle ayn\u0131 ge\u00e7mi\u015fi payla\u015fm\u0131\u015flar. Benimkilerden geriye bir \u015fey kalmam\u0131\u015f ama senin atalar\u0131n\u0131n b\u0131rakt\u0131klar\u0131 eserler sayesinde yurdumuz adeta bir a\u00e7\u0131k hava m\u00fczesine d\u00f6n\u00fc\u015fm\u00fc\u015f. Fakat ne yaz\u0131k ki bunlar\u0131n k\u0131ymetini pek bilmiyorsunuz! Atalar\u0131n\u0131z\u0131n kurdu\u011fu kentlerin \u00e7o\u011fu yok olu\u015fa terk edilmi\u015f, ayakta kalanlar da y\u0131k\u0131larak \u00fczerlerine tatil siteleri, oteller veya al\u0131\u015fveri\u015f merkezleri yap\u0131l\u0131yor. G\u00f6zlerden uzak olanlar ise defineciler taraf\u0131ndan talan ediliyor. Oysaki onlar\u0131n hepsi sizin, kimileri de t\u00fcm insanl\u0131\u011f\u0131n ortak de\u011ferleri, bu nedenle gelecek ku\u015faklar ad\u0131na korumas\u0131 gereken k\u00fclt\u00fcrel emanetlerdir. Bu kitab\u0131 okuduktan sonra, \u201cta\u015f-toprak\u201d, \u201c\u00e7anak-\u00e7\u00f6mlek\u201d demeden t\u00fcm eserlere sayg\u0131 duyaca\u011f\u0131na, sahiplenece\u011fine, gelecek ku\u015faklar ve t\u00fcm insanl\u0131k ad\u0131na onlar\u0131 koruyup kollayaca\u011f\u0131na inan\u0131yorum. Bu arada benim kocaman g\u00f6zlerimin de daima \u00fcst\u00fcnde olaca\u011f\u0131n\u0131 bilmeni isterim. \ufffc<\/p>\n","protected":false},"excerpt":{"rendered":"<p>Merhaba dostum, ben de senin gibi Anadoluluyum. Atalar\u0131m bu topraklarda do\u011fmu\u015f, ya\u015fam\u0131\u015f seninkilerle ayn\u0131 ge\u00e7mi\u015fi payla\u015fm\u0131\u015flar. Benimkilerden geriye bir \u015fey kalmam\u0131\u015f ama senin atalar\u0131n\u0131n b\u0131rakt\u0131klar\u0131 eserler<span class=\"excerpt-hellip\"> [\u2026]<\/span><\/p>\n","protected":false},"featured_media":0,"template":"","meta":{"_monsterinsights_skip_tracking":false,"_monsterinsights_sitenote_active":false,"_monsterinsights_sitenote_note":"","_monsterinsights_sitenote_category":0},"product_brand":[],"product_cat":[12274,15842],"product_tag":[],"class_list":{"0":"post-704365","1":"product","2":"type-product","3":"status-publish","5":"product_cat-cocuk-ve-genclik-kitaplari","6":"product_cat-egitici-kitaplar","7":"pa_cilt-ciltli","8":"pa_tur-kitap","9":"pa_yayinevi-is-bankasi-kultur-yayinlari","10":"pa_yazar-gulay-sert","12":"first","13":"instock","14":"sale","15":"shipping-taxable","16":"purchasable","17":"product-type-simple"},"_links":{"self":[{"href":"https:\/\/roveyayinevi.com.tr\/index.php\/wp-json\/wp\/v2\/product\/704365","targetHints":{"allow":["GET"]}}],"collection":[{"href":"https:\/\/roveyayinevi.com.tr\/index.php\/wp-json\/wp\/v2\/product"}],"about":[{"href":"https:\/\/roveyayinevi.com.tr\/index.php\/wp-json\/wp\/v2\/types\/product"}],"wp:attachment":[{"href":"https:\/\/roveyayinevi.com.tr\/index.php\/wp-json\/wp\/v2\/media?parent=704365"}],"wp:term":[{"taxonomy":"product_brand","embeddable":true,"href":"https:\/\/roveyayinevi.com.tr\/index.php\/wp-json\/wp\/v2\/product_brand?post=704365"},{"taxonomy":"product_cat","embeddable":true,"href":"https:\/\/roveyayinevi.com.tr\/index.php\/wp-json\/wp\/v2\/product_cat?post=704365"},{"taxonomy":"product_tag","embeddable":true,"href":"https:\/\/roveyayinevi.com.tr\/index.php\/wp-json\/wp\/v2\/product_tag?post=704365"}],"curies":[{"name":"wp","href":"https:\/\/api.w.org\/{rel}","templated":true}]}}