{"id":704364,"date":"2025-08-27T15:34:36","date_gmt":"2025-08-27T12:34:36","guid":{"rendered":"https:\/\/roveyayinevi.com.tr\/index.php\/urun\/kutul-amare-kahramani-kahramani\/"},"modified":"2026-04-16T02:13:25","modified_gmt":"2026-04-15T23:13:25","slug":"kutul-amare-kahramani-kahramani","status":"publish","type":"product","link":"https:\/\/roveyayinevi.com.tr\/index.php\/urun\/kutul-amare-kahramani-kahramani\/","title":{"rendered":"Kut\u00fc\u2019l-Amare Kahraman\u0131 Kahraman\u0131"},"content":{"rendered":"<p>\u201cVe geriye bakt\u0131\u011f\u0131m zaman g\u00f6r\u00fcyorum ki, yaln\u0131z dalgal\u0131, hareketli bir \u015fahsi hayat\u0131n de\u011fil, dalgal\u0131, hareketli, ihtirasl\u0131 ve hayal ufuklar\u0131na s\u0131n\u0131r tan\u0131mayan bir de\u011ferli ve \u00fcst\u00fcn neslin de son temsilcisi gibiyim. Evet, bir son temsilci. Ve son Osmanl\u0131 pa\u015fas\u0131! \u0130\u015fte bu, \u2018Son Osmanl\u0131 Pa\u015fas\u0131\u2019 benim&#8230;\u201d <\/p>\n","protected":false},"excerpt":{"rendered":"<p>\u201cVe geriye bakt\u0131\u011f\u0131m zaman g\u00f6r\u00fcyorum ki, yaln\u0131z dalgal\u0131, hareketli bir \u015fahsi hayat\u0131n de\u011fil, dalgal\u0131, hareketli, ihtirasl\u0131 ve hayal ufuklar\u0131na s\u0131n\u0131r tan\u0131mayan bir de\u011ferli ve \u00fcst\u00fcn neslin<span class=\"excerpt-hellip\"> [\u2026]<\/span><\/p>\n","protected":false},"featured_media":0,"template":"","meta":{"_monsterinsights_skip_tracking":false,"_monsterinsights_sitenote_active":false,"_monsterinsights_sitenote_note":"","_monsterinsights_sitenote_category":0},"product_brand":[],"product_cat":[13517,12304],"product_tag":[],"class_list":{"0":"post-704364","1":"product","2":"type-product","3":"status-publish","5":"product_cat-osmanli-tarihi","6":"product_cat-tarih","7":"pa_cilt-ciltsiz","8":"pa_tur-kitap","9":"pa_yayinevi-timas-yayinlari","10":"pa_yazar-halil-kut","12":"first","13":"instock","14":"sale","15":"shipping-taxable","16":"purchasable","17":"product-type-simple"},"_links":{"self":[{"href":"https:\/\/roveyayinevi.com.tr\/index.php\/wp-json\/wp\/v2\/product\/704364","targetHints":{"allow":["GET"]}}],"collection":[{"href":"https:\/\/roveyayinevi.com.tr\/index.php\/wp-json\/wp\/v2\/product"}],"about":[{"href":"https:\/\/roveyayinevi.com.tr\/index.php\/wp-json\/wp\/v2\/types\/product"}],"wp:attachment":[{"href":"https:\/\/roveyayinevi.com.tr\/index.php\/wp-json\/wp\/v2\/media?parent=704364"}],"wp:term":[{"taxonomy":"product_brand","embeddable":true,"href":"https:\/\/roveyayinevi.com.tr\/index.php\/wp-json\/wp\/v2\/product_brand?post=704364"},{"taxonomy":"product_cat","embeddable":true,"href":"https:\/\/roveyayinevi.com.tr\/index.php\/wp-json\/wp\/v2\/product_cat?post=704364"},{"taxonomy":"product_tag","embeddable":true,"href":"https:\/\/roveyayinevi.com.tr\/index.php\/wp-json\/wp\/v2\/product_tag?post=704364"}],"curies":[{"name":"wp","href":"https:\/\/api.w.org\/{rel}","templated":true}]}}