{"id":704363,"date":"2025-08-27T15:34:35","date_gmt":"2025-08-27T12:34:35","guid":{"rendered":"https:\/\/roveyayinevi.com.tr\/index.php\/urun\/bir-denizden-bir-denize\/"},"modified":"2026-04-16T02:13:25","modified_gmt":"2026-04-15T23:13:25","slug":"bir-denizden-bir-denize","status":"publish","type":"product","link":"https:\/\/roveyayinevi.com.tr\/index.php\/urun\/bir-denizden-bir-denize\/","title":{"rendered":"Bir Denizden Bir Denize"},"content":{"rendered":"<p>Refik Halid Karay\u2019\u0131n 1956-1957 y\u0131llar\u0131nda Yeni \u0130stanbul gazetesinde tefrika edilen seyahat yaz\u0131lar\u0131n\u0131 bir araya getiren Bir Denizden Bir Denize yazar\u0131n Bat\u0131 ve Kuzey Avrupa\u2019ya yapt\u0131\u011f\u0131 yolculuklar s\u0131ras\u0131nda tuttu\u011fu notlardan hareketle kaleme al\u0131nm\u0131\u015ft\u0131r. Karay, \u201cGezmeye doyam\u0131yorum. Evimi ve ev hayat\u0131m\u0131 severim ama bu sevgi ara s\u0131ra ona, \u2018Allaha\u0131smarlad\u0131k, yine bulu\u015furuz,\u2019 diyebildi\u011fim i\u00e7in bezdirici olmuyor,\u201d diyor. Edebiyat\u0131m\u0131zda \u00f6rne\u011fine nadiren rastlanan seyahat edebiyat\u0131 t\u00fcr\u00fcn\u00fcn se\u00e7kin bir \u00f6rne\u011fi olan Bir Denizden Bir Denize yapt\u0131\u011f\u0131 yolculuklar\u0131, gezindi\u011fi \u015fehirleri renk c\u00fcmb\u00fc\u015f\u00fc i\u00e7erisinde anlatan yolculuk sevdal\u0131s\u0131 bir yazar\u0131n e\u011flendirici, ne\u015feli ve hayranl\u0131kla beslenmi\u015f izlenimleriyle tad\u0131na doyum olmaz bir okuma \u015f\u00f6leni sunuyor okuruna. \ufffcTan\u0131t\u0131m Metni<\/p>\n","protected":false},"excerpt":{"rendered":"<p>Refik Halid Karay\u2019\u0131n 1956-1957 y\u0131llar\u0131nda Yeni \u0130stanbul gazetesinde tefrika edilen seyahat yaz\u0131lar\u0131n\u0131 bir araya getiren Bir Denizden Bir Denize yazar\u0131n Bat\u0131 ve Kuzey Avrupa\u2019ya yapt\u0131\u011f\u0131 yolculuklar<span class=\"excerpt-hellip\"> [\u2026]<\/span><\/p>\n","protected":false},"featured_media":0,"template":"","meta":{"_monsterinsights_skip_tracking":false,"_monsterinsights_sitenote_active":false,"_monsterinsights_sitenote_note":"","_monsterinsights_sitenote_category":0},"product_brand":[],"product_cat":[12291,12292],"product_tag":[],"class_list":{"0":"post-704363","1":"product","2":"type-product","3":"status-publish","5":"product_cat-edebiyat","6":"product_cat-turk-edebiyati","7":"pa_cilt-ciltsiz","8":"pa_tur-kitap","9":"pa_yayinevi-inkilap-kitabevi","10":"pa_yazar-refik-halid-karay","12":"first","13":"instock","14":"sale","15":"shipping-taxable","16":"purchasable","17":"product-type-simple"},"_links":{"self":[{"href":"https:\/\/roveyayinevi.com.tr\/index.php\/wp-json\/wp\/v2\/product\/704363","targetHints":{"allow":["GET"]}}],"collection":[{"href":"https:\/\/roveyayinevi.com.tr\/index.php\/wp-json\/wp\/v2\/product"}],"about":[{"href":"https:\/\/roveyayinevi.com.tr\/index.php\/wp-json\/wp\/v2\/types\/product"}],"wp:attachment":[{"href":"https:\/\/roveyayinevi.com.tr\/index.php\/wp-json\/wp\/v2\/media?parent=704363"}],"wp:term":[{"taxonomy":"product_brand","embeddable":true,"href":"https:\/\/roveyayinevi.com.tr\/index.php\/wp-json\/wp\/v2\/product_brand?post=704363"},{"taxonomy":"product_cat","embeddable":true,"href":"https:\/\/roveyayinevi.com.tr\/index.php\/wp-json\/wp\/v2\/product_cat?post=704363"},{"taxonomy":"product_tag","embeddable":true,"href":"https:\/\/roveyayinevi.com.tr\/index.php\/wp-json\/wp\/v2\/product_tag?post=704363"}],"curies":[{"name":"wp","href":"https:\/\/api.w.org\/{rel}","templated":true}]}}