{"id":704360,"date":"2025-08-27T15:34:34","date_gmt":"2025-08-27T12:34:34","guid":{"rendered":"https:\/\/roveyayinevi.com.tr\/index.php\/urun\/anneannemin-erikli-bahcesi\/"},"modified":"2026-04-16T02:13:25","modified_gmt":"2026-04-15T23:13:25","slug":"anneannemin-erikli-bahcesi","status":"publish","type":"product","link":"https:\/\/roveyayinevi.com.tr\/index.php\/urun\/anneannemin-erikli-bahcesi\/","title":{"rendered":"Anneannemin Erikli Bah\u00e7esi"},"content":{"rendered":"<p>Ya\u015fad\u0131\u011f\u0131n\u0131z evin bah\u00e7esinde erik, kiraz, dut a\u011fac\u0131 olsun istemez miydiniz ya da domatesi, biberi, maydanozu bah\u00e7eden toplay\u0131p yemek?.. Metin\u2019in anneannesi bir d\u00fc\u015f\u00fc ger\u00e7ekle\u015ftirip oturduklar\u0131 apartman\u0131n bah\u00e7esini sebze-meyve bostan\u0131na d\u00f6n\u00fc\u015ft\u00fcr\u00fcyor. Hem de \u00e7ocuklar\u0131n yard\u0131m\u0131yla ve iki g\u00fcn i\u00e7inde. Nas\u0131l m\u0131?.. *** Renkli \u00e7izimlerle yenilenen Anneannemin Ak\u0131l Almaz Maceralar\u0131 serisi, kitapl\u0131\u011f\u0131n\u0131zda yer almaya haz\u0131r. <\/p>\n","protected":false},"excerpt":{"rendered":"<p>Ya\u015fad\u0131\u011f\u0131n\u0131z evin bah\u00e7esinde erik, kiraz, dut a\u011fac\u0131 olsun istemez miydiniz ya da domatesi, biberi, maydanozu bah\u00e7eden toplay\u0131p yemek?.. Metin\u2019in anneannesi bir d\u00fc\u015f\u00fc ger\u00e7ekle\u015ftirip oturduklar\u0131 apartman\u0131n bah\u00e7esini<span class=\"excerpt-hellip\"> [\u2026]<\/span><\/p>\n","protected":false},"featured_media":0,"template":"","meta":{"_monsterinsights_skip_tracking":false,"_monsterinsights_sitenote_active":false,"_monsterinsights_sitenote_note":"","_monsterinsights_sitenote_category":0},"product_brand":[],"product_cat":[12275,12274],"product_tag":[],"class_list":{"0":"post-704360","1":"product","2":"type-product","3":"status-publish","5":"product_cat-6-12-yas-kitaplari","6":"product_cat-cocuk-ve-genclik-kitaplari","7":"pa_cilt-ciltsiz","8":"pa_tur-kitap","9":"pa_yayinevi-bilgi-yayinevi-cocuk","10":"pa_yazar-muzaffer-izgu","12":"first","13":"instock","14":"sale","15":"shipping-taxable","16":"purchasable","17":"product-type-simple"},"_links":{"self":[{"href":"https:\/\/roveyayinevi.com.tr\/index.php\/wp-json\/wp\/v2\/product\/704360","targetHints":{"allow":["GET"]}}],"collection":[{"href":"https:\/\/roveyayinevi.com.tr\/index.php\/wp-json\/wp\/v2\/product"}],"about":[{"href":"https:\/\/roveyayinevi.com.tr\/index.php\/wp-json\/wp\/v2\/types\/product"}],"wp:attachment":[{"href":"https:\/\/roveyayinevi.com.tr\/index.php\/wp-json\/wp\/v2\/media?parent=704360"}],"wp:term":[{"taxonomy":"product_brand","embeddable":true,"href":"https:\/\/roveyayinevi.com.tr\/index.php\/wp-json\/wp\/v2\/product_brand?post=704360"},{"taxonomy":"product_cat","embeddable":true,"href":"https:\/\/roveyayinevi.com.tr\/index.php\/wp-json\/wp\/v2\/product_cat?post=704360"},{"taxonomy":"product_tag","embeddable":true,"href":"https:\/\/roveyayinevi.com.tr\/index.php\/wp-json\/wp\/v2\/product_tag?post=704360"}],"curies":[{"name":"wp","href":"https:\/\/api.w.org\/{rel}","templated":true}]}}