{"id":704358,"date":"2025-08-27T15:34:33","date_gmt":"2025-08-27T12:34:33","guid":{"rendered":"https:\/\/roveyayinevi.com.tr\/index.php\/urun\/soru-ve-cevaplarla-kendi-kendime-dinimi-ogreniyorum\/"},"modified":"2026-04-16T02:13:25","modified_gmt":"2026-04-15T23:13:25","slug":"soru-ve-cevaplarla-kendi-kendime-dinimi-ogreniyorum","status":"publish","type":"product","link":"https:\/\/roveyayinevi.com.tr\/index.php\/urun\/soru-ve-cevaplarla-kendi-kendime-dinimi-ogreniyorum\/","title":{"rendered":"Soru ve Cevaplarla Kendi Kendime Dinimi \u00d6\u011freniyorum"},"content":{"rendered":"<p>Nas\u0131l ki insan\u0131n fizyolojik yap\u0131s\u0131n\u0131n varl\u0131\u011f\u0131n\u0131 s\u00fcrd\u00fcrebilmesi i\u00e7in beslenmeye ihtiyac\u0131 varsa ayn\u0131 \u015fekilde ruhunun da kutsal de\u011ferlere ihtiyac\u0131 vard\u0131r. Bu durum insan\u0131n f\u0131trat\u0131ndan gelen bir ihtiya\u00e7t\u0131r.\u201d yakla\u015f\u0131m\u0131yla yola \u00e7\u0131kan yazar bu do\u011frultuda haz\u0131rlad\u0131\u011f\u0131 eseriyle bizim de yolumuzu ayd\u0131nlatmay\u0131 hedeflemi\u015ftir. <\/p>\n","protected":false},"excerpt":{"rendered":"<p>Nas\u0131l ki insan\u0131n fizyolojik yap\u0131s\u0131n\u0131n varl\u0131\u011f\u0131n\u0131 s\u00fcrd\u00fcrebilmesi i\u00e7in beslenmeye ihtiyac\u0131 varsa ayn\u0131 \u015fekilde ruhunun da kutsal de\u011ferlere ihtiyac\u0131 vard\u0131r. Bu durum insan\u0131n f\u0131trat\u0131ndan gelen bir ihtiya\u00e7t\u0131r.\u201d<span class=\"excerpt-hellip\"> [\u2026]<\/span><\/p>\n","protected":false},"featured_media":0,"template":"","meta":{"_monsterinsights_skip_tracking":false,"_monsterinsights_sitenote_active":false,"_monsterinsights_sitenote_note":"","_monsterinsights_sitenote_category":0},"product_brand":[],"product_cat":[16789,12718,12719],"product_tag":[],"class_list":{"0":"post-704358","1":"product","2":"type-product","3":"status-publish","5":"product_cat-diger-islam","6":"product_cat-din","7":"product_cat-islam","8":"pa_tur-kitap","9":"pa_yayinevi-hayat-yayinlari","10":"pa_yazar-mustafa-kahramanoglu","12":"first","13":"instock","14":"sale","15":"shipping-taxable","16":"purchasable","17":"product-type-simple"},"_links":{"self":[{"href":"https:\/\/roveyayinevi.com.tr\/index.php\/wp-json\/wp\/v2\/product\/704358","targetHints":{"allow":["GET"]}}],"collection":[{"href":"https:\/\/roveyayinevi.com.tr\/index.php\/wp-json\/wp\/v2\/product"}],"about":[{"href":"https:\/\/roveyayinevi.com.tr\/index.php\/wp-json\/wp\/v2\/types\/product"}],"wp:attachment":[{"href":"https:\/\/roveyayinevi.com.tr\/index.php\/wp-json\/wp\/v2\/media?parent=704358"}],"wp:term":[{"taxonomy":"product_brand","embeddable":true,"href":"https:\/\/roveyayinevi.com.tr\/index.php\/wp-json\/wp\/v2\/product_brand?post=704358"},{"taxonomy":"product_cat","embeddable":true,"href":"https:\/\/roveyayinevi.com.tr\/index.php\/wp-json\/wp\/v2\/product_cat?post=704358"},{"taxonomy":"product_tag","embeddable":true,"href":"https:\/\/roveyayinevi.com.tr\/index.php\/wp-json\/wp\/v2\/product_tag?post=704358"}],"curies":[{"name":"wp","href":"https:\/\/api.w.org\/{rel}","templated":true}]}}