{"id":704355,"date":"2025-08-27T15:34:32","date_gmt":"2025-08-27T12:34:32","guid":{"rendered":"https:\/\/roveyayinevi.com.tr\/index.php\/urun\/kadinin-fenni\/"},"modified":"2026-04-16T02:13:25","modified_gmt":"2026-04-15T23:13:25","slug":"kadinin-fenni","status":"publish","type":"product","link":"https:\/\/roveyayinevi.com.tr\/index.php\/urun\/kadinin-fenni\/","title":{"rendered":"Kad\u0131n\u0131n Fenni"},"content":{"rendered":"<p>\u201cHep ba\u015fkalar\u0131nca \u00fczerime vazife g\u00f6r\u00fclmeyen i\u015flerle u\u011fra\u015f\u0131rken buldum kendimi. \u2018Sen mi kurtaracaks\u0131n?\u2019 diye dalga ge\u00e7enler de oluyor, \u2018Sana m\u0131 kald\u0131?\u2019 diyenler de. Ben de, \u2018Evet bana kald\u0131,\u2019 diyorum. En az\u0131ndan pek \u00e7ok insan gibi ikiy\u00fczl\u00fc de\u011filim. Do\u011frular\u0131m\u0131n pe\u015finden ko\u015fuyorum. \u0130\u00e7im rahat.\u201d \ufffcTan\u0131t\u0131m Metni<\/p>\n","protected":false},"excerpt":{"rendered":"<p>\u201cHep ba\u015fkalar\u0131nca \u00fczerime vazife g\u00f6r\u00fclmeyen i\u015flerle u\u011fra\u015f\u0131rken buldum kendimi. \u2018Sen mi kurtaracaks\u0131n?\u2019 diye dalga ge\u00e7enler de oluyor, \u2018Sana m\u0131 kald\u0131?\u2019 diyenler de. Ben de, \u2018Evet bana<span class=\"excerpt-hellip\"> [\u2026]<\/span><\/p>\n","protected":false},"featured_media":0,"template":"","meta":{"_monsterinsights_skip_tracking":false,"_monsterinsights_sitenote_active":false,"_monsterinsights_sitenote_note":"","_monsterinsights_sitenote_category":0},"product_brand":[],"product_cat":[13946,12304],"product_tag":[],"class_list":{"0":"post-704355","1":"product","2":"type-product","3":"status-publish","5":"product_cat-biyografi-otobiyografi","6":"product_cat-tarih","7":"pa_cilt-ciltsiz","8":"pa_tur-kitap","9":"pa_yayinevi-inkilap-kitabevi","10":"pa_yazar-feyza-altun","12":"first","13":"instock","14":"sale","15":"shipping-taxable","16":"purchasable","17":"product-type-simple"},"_links":{"self":[{"href":"https:\/\/roveyayinevi.com.tr\/index.php\/wp-json\/wp\/v2\/product\/704355","targetHints":{"allow":["GET"]}}],"collection":[{"href":"https:\/\/roveyayinevi.com.tr\/index.php\/wp-json\/wp\/v2\/product"}],"about":[{"href":"https:\/\/roveyayinevi.com.tr\/index.php\/wp-json\/wp\/v2\/types\/product"}],"wp:attachment":[{"href":"https:\/\/roveyayinevi.com.tr\/index.php\/wp-json\/wp\/v2\/media?parent=704355"}],"wp:term":[{"taxonomy":"product_brand","embeddable":true,"href":"https:\/\/roveyayinevi.com.tr\/index.php\/wp-json\/wp\/v2\/product_brand?post=704355"},{"taxonomy":"product_cat","embeddable":true,"href":"https:\/\/roveyayinevi.com.tr\/index.php\/wp-json\/wp\/v2\/product_cat?post=704355"},{"taxonomy":"product_tag","embeddable":true,"href":"https:\/\/roveyayinevi.com.tr\/index.php\/wp-json\/wp\/v2\/product_tag?post=704355"}],"curies":[{"name":"wp","href":"https:\/\/api.w.org\/{rel}","templated":true}]}}