{"id":704352,"date":"2025-08-27T15:34:31","date_gmt":"2025-08-27T12:34:31","guid":{"rendered":"https:\/\/roveyayinevi.com.tr\/index.php\/urun\/stilistlik\/"},"modified":"2026-04-12T02:15:51","modified_gmt":"2026-04-11T23:15:51","slug":"stilistlik","status":"publish","type":"product","link":"https:\/\/roveyayinevi.com.tr\/index.php\/urun\/stilistlik\/","title":{"rendered":"Stilistlik"},"content":{"rendered":"<p>Moda yal\u0131n ve \u00e7o\u011fu zaman u\u00e7uk bir ruhun g\u00fcl\u00fcmseyi\u015fidir.Yarat\u0131c\u0131l\u0131\u011f\u0131n k\u0131vrak \u00e7izgilerle valsidir.Bazen 60\u2019lar\u0131n 70\u2019lerin geri d\u00f6n\u00fc\u015f\u00fcd\u00fcr.Soluk bir foto\u011frafta de\u011fi\u015fimin i\u00e7ine yeniden do\u011fmakt\u0131r.Kap\u0131l\u0131p gidilir girdab\u0131na. Uzay\u0131n sonsuzlu\u011funda, Uzak do\u011fu\u2019nun gizinde i\u00e7ine do\u011fru \u0131\u015f\u0131nlar moda. Kontrastlar\u0131n bulu\u015ftu\u011fu baroktan rokokoya uzanan yolda misafiridir moda. Tasar\u0131m\u0131n i\u00e7te ruhu belirir. \u0130nce sil\u00fcetler anlam kazan\u0131r heyecanla. Ser\u00fcvene dalars\u0131n\u0131z bu yolculu\u011funuzla.Kendi \u00f6z\u00fcne bakars\u0131n\u0131z modada,bazen denizin mavili\u011finden s\u0131yr\u0131l\u0131r,masum melekte vah\u015fi \u015feytandan al\u0131r ilham\u0131n\u0131, sarar bedeni ba\u015ftan ba\u015fa   Sevin\u00e7tir,emektir,estetiktir,g\u00f6kku\u015fa\u011f\u0131ndaki t\u00fcm renklerdir moda. <\/p>\n","protected":false},"excerpt":{"rendered":"<p>Moda yal\u0131n ve \u00e7o\u011fu zaman u\u00e7uk bir ruhun g\u00fcl\u00fcmseyi\u015fidir.Yarat\u0131c\u0131l\u0131\u011f\u0131n k\u0131vrak \u00e7izgilerle valsidir.Bazen 60\u2019lar\u0131n 70\u2019lerin geri d\u00f6n\u00fc\u015f\u00fcd\u00fcr.Soluk bir foto\u011frafta de\u011fi\u015fimin i\u00e7ine yeniden do\u011fmakt\u0131r.Kap\u0131l\u0131p gidilir girdab\u0131na. Uzay\u0131n sonsuzlu\u011funda,<span class=\"excerpt-hellip\"> [\u2026]<\/span><\/p>\n","protected":false},"featured_media":0,"template":"","meta":{"_monsterinsights_skip_tracking":false,"_monsterinsights_sitenote_active":false,"_monsterinsights_sitenote_note":"","_monsterinsights_sitenote_category":0},"product_brand":[],"product_cat":[15563,31980],"product_tag":[],"class_list":{"0":"post-704352","1":"product","2":"type-product","3":"status-publish","5":"product_cat-hobi","6":"product_cat-moda","7":"pa_cilt-ciltsiz","8":"pa_tur-kitap","9":"pa_yayinevi-say-yayinlari","10":"pa_yazar-naciye-bas","12":"first","13":"instock","14":"sale","15":"shipping-taxable","16":"purchasable","17":"product-type-simple"},"_links":{"self":[{"href":"https:\/\/roveyayinevi.com.tr\/index.php\/wp-json\/wp\/v2\/product\/704352","targetHints":{"allow":["GET"]}}],"collection":[{"href":"https:\/\/roveyayinevi.com.tr\/index.php\/wp-json\/wp\/v2\/product"}],"about":[{"href":"https:\/\/roveyayinevi.com.tr\/index.php\/wp-json\/wp\/v2\/types\/product"}],"wp:attachment":[{"href":"https:\/\/roveyayinevi.com.tr\/index.php\/wp-json\/wp\/v2\/media?parent=704352"}],"wp:term":[{"taxonomy":"product_brand","embeddable":true,"href":"https:\/\/roveyayinevi.com.tr\/index.php\/wp-json\/wp\/v2\/product_brand?post=704352"},{"taxonomy":"product_cat","embeddable":true,"href":"https:\/\/roveyayinevi.com.tr\/index.php\/wp-json\/wp\/v2\/product_cat?post=704352"},{"taxonomy":"product_tag","embeddable":true,"href":"https:\/\/roveyayinevi.com.tr\/index.php\/wp-json\/wp\/v2\/product_tag?post=704352"}],"curies":[{"name":"wp","href":"https:\/\/api.w.org\/{rel}","templated":true}]}}