{"id":704349,"date":"2025-08-27T15:34:30","date_gmt":"2025-08-27T12:34:30","guid":{"rendered":"https:\/\/roveyayinevi.com.tr\/index.php\/urun\/anneannemin-kuyruklu-yildizi\/"},"modified":"2026-04-16T02:13:25","modified_gmt":"2026-04-15T23:13:25","slug":"anneannemin-kuyruklu-yildizi","status":"publish","type":"product","link":"https:\/\/roveyayinevi.com.tr\/index.php\/urun\/anneannemin-kuyruklu-yildizi\/","title":{"rendered":"Anneannemin Kuyruklu Y\u0131ld\u0131z\u0131"},"content":{"rendered":"<p>Babamla baz\u0131 pazar g\u00fcnleri bitpazar\u0131na gideriz. \u00c7ok de\u011fil, y\u0131lda birka\u00e7 kez. Babam, orada sat\u0131lan \u015feylerin \u00f6n\u00fcnde durur, uzun uzun bakar, sonra bana: -Kimbilir bunu kimler kullanm\u0131\u015ft\u0131 Metin, der. Acaba yeniyken nas\u0131ld\u0131? Sonra ni\u00e7in buraya d\u00fc\u015ft\u00fc? babam bitpazar\u0131ndan bazen kitaplar, bazen de onar\u0131m aletleri sat\u0131n al\u0131r. Penseler, tornavidalar, kerpetenler, \u00e7eki\u00e7ler. Onlar\u0131 evde birtak\u0131m \u015feyleri onar\u0131rken kullan\u0131r. Bir kezinde benim odam i\u00e7in k\u00fc\u00e7\u00fcc\u00fck bir dolap ald\u0131. <\/p>\n","protected":false},"excerpt":{"rendered":"<p>Babamla baz\u0131 pazar g\u00fcnleri bitpazar\u0131na gideriz. \u00c7ok de\u011fil, y\u0131lda birka\u00e7 kez. Babam, orada sat\u0131lan \u015feylerin \u00f6n\u00fcnde durur, uzun uzun bakar, sonra bana: -Kimbilir bunu kimler kullanm\u0131\u015ft\u0131<span class=\"excerpt-hellip\"> [\u2026]<\/span><\/p>\n","protected":false},"featured_media":0,"template":"","meta":{"_monsterinsights_skip_tracking":false,"_monsterinsights_sitenote_active":false,"_monsterinsights_sitenote_note":"","_monsterinsights_sitenote_category":0},"product_brand":[],"product_cat":[12274,12284],"product_tag":[],"class_list":{"0":"post-704349","1":"product","2":"type-product","3":"status-publish","5":"product_cat-cocuk-ve-genclik-kitaplari","6":"product_cat-hikayeler","7":"pa_cilt-ciltsiz","8":"pa_tur-kitap","9":"pa_yayinevi-bilgi-yayinevi-cocuk","10":"pa_yazar-muzaffer-izgu","12":"first","13":"instock","14":"sale","15":"shipping-taxable","16":"purchasable","17":"product-type-simple"},"_links":{"self":[{"href":"https:\/\/roveyayinevi.com.tr\/index.php\/wp-json\/wp\/v2\/product\/704349","targetHints":{"allow":["GET"]}}],"collection":[{"href":"https:\/\/roveyayinevi.com.tr\/index.php\/wp-json\/wp\/v2\/product"}],"about":[{"href":"https:\/\/roveyayinevi.com.tr\/index.php\/wp-json\/wp\/v2\/types\/product"}],"wp:attachment":[{"href":"https:\/\/roveyayinevi.com.tr\/index.php\/wp-json\/wp\/v2\/media?parent=704349"}],"wp:term":[{"taxonomy":"product_brand","embeddable":true,"href":"https:\/\/roveyayinevi.com.tr\/index.php\/wp-json\/wp\/v2\/product_brand?post=704349"},{"taxonomy":"product_cat","embeddable":true,"href":"https:\/\/roveyayinevi.com.tr\/index.php\/wp-json\/wp\/v2\/product_cat?post=704349"},{"taxonomy":"product_tag","embeddable":true,"href":"https:\/\/roveyayinevi.com.tr\/index.php\/wp-json\/wp\/v2\/product_tag?post=704349"}],"curies":[{"name":"wp","href":"https:\/\/api.w.org\/{rel}","templated":true}]}}