{"id":704345,"date":"2025-08-27T15:34:28","date_gmt":"2025-08-27T12:34:28","guid":{"rendered":"https:\/\/roveyayinevi.com.tr\/index.php\/urun\/anneannemin-bebegi\/"},"modified":"2026-04-16T02:13:25","modified_gmt":"2026-04-15T23:13:25","slug":"anneannemin-bebegi","status":"publish","type":"product","link":"https:\/\/roveyayinevi.com.tr\/index.php\/urun\/anneannemin-bebegi\/","title":{"rendered":"Anneannemin Bebe\u011fi"},"content":{"rendered":"<p>Bizim evde gazeteyi en sonra anneannem okur. Gazeteyi her g\u00fcn bakkaldan ben al\u0131r\u0131m. Eve gelince \u015f\u00f6yle bir bakar\u0131m. Bazen ablam elimden almak ister, biraz tart\u0131\u015f\u0131r\u0131z. Ablam da \u015f\u00f6yle bir bakar. Okuldan gelince gazeteyi bir kez daha elime al\u0131r\u0131m. Baz\u0131 yerlerini okurum, foto\u011fraflar\u0131na bakar\u0131m. Ablam\u0131n okumas\u0131 yar\u0131m saati ge\u00e7er&#8230; \ufffc<\/p>\n","protected":false},"excerpt":{"rendered":"<p>Bizim evde gazeteyi en sonra anneannem okur. Gazeteyi her g\u00fcn bakkaldan ben al\u0131r\u0131m. Eve gelince \u015f\u00f6yle bir bakar\u0131m. Bazen ablam elimden almak ister, biraz tart\u0131\u015f\u0131r\u0131z. Ablam<span class=\"excerpt-hellip\"> [\u2026]<\/span><\/p>\n","protected":false},"featured_media":0,"template":"","meta":{"_monsterinsights_skip_tracking":false,"_monsterinsights_sitenote_active":false,"_monsterinsights_sitenote_note":"","_monsterinsights_sitenote_category":0},"product_brand":[],"product_cat":[12274,12284],"product_tag":[],"class_list":{"0":"post-704345","1":"product","2":"type-product","3":"status-publish","5":"product_cat-cocuk-ve-genclik-kitaplari","6":"product_cat-hikayeler","7":"pa_cilt-ciltsiz","8":"pa_tur-kitap","9":"pa_yayinevi-bilgi-yayinevi-cocuk","10":"pa_yazar-muzaffer-izgu","12":"first","13":"instock","14":"sale","15":"shipping-taxable","16":"purchasable","17":"product-type-simple"},"_links":{"self":[{"href":"https:\/\/roveyayinevi.com.tr\/index.php\/wp-json\/wp\/v2\/product\/704345","targetHints":{"allow":["GET"]}}],"collection":[{"href":"https:\/\/roveyayinevi.com.tr\/index.php\/wp-json\/wp\/v2\/product"}],"about":[{"href":"https:\/\/roveyayinevi.com.tr\/index.php\/wp-json\/wp\/v2\/types\/product"}],"wp:attachment":[{"href":"https:\/\/roveyayinevi.com.tr\/index.php\/wp-json\/wp\/v2\/media?parent=704345"}],"wp:term":[{"taxonomy":"product_brand","embeddable":true,"href":"https:\/\/roveyayinevi.com.tr\/index.php\/wp-json\/wp\/v2\/product_brand?post=704345"},{"taxonomy":"product_cat","embeddable":true,"href":"https:\/\/roveyayinevi.com.tr\/index.php\/wp-json\/wp\/v2\/product_cat?post=704345"},{"taxonomy":"product_tag","embeddable":true,"href":"https:\/\/roveyayinevi.com.tr\/index.php\/wp-json\/wp\/v2\/product_tag?post=704345"}],"curies":[{"name":"wp","href":"https:\/\/api.w.org\/{rel}","templated":true}]}}