{"id":704341,"date":"2025-08-27T15:34:26","date_gmt":"2025-08-27T12:34:26","guid":{"rendered":"https:\/\/roveyayinevi.com.tr\/index.php\/urun\/tiyatronun-perde-arkasi\/"},"modified":"2025-11-22T03:38:02","modified_gmt":"2025-11-22T00:38:02","slug":"tiyatronun-perde-arkasi","status":"publish","type":"product","link":"https:\/\/roveyayinevi.com.tr\/index.php\/urun\/tiyatronun-perde-arkasi\/","title":{"rendered":"Tiyatronun Perde Arkas\u0131"},"content":{"rendered":"<p>\u015eiirlerinde Mayakowskiy ile Sergey Yegesin\u2019in tesirinde kald\u0131\u011f\u0131 s\u00f6ylenen Naz\u0131m Hikmet de 1930\u2019larda T\u00fcrk film piyasas\u0131nda y\u0131llarca Muhsin Ertu\u011frul ile \u00e7al\u0131\u015fm\u0131\u015f ve \u2018M\u00fcmtaz Osman\u2019 takma ad\u0131 ile yabanc\u0131 eserlerden kopya etti\u011fi bir\u00e7ok senaryosu filme al\u0131nm\u0131\u015ft\u0131r. Baz\u0131lar\u0131:Naz\u0131m Hikmet \u2018Fena yol\u2019 filminin senaryosunu Grigorios Ksenopulos\u2019un O Kakos Dhromos roman\u0131ndan; \u2018K\u0131skan\u00e7\u2019 filminin senaryosunu \u2018Eifersuct\u2019 filminden;\u2018S\u00f6z Bir Allah Bir\u2019 filminin senaryosunu Maurice Hennequin ve Pierre Veber\u2019in \u2018Et moi j\u2019t dis quelle t\u2019a fait de L\u2019oeil\u2019 isimli piyesinden; \u2018Milyon Avc\u0131lar\u0131\u2019 filminin senaryosunu Max Neufeld\u2019in \u2018\u015eehnsucht 202 filminden; \u2018Aysel Batakl\u0131 Dam\u0131n K\u0131z\u0131\u2019 filminin senaryosunu Selma Legarl\u00f6f\u2019\u00fcn \u2018T\u00f6sen Fran Stormyrtorpet\u2019 adl\u0131 hik\u00e2yesinden;\u2019Leblebici Horhor A\u011fa\u2019 filminin senaryosunu Tekfon Nalyan ve Dikran \u00c7uhac\u0131yan\u2019\u0131n yazd\u0131\u011f\u0131 operetten;\u2018Tosun Pa\u015fa\u2019 filminin senaryosunu Jean de Letraz\u2019\u0131n \u2018Le Bichon\u2019 adl\u0131 piyesinden; \u2018\u015eehvet Kurban\u0131\u2019n\u0131n senaryosunu da V\u0131ctor Fleming\u2019in \u2018The Way of All Flesh\u2019 filminden kopya etmi\u015ftir. \ufffcTan\u0131t\u0131m Metni<\/p>\n","protected":false},"excerpt":{"rendered":"<p>\u015eiirlerinde Mayakowskiy ile Sergey Yegesin\u2019in tesirinde kald\u0131\u011f\u0131 s\u00f6ylenen Naz\u0131m Hikmet de 1930\u2019larda T\u00fcrk film piyasas\u0131nda y\u0131llarca Muhsin Ertu\u011frul ile \u00e7al\u0131\u015fm\u0131\u015f ve \u2018M\u00fcmtaz Osman\u2019 takma ad\u0131 ile<span class=\"excerpt-hellip\"> [\u2026]<\/span><\/p>\n","protected":false},"featured_media":0,"template":"","meta":{"_monsterinsights_skip_tracking":false,"_monsterinsights_sitenote_active":false,"_monsterinsights_sitenote_note":"","_monsterinsights_sitenote_category":0},"product_brand":[],"product_cat":[13021,12408],"product_tag":[],"class_list":{"0":"post-704341","1":"product","2":"type-product","3":"status-publish","5":"product_cat-sahne-sanatlari","6":"product_cat-sanat","7":"pa_cilt-ciltsiz","8":"pa_tur-kitap","9":"pa_yayinevi-edge-akademi","10":"pa_yazar-ali-yuruk","12":"first","13":"instock","14":"sale","15":"shipping-taxable","16":"purchasable","17":"product-type-simple"},"_links":{"self":[{"href":"https:\/\/roveyayinevi.com.tr\/index.php\/wp-json\/wp\/v2\/product\/704341","targetHints":{"allow":["GET"]}}],"collection":[{"href":"https:\/\/roveyayinevi.com.tr\/index.php\/wp-json\/wp\/v2\/product"}],"about":[{"href":"https:\/\/roveyayinevi.com.tr\/index.php\/wp-json\/wp\/v2\/types\/product"}],"wp:attachment":[{"href":"https:\/\/roveyayinevi.com.tr\/index.php\/wp-json\/wp\/v2\/media?parent=704341"}],"wp:term":[{"taxonomy":"product_brand","embeddable":true,"href":"https:\/\/roveyayinevi.com.tr\/index.php\/wp-json\/wp\/v2\/product_brand?post=704341"},{"taxonomy":"product_cat","embeddable":true,"href":"https:\/\/roveyayinevi.com.tr\/index.php\/wp-json\/wp\/v2\/product_cat?post=704341"},{"taxonomy":"product_tag","embeddable":true,"href":"https:\/\/roveyayinevi.com.tr\/index.php\/wp-json\/wp\/v2\/product_tag?post=704341"}],"curies":[{"name":"wp","href":"https:\/\/api.w.org\/{rel}","templated":true}]}}