{"id":704337,"date":"2025-08-27T15:34:24","date_gmt":"2025-08-27T12:34:24","guid":{"rendered":"https:\/\/roveyayinevi.com.tr\/index.php\/urun\/7den-70e-beyin-jimnastigi-3\/"},"modified":"2026-04-16T02:13:24","modified_gmt":"2026-04-15T23:13:24","slug":"7den-70e-beyin-jimnastigi-3","status":"publish","type":"product","link":"https:\/\/roveyayinevi.com.tr\/index.php\/urun\/7den-70e-beyin-jimnastigi-3\/","title":{"rendered":"7&#8217;den 70&#8217;e Beyin Jimnasti\u011fi &#8211; 3"},"content":{"rendered":"<p>Bu kitap; gencinden ya\u015fl\u0131s\u0131na, \u00f6\u011frencisinden \u00f6\u011fretmenine, merakl\u0131s\u0131ndan \u015f\u00f6yle bir bakt\u0131m diyenine, k\u0131sacas\u0131 yediden yetmi\u015fe beynini \u00e7al\u0131\u015ft\u0131rmak isteyen herkese uygun haz\u0131rlanm\u0131\u015ft\u0131r.Bu kitapta bazen kelimelerin sihirli d\u00fcnyas\u0131na yolculuk edecek, kimi zaman say\u0131lar\u0131n gizemli hayatlar\u0131na misafir olacak, bazen de beklenmedik bir cevap kar\u015f\u0131s\u0131nda \u015fa\u015fk\u0131nl\u0131\u011f\u0131n\u0131z\u0131 gizleyemeyeceksiniz. Baz\u0131 zamanlarda ise; size s\u0131radan gelen bir sorunun s\u0131ra d\u0131\u015f\u0131 \u00e7\u00f6z\u00fcm\u00fcn\u00fc ya da s\u0131ra d\u0131\u015f\u0131 gelen bir sorunun s\u0131radan \u00e7\u00f6z\u00fcm\u00fcn\u00fc bulacak ve kendinizle gurur duyacaks\u0131n\u0131z. Haydi, hep beraber beyin jimnasti\u011fine&#8230; \ufffcTan\u0131t\u0131m Metni<\/p>\n","protected":false},"excerpt":{"rendered":"<p>Bu kitap; gencinden ya\u015fl\u0131s\u0131na, \u00f6\u011frencisinden \u00f6\u011fretmenine, merakl\u0131s\u0131ndan \u015f\u00f6yle bir bakt\u0131m diyenine, k\u0131sacas\u0131 yediden yetmi\u015fe beynini \u00e7al\u0131\u015ft\u0131rmak isteyen herkese uygun haz\u0131rlanm\u0131\u015ft\u0131r.Bu kitapta bazen kelimelerin sihirli d\u00fcnyas\u0131na yolculuk<span class=\"excerpt-hellip\"> [\u2026]<\/span><\/p>\n","protected":false},"featured_media":0,"template":"","meta":{"_monsterinsights_skip_tracking":false,"_monsterinsights_sitenote_active":false,"_monsterinsights_sitenote_note":"","_monsterinsights_sitenote_category":0},"product_brand":[],"product_cat":[12274,24599],"product_tag":[],"class_list":{"0":"post-704337","1":"product","2":"type-product","3":"status-publish","5":"product_cat-cocuk-ve-genclik-kitaplari","6":"product_cat-zeka-gelisimi","7":"pa_cilt-ciltsiz","8":"pa_tur-kitap","9":"pa_yayinevi-ugurbocegi-yayinlari","10":"pa_yazar-zubeyde-kocak","12":"first","13":"instock","14":"sale","15":"shipping-taxable","16":"purchasable","17":"product-type-simple"},"_links":{"self":[{"href":"https:\/\/roveyayinevi.com.tr\/index.php\/wp-json\/wp\/v2\/product\/704337","targetHints":{"allow":["GET"]}}],"collection":[{"href":"https:\/\/roveyayinevi.com.tr\/index.php\/wp-json\/wp\/v2\/product"}],"about":[{"href":"https:\/\/roveyayinevi.com.tr\/index.php\/wp-json\/wp\/v2\/types\/product"}],"wp:attachment":[{"href":"https:\/\/roveyayinevi.com.tr\/index.php\/wp-json\/wp\/v2\/media?parent=704337"}],"wp:term":[{"taxonomy":"product_brand","embeddable":true,"href":"https:\/\/roveyayinevi.com.tr\/index.php\/wp-json\/wp\/v2\/product_brand?post=704337"},{"taxonomy":"product_cat","embeddable":true,"href":"https:\/\/roveyayinevi.com.tr\/index.php\/wp-json\/wp\/v2\/product_cat?post=704337"},{"taxonomy":"product_tag","embeddable":true,"href":"https:\/\/roveyayinevi.com.tr\/index.php\/wp-json\/wp\/v2\/product_tag?post=704337"}],"curies":[{"name":"wp","href":"https:\/\/api.w.org\/{rel}","templated":true}]}}